{"id":37856,"date":"2025-04-09T10:31:37","date_gmt":"2025-04-09T14:31:37","guid":{"rendered":"https:\/\/poklib.org\/lectura-de-verano\/"},"modified":"2026-04-23T16:14:33","modified_gmt":"2026-04-23T20:14:33","slug":"lectura-de-verano","status":"publish","type":"page","link":"https:\/\/poklib.org\/es\/lectura-de-verano\/","title":{"rendered":"Lectura de verano"},"content":{"rendered":"<p><div class=\"fusion-fullwidth fullwidth-box fusion-builder-row-1 fusion-flex-container has-pattern-background has-mask-background nonhundred-percent-fullwidth non-hundred-percent-height-scrolling\" style=\"--awb-border-radius-top-left:0px;--awb-border-radius-top-right:0px;--awb-border-radius-bottom-right:0px;--awb-border-radius-bottom-left:0px;--awb-flex-wrap:wrap;\" ><div class=\"fusion-builder-row fusion-row fusion-flex-align-items-flex-start fusion-flex-content-wrap\" style=\"max-width:1122px;margin-left: calc(-2% \/ 2 );margin-right: calc(-2% \/ 2 );\"><div class=\"fusion-layout-column fusion_builder_column fusion-builder-column-0 fusion_builder_column_1_1 1_1 fusion-flex-column\" style=\"--awb-bg-size:cover;--awb-width-large:100%;--awb-margin-top-large:0px;--awb-spacing-right-large:0.98%;--awb-margin-bottom-large:20px;--awb-spacing-left-large:0.98%;--awb-width-medium:100%;--awb-order-medium:0;--awb-spacing-right-medium:0.98%;--awb-spacing-left-medium:0.98%;--awb-width-small:100%;--awb-order-small:0;--awb-spacing-right-small:0.98%;--awb-spacing-left-small:0.98%;\"><div class=\"fusion-column-wrapper fusion-column-has-shadow fusion-flex-justify-content-flex-start fusion-content-layout-column\"><div class=\"fusion-image-element \" style=\"text-align:center;--awb-caption-title-font-family:var(--h2_typography-font-family);--awb-caption-title-font-weight:var(--h2_typography-font-weight);--awb-caption-title-font-style:var(--h2_typography-font-style);--awb-caption-title-size:var(--h2_typography-font-size);--awb-caption-title-transform:var(--h2_typography-text-transform);--awb-caption-title-line-height:var(--h2_typography-line-height);--awb-caption-title-letter-spacing:var(--h2_typography-letter-spacing);\"><span class=\" fusion-imageframe imageframe-none imageframe-1 hover-type-none\"><img decoding=\"async\" width=\"1200\" height=\"250\" title=\"Banner web SRP 2026v2\" src=\"https:\/\/i0.wp.com\/poklib.org\/wp-content\/uploads\/Web-banner-SRP-2026v2.png?fit=1200%2C250&quality=79&ssl=1\" data-orig-src=\"https:\/\/poklib.org\/wp-content\/uploads\/Web-banner-SRP-2026v2.png\" alt class=\"lazyload img-responsive wp-image-41337\" srcset=\"data:image\/svg+xml,%3Csvg%20xmlns%3D%27http%3A%2F%2Fwww.w3.org%2F2000%2Fsvg%27%20width%3D%271200%27%20height%3D%27250%27%20viewBox%3D%270%200%201200%20250%27%3E%3Crect%20width%3D%271200%27%20height%3D%27250%27%20fill-opacity%3D%220%22%2F%3E%3C%2Fsvg%3E\" data-srcset=\"https:\/\/i0.wp.com\/poklib.org\/wp-content\/uploads\/Web-banner-SRP-2026v2.png?resize=200%2C42&amp;quality=79&amp;ssl=1 200w, https:\/\/i0.wp.com\/poklib.org\/wp-content\/uploads\/Web-banner-SRP-2026v2.png?resize=400%2C83&amp;quality=79&amp;ssl=1 400w, https:\/\/i0.wp.com\/poklib.org\/wp-content\/uploads\/Web-banner-SRP-2026v2.png?resize=600%2C125&amp;quality=79&amp;ssl=1 600w, https:\/\/i0.wp.com\/poklib.org\/wp-content\/uploads\/Web-banner-SRP-2026v2.png?resize=768%2C160&amp;quality=79&amp;ssl=1 768w, https:\/\/i0.wp.com\/poklib.org\/wp-content\/uploads\/Web-banner-SRP-2026v2.png?resize=800%2C167&amp;quality=79&amp;ssl=1 800w, https:\/\/i0.wp.com\/poklib.org\/wp-content\/uploads\/Web-banner-SRP-2026v2.png?fit=1200%2C250&amp;quality=79&amp;ssl=1 1200w\" data-sizes=\"auto\" data-orig-sizes=\"(max-width: 1024px) 100vw, (max-width: 640px) 100vw, 1200px\" \/><\/span><\/div><\/div><\/div><\/div><\/div><div class=\"fusion-fullwidth fullwidth-box fusion-builder-row-2 fusion-flex-container has-pattern-background has-mask-background nonhundred-percent-fullwidth non-hundred-percent-height-scrolling\" style=\"--awb-border-radius-top-left:0px;--awb-border-radius-top-right:0px;--awb-border-radius-bottom-right:0px;--awb-border-radius-bottom-left:0px;--awb-flex-wrap:wrap;\" ><div class=\"fusion-builder-row fusion-row fusion-flex-align-items-flex-start fusion-flex-content-wrap\" style=\"max-width:1122px;margin-left: calc(-2% \/ 2 );margin-right: calc(-2% \/ 2 );\"><div class=\"fusion-layout-column fusion_builder_column fusion-builder-column-1 fusion_builder_column_1_1 1_1 fusion-flex-column\" style=\"--awb-bg-size:cover;--awb-width-large:100%;--awb-margin-top-large:0px;--awb-spacing-right-large:0.98%;--awb-margin-bottom-large:20px;--awb-spacing-left-large:0.98%;--awb-width-medium:100%;--awb-order-medium:0;--awb-spacing-right-medium:0.98%;--awb-spacing-left-medium:0.98%;--awb-width-small:100%;--awb-order-small:0;--awb-spacing-right-small:0.98%;--awb-spacing-left-small:0.98%;\"><div class=\"fusion-column-wrapper fusion-column-has-shadow fusion-flex-justify-content-flex-start fusion-content-layout-column\"><div class=\"fusion-title title fusion-title-1 fusion-sep-none fusion-title-text fusion-title-size-one\" style=\"--awb-text-color:#be1b83;--awb-margin-top-small:10px;--awb-margin-right-small:0px;--awb-margin-bottom-small:10px;--awb-margin-left-small:0px;\"><h1 class=\"fusion-title-heading title-heading-left\" style=\"font-family:Arial, Helvetica, sans-serif;font-style:italic;font-weight:700;margin:0;\">Para ni\u00f1os:<\/h1><\/div><div class=\"fusion-text fusion-text-1\"><p>Inscr\u00edbete en el acto inaugural del s\u00e1bado 27 de junio, de 10.00 a 12.00 h, en Adriance, o en el mostrador infantil de Adriance, Rover, o en la caja de Boardman despu\u00e9s del acto inaugural. Cuando te inscribas, recibir\u00e1s un registro de lectura, un l\u00e1piz, un marcap\u00e1ginas y una bolsa (hasta agotar existencias). <\/p>\n<p>Para completar el registro de lectura, rellena una burbuja por cada <strong>10 minutos<\/strong> que leas. Cuando hayas rellenado todas las burbujas, \u00a1simplemente trae tu hoja a la biblioteca!  All\u00ed participar\u00e1s en un sorteo de premios incre\u00edbles y tambi\u00e9n jugar\u00e1s al Plinko para ganar un peque\u00f1o premio al devolver tu tronco.  <strong>El \u00faltimo d\u00eda para entregar tu registro de lectura es el viernes 14 de agosto.<\/strong><\/p>\n<\/div><\/div><\/div><\/div><\/div><div class=\"fusion-fullwidth fullwidth-box fusion-builder-row-3 fusion-flex-container has-pattern-background has-mask-background nonhundred-percent-fullwidth non-hundred-percent-height-scrolling\" style=\"--awb-border-radius-top-left:0px;--awb-border-radius-top-right:0px;--awb-border-radius-bottom-right:0px;--awb-border-radius-bottom-left:0px;--awb-flex-wrap:wrap;\" ><div class=\"fusion-builder-row fusion-row fusion-flex-align-items-flex-start fusion-flex-content-wrap\" style=\"max-width:1122px;margin-left: calc(-2% \/ 2 );margin-right: calc(-2% \/ 2 );\"><div class=\"fusion-layout-column fusion_builder_column fusion-builder-column-2 fusion_builder_column_1_1 1_1 fusion-flex-column\" style=\"--awb-bg-size:cover;--awb-width-large:100%;--awb-margin-top-large:0px;--awb-spacing-right-large:0.98%;--awb-margin-bottom-large:20px;--awb-spacing-left-large:0.98%;--awb-width-medium:100%;--awb-order-medium:0;--awb-spacing-right-medium:0.98%;--awb-spacing-left-medium:0.98%;--awb-width-small:100%;--awb-order-small:0;--awb-spacing-right-small:0.98%;--awb-spacing-left-small:0.98%;\"><div class=\"fusion-column-wrapper fusion-column-has-shadow fusion-flex-justify-content-flex-start fusion-content-layout-column\"><div class=\"fusion-separator fusion-full-width-sep\" style=\"align-self: center;margin-left: auto;margin-right: auto;width:100%;\"><div class=\"fusion-separator-border sep-single sep-solid\" style=\"--awb-height:20px;--awb-amount:20px;--awb-sep-color:#1e9848;border-color:#1e9848;border-top-width:1px;\"><\/div><\/div><\/div><\/div><\/div><\/div><div class=\"fusion-fullwidth fullwidth-box fusion-builder-row-4 fusion-flex-container has-pattern-background has-mask-background nonhundred-percent-fullwidth non-hundred-percent-height-scrolling\" style=\"--awb-border-radius-top-left:0px;--awb-border-radius-top-right:0px;--awb-border-radius-bottom-right:0px;--awb-border-radius-bottom-left:0px;--awb-flex-wrap:wrap;\" ><div class=\"fusion-builder-row fusion-row fusion-flex-align-items-flex-start fusion-flex-content-wrap\" style=\"max-width:1122px;margin-left: calc(-2% \/ 2 );margin-right: calc(-2% \/ 2 );\"><div class=\"fusion-layout-column fusion_builder_column fusion-builder-column-3 fusion_builder_column_1_1 1_1 fusion-flex-column\" style=\"--awb-bg-size:cover;--awb-width-large:100%;--awb-margin-top-large:0px;--awb-spacing-right-large:0.98%;--awb-margin-bottom-large:20px;--awb-spacing-left-large:0.98%;--awb-width-medium:100%;--awb-order-medium:0;--awb-spacing-right-medium:0.98%;--awb-spacing-left-medium:0.98%;--awb-width-small:100%;--awb-order-small:0;--awb-spacing-right-small:0.98%;--awb-spacing-left-small:0.98%;\"><div class=\"fusion-column-wrapper fusion-column-has-shadow fusion-flex-justify-content-flex-start fusion-content-layout-column\"><div class=\"fusion-title title fusion-title-2 fusion-sep-none fusion-title-text fusion-title-size-one\" style=\"--awb-text-color:#be1b83;--awb-margin-top-small:10px;--awb-margin-right-small:0px;--awb-margin-bottom-small:10px;--awb-margin-left-small:0px;\"><h1 class=\"fusion-title-heading title-heading-left\" style=\"font-family:Arial, Helvetica, sans-serif;font-style:italic;font-weight:700;margin:0;\">Para adolescentes:<\/h1><\/div><div class=\"fusion-text fusion-text-2\"><p>\u00danete a nosotros e inscr\u00edbete en el Inicio para Adolescentes el s\u00e1bado 20 de junio. Participa en la lectura y gana fant\u00e1sticos premios del 20 de junio al 14 de agosto. Por <strong>cada 100 p\u00e1ginas le\u00eddas o asistencia a un programa para adolescentes<\/strong> se ganar\u00e1 una participaci\u00f3n en el sorteo de premios, que se celebrar\u00e1 en agosto.  El manga y las novelas gr\u00e1ficas cuentan para los objetivos de lectura.  <strong>La \u00faltima inscripci\u00f3n debe recibirse antes del viernes 14 de agosto.<\/strong><\/p>\n<\/div><\/div><\/div><\/div><\/div><div class=\"fusion-fullwidth fullwidth-box fusion-builder-row-5 fusion-flex-container has-pattern-background has-mask-background nonhundred-percent-fullwidth non-hundred-percent-height-scrolling\" style=\"--awb-border-radius-top-left:0px;--awb-border-radius-top-right:0px;--awb-border-radius-bottom-right:0px;--awb-border-radius-bottom-left:0px;--awb-flex-wrap:wrap;\" ><div class=\"fusion-builder-row fusion-row fusion-flex-align-items-flex-start fusion-flex-content-wrap\" style=\"max-width:1122px;margin-left: calc(-2% \/ 2 );margin-right: calc(-2% \/ 2 );\"><div class=\"fusion-layout-column fusion_builder_column fusion-builder-column-4 fusion_builder_column_1_1 1_1 fusion-flex-column\" style=\"--awb-bg-size:cover;--awb-width-large:100%;--awb-margin-top-large:0px;--awb-spacing-right-large:0.98%;--awb-margin-bottom-large:20px;--awb-spacing-left-large:0.98%;--awb-width-medium:100%;--awb-order-medium:0;--awb-spacing-right-medium:0.98%;--awb-spacing-left-medium:0.98%;--awb-width-small:100%;--awb-order-small:0;--awb-spacing-right-small:0.98%;--awb-spacing-left-small:0.98%;\"><div class=\"fusion-column-wrapper fusion-column-has-shadow fusion-flex-justify-content-flex-start fusion-content-layout-column\"><div class=\"fusion-separator fusion-full-width-sep\" style=\"align-self: center;margin-left: auto;margin-right: auto;width:100%;\"><div class=\"fusion-separator-border sep-single sep-solid\" style=\"--awb-height:20px;--awb-amount:20px;--awb-sep-color:#1e9848;border-color:#1e9848;border-top-width:1px;\"><\/div><\/div><\/div><\/div><\/div><\/div><div class=\"fusion-fullwidth fullwidth-box fusion-builder-row-6 fusion-flex-container has-pattern-background has-mask-background nonhundred-percent-fullwidth non-hundred-percent-height-scrolling\" style=\"--awb-border-radius-top-left:0px;--awb-border-radius-top-right:0px;--awb-border-radius-bottom-right:0px;--awb-border-radius-bottom-left:0px;--awb-flex-wrap:wrap;\" ><div class=\"fusion-builder-row fusion-row fusion-flex-align-items-flex-start fusion-flex-content-wrap\" style=\"max-width:1122px;margin-left: calc(-2% \/ 2 );margin-right: calc(-2% \/ 2 );\"><div class=\"fusion-layout-column fusion_builder_column fusion-builder-column-5 fusion_builder_column_1_1 1_1 fusion-flex-column\" style=\"--awb-bg-size:cover;--awb-width-large:100%;--awb-margin-top-large:0px;--awb-spacing-right-large:0.98%;--awb-margin-bottom-large:20px;--awb-spacing-left-large:0.98%;--awb-width-medium:100%;--awb-order-medium:0;--awb-spacing-right-medium:0.98%;--awb-spacing-left-medium:0.98%;--awb-width-small:100%;--awb-order-small:0;--awb-spacing-right-small:0.98%;--awb-spacing-left-small:0.98%;\"><div class=\"fusion-column-wrapper fusion-column-has-shadow fusion-flex-justify-content-flex-start fusion-content-layout-column\"><div class=\"fusion-title title fusion-title-3 fusion-sep-none fusion-title-text fusion-title-size-one\" style=\"--awb-text-color:#be1b83;--awb-margin-top-small:10px;--awb-margin-right-small:0px;--awb-margin-bottom-small:10px;--awb-margin-left-small:0px;\"><h1 class=\"fusion-title-heading title-heading-left\" style=\"font-family:Arial, Helvetica, sans-serif;font-style:italic;font-weight:700;margin:0;\">Para adultos:<\/h1><\/div><div class=\"fusion-text fusion-text-3\"><p>A partir del 27 de junio, recoge una hoja de Bingo en cualquiera de las sedes de PPLD (planta baja y mostradores de referencia en Adriance; mostradores de pr\u00e9stamo en Boardman o Sadie Peterson Delaney African Roots Branch Library [SPD]; tambi\u00e9n disponible en Rover) o imprime una copia en l\u00ednea aqu\u00ed (<strong><em>estar\u00e1 disponible el 27 de junio a las 9:00 AM<\/em><\/strong>).<\/p>\n<p>Devuelve la hoja a Adriance (s\u00f3lo en la planta baja), Boardman o SPD, o env\u00eda por correo electr\u00f3nico una foto de tu hoja cumplimentada a <a href=\"mailto:cmarriott@poklib.org\">cmarriott@poklib.org<\/a> <strong>antes del viernes 14 de agosto<\/strong>. Participar\u00e1s para ganar un lote de regalos que incluye una tarjeta regalo de Adams valorada en 25, 50 o 100 d\u00f3lares, \u00a1y algo de bot\u00edn de PPLD! A partir de 18 a\u00f1os.<\/p>\n<\/div><\/div><\/div><\/div><\/div><\/p>\n","protected":false},"excerpt":{"rendered":"","protected":false},"author":14,"featured_media":0,"parent":0,"menu_order":0,"comment_status":"closed","ping_status":"closed","template":"","meta":{"_acf_changed":false,"advanced_seo_description":"","jetpack_seo_html_title":"","jetpack_seo_noindex":false,"footnotes":"","_links_to":"","_links_to_target":""},"class_list":["post-37856","page","type-page","status-publish","hentry"],"acf":[],"publishpress_future_action":{"enabled":false,"date":"2026-05-05 06:21:57","action":"change-status","newStatus":"draft","terms":[],"taxonomy":"translation_priority","extraData":[]},"publishpress_future_workflow_manual_trigger":{"enabledWorkflows":[]},"_links":{"self":[{"href":"https:\/\/poklib.org\/es\/wp-json\/wp\/v2\/pages\/37856","targetHints":{"allow":["GET"]}}],"collection":[{"href":"https:\/\/poklib.org\/es\/wp-json\/wp\/v2\/pages"}],"about":[{"href":"https:\/\/poklib.org\/es\/wp-json\/wp\/v2\/types\/page"}],"author":[{"embeddable":true,"href":"https:\/\/poklib.org\/es\/wp-json\/wp\/v2\/users\/14"}],"replies":[{"embeddable":true,"href":"https:\/\/poklib.org\/es\/wp-json\/wp\/v2\/comments?post=37856"}],"version-history":[{"count":0,"href":"https:\/\/poklib.org\/es\/wp-json\/wp\/v2\/pages\/37856\/revisions"}],"wp:attachment":[{"href":"https:\/\/poklib.org\/es\/wp-json\/wp\/v2\/media?parent=37856"}],"curies":[{"name":"wp","href":"https:\/\/api.w.org\/{rel}","templated":true}]}}