{"id":33682,"date":"2019-07-16T18:18:23","date_gmt":"2019-07-16T22:18:23","guid":{"rendered":"https:\/\/poklib.org\/su-biblioteca\/ordenadores-impresion-fax-y-wi-fi\/"},"modified":"2026-03-18T15:31:58","modified_gmt":"2026-03-18T19:31:58","slug":"ordenadores-impresion-fax-y-wi-fi","status":"publish","type":"page","link":"https:\/\/poklib.org\/es\/su-biblioteca\/ordenadores-impresion-fax-y-wi-fi\/","title":{"rendered":"Ordenadores, impresi\u00f3n, fax y Wi-Fi"},"content":{"rendered":"<p><div class=\"fusion-fullwidth fullwidth-box fusion-builder-row-1 fusion-flex-container nonhundred-percent-fullwidth non-hundred-percent-height-scrolling\" style=\"--awb-border-radius-top-left:0px;--awb-border-radius-top-right:0px;--awb-border-radius-bottom-right:0px;--awb-border-radius-bottom-left:0px;--awb-flex-wrap:wrap;\" ><div class=\"fusion-builder-row fusion-row fusion-flex-align-items-flex-start fusion-flex-content-wrap\" style=\"max-width:1122px;margin-left: calc(-2% \/ 2 );margin-right: calc(-2% \/ 2 );\"><div class=\"fusion-layout-column fusion_builder_column fusion-builder-column-0 fusion_builder_column_1_1 1_1 fusion-flex-column\" style=\"--awb-bg-blend:overlay;--awb-bg-size:cover;--awb-width-large:100%;--awb-margin-top-large:0px;--awb-spacing-right-large:0.98%;--awb-margin-bottom-large:20px;--awb-spacing-left-large:0.98%;--awb-width-medium:100%;--awb-spacing-right-medium:0.98%;--awb-spacing-left-medium:0.98%;--awb-width-small:100%;--awb-spacing-right-small:0.98%;--awb-spacing-left-small:0.98%;\"><div class=\"fusion-column-wrapper fusion-column-has-shadow fusion-flex-justify-content-flex-start fusion-content-layout-column\"><div class=\"fusion-text fusion-text-1\"><h2 class=\"entry-title\" style=\"text-align: center;\"><span style=\"color: #b02a45;\"><strong>Ordenadores p\u00fablicos, impresi\u00f3n, fax y Wi-Fi<\/strong><\/span><\/h2>\n<\/div><\/div><\/div><\/div><\/div><div class=\"fusion-fullwidth fullwidth-box fusion-builder-row-2 fusion-flex-container nonhundred-percent-fullwidth non-hundred-percent-height-scrolling\" style=\"--awb-border-radius-top-left:0px;--awb-border-radius-top-right:0px;--awb-border-radius-bottom-right:0px;--awb-border-radius-bottom-left:0px;--awb-flex-wrap:wrap;\" ><div class=\"fusion-builder-row fusion-row fusion-flex-align-items-flex-start fusion-flex-content-wrap\" style=\"max-width:1122px;margin-left: calc(-2% \/ 2 );margin-right: calc(-2% \/ 2 );\"><div class=\"fusion-layout-column fusion_builder_column fusion-builder-column-1 fusion_builder_column_1_1 1_1 fusion-flex-column\" style=\"--awb-bg-size:cover;--awb-width-large:100%;--awb-margin-top-large:0px;--awb-spacing-right-large:0.98%;--awb-margin-bottom-large:20px;--awb-spacing-left-large:0.98%;--awb-width-medium:100%;--awb-spacing-right-medium:0.98%;--awb-spacing-left-medium:0.98%;--awb-width-small:100%;--awb-spacing-right-small:0.98%;--awb-spacing-left-small:0.98%;\"><div class=\"fusion-column-wrapper fusion-column-has-shadow fusion-flex-justify-content-flex-start fusion-content-layout-column\"><div class=\"fusion-tabs fusion-tabs-1 classic nav-is-justified horizontal-tabs icon-position-left mobile-mode-accordion\" style=\"--icon-color:Array;--icon-active-color:Array;--awb-title-border-radius-top-left:4px;--awb-title-border-radius-top-right:4px;--awb-title-border-radius-bottom-right:4px;--awb-title-border-radius-bottom-left:4px;--awb-alignment:start;--awb-inactive-color:var(--awb-color4);--awb-title-text-color:var(--awb-color1);--awb-title-active-text-color:var(--awb-color4);--awb-background-color:var(--awb-custom11);--awb-border-color:var(--awb-color3);--awb-active-border-color:#b02a45;--awb-title-font-family:Arial, Helvetica, sans-serif;--awb-title-font-style:normal;--awb-title-font-weight:400;\"><div class=\"nav\"><ul class=\"nav-tabs nav-justified\" role=\"tablist\" aria-orientation=\"horizontal\"><li class=\"active\" role=\"presentation\"><a class=\"tab-link\" data-toggle=\"tab\" role=\"tab\" aria-controls=\"tab-e69d980d1dbbffdc7e5\" aria-selected=\"true\" tabindex=\"0\" id=\"fusion-tab-e69d980d1dbbffdc7e5\" href=\"#tab-e69d980d1dbbffdc7e5\"><h4 class=\"fusion-tab-heading\"><i class=\"fontawesome-icon fa-wifi fas\" aria-hidden=\"true\" style=\"font-size:38px;\"><\/i>Wi-Fi<\/h4><\/a><\/li><li  role=\"presentation\"><a class=\"tab-link\" data-toggle=\"tab\" role=\"tab\" aria-controls=\"tab-85d40df9603e1f9d970\" aria-selected=\"false\" tabindex=\"-1\" id=\"fusion-tab-85d40df9603e1f9d970\" href=\"#tab-85d40df9603e1f9d970\"><h4 class=\"fusion-tab-heading\"><i class=\"fontawesome-icon fa-print fas\" aria-hidden=\"true\" style=\"font-size:38px;\"><\/i>Copia\/impresi\u00f3n<\/h4><\/a><\/li><li  role=\"presentation\"><a class=\"tab-link\" data-toggle=\"tab\" role=\"tab\" aria-controls=\"tab-7900d4c8d3bdaf42bd3\" aria-selected=\"false\" tabindex=\"-1\" id=\"fusion-tab-7900d4c8d3bdaf42bd3\" href=\"#tab-7900d4c8d3bdaf42bd3\"><h4 class=\"fusion-tab-heading\"><i class=\"fontawesome-icon fa-desktop fas\" aria-hidden=\"true\" style=\"font-size:38px;\"><\/i>Ordenadores p\u00fablicos<\/h4><\/a><\/li><li  role=\"presentation\"><a class=\"tab-link\" data-toggle=\"tab\" role=\"tab\" aria-controls=\"tab-ceafa432eb370581523\" aria-selected=\"false\" tabindex=\"-1\" id=\"fusion-tab-ceafa432eb370581523\" href=\"#tab-ceafa432eb370581523\"><h4 class=\"fusion-tab-heading\"><i class=\"fontawesome-icon fa-fax fas\" aria-hidden=\"true\" style=\"font-size:38px;\"><\/i>Env\u00edo de faxes<\/h4><\/a><\/li><li  role=\"presentation\"><a class=\"tab-link\" data-toggle=\"tab\" role=\"tab\" aria-controls=\"tab-a1d65d5714d32364e44\" aria-selected=\"false\" tabindex=\"-1\" id=\"fusion-tab-a1d65d5714d32364e44\" href=\"#tab-a1d65d5714d32364e44\"><h4 class=\"fusion-tab-heading\"><i class=\"fontawesome-icon fa-copy fas\" aria-hidden=\"true\" style=\"font-size:38px;\"><\/i>Escaneando<\/h4><\/a><\/li><li  role=\"presentation\"><a class=\"tab-link\" data-toggle=\"tab\" role=\"tab\" aria-controls=\"tab-06c60247349c30bd7a3\" aria-selected=\"false\" tabindex=\"-1\" id=\"fusion-tab-06c60247349c30bd7a3\" href=\"#tab-06c60247349c30bd7a3\"><h4 class=\"fusion-tab-heading\"><i class=\"fontawesome-icon fa-headphones fas\" aria-hidden=\"true\" style=\"font-size:38px;\"><\/i>Accesorios<\/h4><\/a><\/li><\/ul><\/div><div class=\"tab-content\"><div class=\"nav fusion-mobile-tab-nav\"><ul class=\"nav-tabs nav-justified\" role=\"tablist\" aria-orientation=\"horizontal\"><li class=\"active\" role=\"presentation\"><a class=\"tab-link\" data-toggle=\"tab\" role=\"tab\" aria-controls=\"tab-e69d980d1dbbffdc7e5\" aria-selected=\"true\" tabindex=\"0\" id=\"mobile-fusion-tab-e69d980d1dbbffdc7e5\" href=\"#tab-e69d980d1dbbffdc7e5\"><h4 class=\"fusion-tab-heading\"><i class=\"fontawesome-icon fa-wifi fas\" aria-hidden=\"true\" style=\"font-size:38px;\"><\/i>Wi-Fi<\/h4><\/a><\/li><\/ul><\/div><div class=\"tab-pane fade fusion-clearfix in active\" role=\"tabpanel\" tabindex=\"0\" aria-labelledby=\"fusion-tab-e69d980d1dbbffdc7e5\" id=\"tab-e69d980d1dbbffdc7e5\">\n<div class=\"content-container\">\n<div id=\"15e71630db5ee17f6\" class=\"panel-collapse collapse in\">\n<div class=\"panel-body toggle-content fusion-clearfix\">\n<p>El Distrito de Bibliotecas proporciona acceso inal\u00e1mbrico a Internet a todo el mundo durante el horario de la biblioteca.<\/p>\n<p><strong>Wi-Fi en Adriance y en Boardman Road:<\/strong><\/p>\n<ul>\n<li>Cuando est\u00e9 en la biblioteca, seleccione nuestra red Wi-Fi etiquetada como \u00abPPLD\u00bb en su computadora portatil, tableta o m\u00f3vil.<\/li>\n<li>Haga clic o toque el bot\u00f3n \u00abAceptar\u00bb para conectarse a la red Wi-Fi. Si tiene preguntas, el personal podr\u00e1 ayudarle de forma limitada.<\/li>\n<li>Tambi\u00e9n puede acceder a nuestro Wi-Fi desde los aparcamientos de Adriance y Boardman Road durante el horario comercial.<\/li>\n<\/ul>\n<p><strong>La biblioteca sucursal Sadie Petersen Delaney African Roots<\/strong> tiene una red de Wi-Fi separada y el nombre y la contrase\u00f1a est\u00e1n disponibles en el sitio.<\/p>\n<\/div>\n<\/div>\n<\/div>\n<\/div><div class=\"nav fusion-mobile-tab-nav\"><ul class=\"nav-tabs nav-justified\" role=\"tablist\" aria-orientation=\"horizontal\"><li  role=\"presentation\"><a class=\"tab-link\" data-toggle=\"tab\" role=\"tab\" aria-controls=\"tab-85d40df9603e1f9d970\" aria-selected=\"false\" tabindex=\"-1\" id=\"mobile-fusion-tab-85d40df9603e1f9d970\" href=\"#tab-85d40df9603e1f9d970\"><h4 class=\"fusion-tab-heading\"><i class=\"fontawesome-icon fa-print fas\" aria-hidden=\"true\" style=\"font-size:38px;\"><\/i>Copia\/impresi\u00f3n<\/h4><\/a><\/li><\/ul><\/div><div class=\"tab-pane fade fusion-clearfix\" role=\"tabpanel\" tabindex=\"0\" aria-labelledby=\"fusion-tab-85d40df9603e1f9d970\" id=\"tab-85d40df9603e1f9d970\">\n<div class=\"content-container\">\n<div id=\"df18af008b4ebc337\" class=\"panel-collapse collapse in\">\n<div class=\"panel-body toggle-content fusion-clearfix\">\n<p><strong><img data-recalc-dims=\"1\" decoding=\"async\" class=\"lazyload wp-image-12033 alignleft\" src=\"https:\/\/i0.wp.com\/poklib.org\/wp-content\/uploads\/2020\/07\/SmartAlec.png?resize=191%2C191&#038;quality=79&#038;ssl=1\" data-orig-src=\"https:\/\/poklib.org\/wp-content\/uploads\/2020\/07\/SmartAlec.png\" alt=\"\" width=\"191\" height=\"191\" srcset=\"data:image\/svg+xml,%3Csvg%20xmlns%3D%27http%3A%2F%2Fwww.w3.org%2F2000%2Fsvg%27%20width%3D%27191%27%20height%3D%27191%27%20viewBox%3D%270%200%20191%20191%27%3E%3Crect%20width%3D%27191%27%20height%3D%27191%27%20fill-opacity%3D%220%22%2F%3E%3C%2Fsvg%3E\" data-srcset=\"https:\/\/i0.wp.com\/poklib.org\/wp-content\/uploads\/2020\/07\/SmartAlec.png?resize=66%2C66&amp;quality=79&amp;ssl=1 66w, https:\/\/i0.wp.com\/poklib.org\/wp-content\/uploads\/2020\/07\/SmartAlec.png?resize=200%2C200&amp;quality=79&amp;ssl=1 200w, https:\/\/i0.wp.com\/poklib.org\/wp-content\/uploads\/2020\/07\/SmartAlec.png?resize=300%2C300&amp;quality=79&amp;ssl=1 300w, https:\/\/i0.wp.com\/poklib.org\/wp-content\/uploads\/2020\/07\/SmartAlec.png?fit=310%2C310&amp;quality=79&amp;ssl=1 310w\" data-sizes=\"auto\" data-orig-sizes=\"(max-width: 191px) 100vw, 191px\" \/>Informaci\u00f3n sobre el sitio web y el quiosco de SmartALEC Printing:<\/strong><\/p>\n<p>Inicie sesi\u00f3n en el <strong><a href=\"https:\/\/smartalecplus.smartalecprint.com\/?ID=PoughkeepsieNY\" target=\"_blank\" rel=\"noopener noreferrer\" data-saferedirecturl=\"https:\/\/www.google.com\/url?q=https:\/\/smartalec.smartalecprint.com\/smartalec?ID%3DPoughkeepsieNY&amp;source=gmail&amp;ust=1593262322973000&amp;usg=AFQjCNEOUDOLFQHP8FvztK7Htz3W6ly3mg\">P\u00e1gina web de SmartALEC Printing<\/a><\/strong> para cargar los documentos que desea imprimir. Para iniciar la sesi\u00f3n, introduzca su n\u00famero de carn\u00e9 de la biblioteca y su PIN. Si no tiene un carn\u00e9 de la biblioteca, utilice el bot\u00f3n de usuario invitado para registrarse en una cuenta.<\/p>\n<p>Puede cargar documentos desde cualquier lugar (casa, escuela, dispositivo m\u00f3vil, etc.) y luego venir a cualquiera de las dos ubicaciones de la biblioteca para imprimir desde el quiosco de impresi\u00f3n SmartALEC. Los documentos le estar\u00e1n esperando. Utiliza su tarjeta de la biblioteca (o cuenta de invitado) para acceder al quiosco, pagar las impresiones y luego \u00abliberarlas\u00bb para que se impriman.<\/p>\n<p>SmartALEC tambi\u00e9n est\u00e1 disponible como aplicaci\u00f3n para su dispositivo. \u00a1Imprime f\u00e1cilmente desde tu smartphone, tableta u ordenador port\u00e1til mientras est\u00e1s en la biblioteca! <strong>Descarga la App: <a href=\"https:\/\/play.google.com\/store\/apps\/details?id=comprise.online.smartalec&amp;hl=en_US\" target=\"_blank\" rel=\"noopener\">Google Play<\/a> o <\/strong><a href=\"https:\/\/apps.apple.com\/us\/app\/smart-alec-your-library\/id895438141\" target=\"_blank\" rel=\"noopener noreferrer\"><strong>Apple.<\/strong><\/a> <a href=\"https:\/\/poklib.org\/wp-content\/uploads\/2024\/11\/SmartALEC-Plus-Mobile-Printing-Overview-SA_124.pdf\" target=\"_blank\" rel=\"noopener\">M\u00e1s informaci\u00f3n sobre la impresi\u00f3n m\u00f3vil. <\/a> <\/p>\n<hr>\n<p><span style=\"color: #b02a45;\"><strong>Biblioteca Adriance Memorial:<\/strong><\/span><\/p>\n<p><strong><img decoding=\"async\" class=\"lazyload alignleft wp-image-11937\" src=\"data:image\/svg+xml,%3Csvg%20xmlns%3D%27http%3A%2F%2Fwww.w3.org%2F2000%2Fsvg%27%20width%3D%27213%27%20height%3D%27232%27%20viewBox%3D%270%200%20213%20232%27%3E%3Crect%20width%3D%27213%27%20height%3D%27232%27%20fill-opacity%3D%220%22%2F%3E%3C%2Fsvg%3E\" data-orig-src=\"https:\/\/poklib.org\/wp-content\/uploads\/2020\/06\/copiers-scaled-e1593020379163-275x300.jpg\" alt=\"\" width=\"213\" height=\"232\">Planta principal (M) cerca del mostrador de referencia (s\u00f3lo fotocopiadora)<\/strong><br \/>\nOpciones de papel: Tama\u00f1o carta (8,5\u2033 x 11\u2033) o tama\u00f1o oficio (8,5\u2033 x 14\u2033) Papel blanco para copias<br \/>\nLas copias cuestan 15 c\u00e9ntimos por p\u00e1gina en blanco y negro; 40 c\u00e9ntimos por p\u00e1gina en color<br \/>\nAcepta monedas y billetes. No se aceptan billetes de m\u00e1s de 5 d\u00f3lares.<\/p>\n<\/div>\n<\/div>\n<\/div>\n<div class=\"content-container\">\n<div id=\"df18af008b4ebc337\" class=\"panel-collapse collapse in\">\n<div class=\"panel-body toggle-content fusion-clearfix\">\n<p><strong><img decoding=\"async\" class=\"lazyload alignleft wp-image-12001\" src=\"data:image\/svg+xml,%3Csvg%20xmlns%3D%27http%3A%2F%2Fwww.w3.org%2F2000%2Fsvg%27%20width%3D%27225%27%20height%3D%27169%27%20viewBox%3D%270%200%20225%20169%27%3E%3Crect%20width%3D%27225%27%20height%3D%27169%27%20fill-opacity%3D%220%22%2F%3E%3C%2Fsvg%3E\" data-orig-src=\"https:\/\/poklib.org\/wp-content\/uploads\/2020\/06\/IMG_20200629_105819-400x300.jpg\" alt=\"\" width=\"225\" height=\"169\">Planta baja (G) cerca de iCommons (fotocopiadora\/quiosco de impresi\u00f3n SmartALEC)<br \/>\n<\/strong>Papel: Papel de copia blanco tama\u00f1o carta (8,5\u2033 x 11\u2033)<strong><br \/>\n<\/strong>Las copias\/impresiones cuestan 15 c\u00e9ntimos por p\u00e1gina en blanco y negro; 40 c\u00e9ntimos por p\u00e1gina en color<br \/>\nSe acepta efectivo, MasterCard y Visa. No se aceptan billetes de m\u00e1s de 20 $.<br \/>\nSe pueden utilizar memorias USB con la fotocopiadora y el Kiosco de Impresi\u00f3n SmartALEC. <\/p>\n<\/div>\n<\/div>\n<\/div>\n<hr>\n<div class=\"content-container\">\n<div id=\"df18af008b4ebc337\" class=\"panel-collapse collapse in\">\n<div class=\"panel-body toggle-content fusion-clearfix\">\n<p><span style=\"color: #b02a45;\"><strong><img decoding=\"async\" class=\"lazyload alignleft wp-image-12034\" src=\"data:image\/svg+xml,%3Csvg%20xmlns%3D%27http%3A%2F%2Fwww.w3.org%2F2000%2Fsvg%27%20width%3D%27226%27%20height%3D%27169%27%20viewBox%3D%270%200%20226%20169%27%3E%3Crect%20width%3D%27226%27%20height%3D%27169%27%20fill-opacity%3D%220%22%2F%3E%3C%2Fsvg%3E\" data-orig-src=\"https:\/\/poklib.org\/wp-content\/uploads\/2020\/07\/IMG_20200701_095532-400x300.jpg\" alt=\"\" width=\"226\" height=\"169\">Biblioteca sucursal Boardman Road:<\/strong><\/span><\/p>\n<p><strong>Situado cerca de los ordenadores p\u00fablicos para adultos<\/strong><br \/>\nPapel: Papel de copia blanco tama\u00f1o carta (8,5\u2033 x 11\u2033)<strong><br \/>\n<\/strong>Las copias\/impresiones cuestan 15 c\u00e9ntimos por p\u00e1gina en blanco y negro; 40 c\u00e9ntimos por p\u00e1gina en color<br \/>\nSe acepta efectivo, MasterCard y Visa. No se aceptan billetes de m\u00e1s de 20 $.<br \/>\nSe pueden utilizar memorias USB con la fotocopiadora y el Kiosco de Impresi\u00f3n SmartALEC. <\/p>\n<hr>\n<p><span style=\"color: #b02a45;\"><strong>Biblioteca sucursal Sadie Peterson Delaney African Roots:<\/strong><\/span><\/p>\n<p><img data-recalc-dims=\"1\" decoding=\"async\" class=\"lazyload wp-image-26939 alignleft\" src=\"https:\/\/i0.wp.com\/poklib.org\/wp-content\/uploads\/2023\/02\/printer-at-spd.png?resize=225%2C150&#038;quality=79&#038;ssl=1\" data-orig-src=\"https:\/\/poklib.org\/wp-content\/uploads\/2023\/02\/printer-at-spd.png\" alt=\"\" width=\"225\" height=\"150\" srcset=\"data:image\/svg+xml,%3Csvg%20xmlns%3D%27http%3A%2F%2Fwww.w3.org%2F2000%2Fsvg%27%20width%3D%27225%27%20height%3D%27150%27%20viewBox%3D%270%200%20225%20150%27%3E%3Crect%20width%3D%27225%27%20height%3D%27150%27%20fill-opacity%3D%220%22%2F%3E%3C%2Fsvg%3E\" data-srcset=\"https:\/\/i0.wp.com\/poklib.org\/wp-content\/uploads\/2023\/02\/printer-at-spd.png?resize=200%2C133&amp;quality=79&amp;ssl=1 200w, https:\/\/i0.wp.com\/poklib.org\/wp-content\/uploads\/2023\/02\/printer-at-spd.png?fit=300%2C200&amp;quality=79&amp;ssl=1 300w\" data-sizes=\"auto\" data-orig-sizes=\"(max-width: 225px) 100vw, 225px\" \/>La impresi\u00f3n est\u00e1 disponible desde las computadoras p\u00fablicas en la sala de computaci\u00f3n a la impresora en el mostrador de circulaci\u00f3n.<\/p>\n<p>Los usuarios pueden imprimir hasta 20 p\u00e1ginas, sin cargo, por d\u00eda. Las copias adicionales deben pagarse en el mostrador de circulaci\u00f3n.<br \/>\nSe requiere un carn\u00e9 de la biblioteca en vigor para pagar las impresiones.<br \/>\nLas copias\/impresiones cuestan 15 c\u00e9ntimos por p\u00e1gina en blanco y negro; 40 c\u00e9ntimos por p\u00e1gina en color en papel de copia blanco tama\u00f1o carta (8,5\u2033 x 11\u2033).<br \/>\nSe acepta efectivo (no billetes de m\u00e1s de 20 $), MasterCard y Visa.<\/p>\n<\/div>\n<\/div>\n<\/div>\n<\/div><div class=\"nav fusion-mobile-tab-nav\"><ul class=\"nav-tabs nav-justified\" role=\"tablist\" aria-orientation=\"horizontal\"><li  role=\"presentation\"><a class=\"tab-link\" data-toggle=\"tab\" role=\"tab\" aria-controls=\"tab-7900d4c8d3bdaf42bd3\" aria-selected=\"false\" tabindex=\"-1\" id=\"mobile-fusion-tab-7900d4c8d3bdaf42bd3\" href=\"#tab-7900d4c8d3bdaf42bd3\"><h4 class=\"fusion-tab-heading\"><i class=\"fontawesome-icon fa-desktop fas\" aria-hidden=\"true\" style=\"font-size:38px;\"><\/i>Ordenadores p\u00fablicos<\/h4><\/a><\/li><\/ul><\/div><div class=\"tab-pane fade fusion-clearfix\" role=\"tabpanel\" tabindex=\"0\" aria-labelledby=\"fusion-tab-7900d4c8d3bdaf42bd3\" id=\"tab-7900d4c8d3bdaf42bd3\">\n<p>El uso est\u00e1 limitado a una hora al d\u00eda para que otros puedan utilizar las m\u00e1quinas. Cuando te conectas a un ordenador con el c\u00f3digo de barras y el PIN de su <a href=\"https:\/\/poklib.org\/es\/su-biblioteca\/carne-de-la-biblioteca-normas-de-prestamo-y-multas\/\" data-saferedirecturl=\"https:\/\/www.google.com\/url?q=https:\/\/poklib.org\/your-library\/get-a-library-card\/&amp;source=gmail&amp;ust=1619532253090000&amp;usg=AFQjCNEpmD5bCZL2ey0gMSu2N-8UBC2JGw\">carn\u00e9 de la biblioteca<\/a>, el cron\u00f3metro de la pantalla del ordenador te ayuda a controlar el tiempo.<\/p>\n<p>Dependiendo de la disponibilidad de los ordenadores, podr\u00e1 ampliar su uso hasta tres horas m\u00e1s.<\/p>\n<p>Debes tener el carn\u00e9 de la biblioteca para utilizar los ordenadores p\u00fablicos.<\/p>\n<p>Por favor, l\u00edmpiese las manos antes y despu\u00e9s de utilizar las m\u00e1quinas. El Distrito de la Biblioteca proporciona desinfectante para las manos.<\/p>\n<p>Cada vez que se le pida el c\u00f3digo de barras, deber\u00e1 introducir los 14 d\u00edgitos sin espacios. Su PIN es una cadena alfanum\u00e9rica de 4 a 14 caracteres.<\/p>\n<p>Los ordenadores p\u00fablicos funcionan con Windows 11 en Adriance y en Boardman Road. Tambi\u00e9n disponen de Edge y Chrome para navegar por Internet. <\/p>\n<p>Los carn\u00e9s de la biblioteca no son transferibles; cada cliente debe utilizar su propio carn\u00e9 para acceder al ordenador.<\/p>\n<p>Las unidades flash USB se pueden utilizar con los ordenadores p\u00fablicos, los esc\u00e1neres y los quioscos de impresi\u00f3n de fotocopiadoras de SAM.<\/p>\n<\/div><div class=\"nav fusion-mobile-tab-nav\"><ul class=\"nav-tabs nav-justified\" role=\"tablist\" aria-orientation=\"horizontal\"><li  role=\"presentation\"><a class=\"tab-link\" data-toggle=\"tab\" role=\"tab\" aria-controls=\"tab-ceafa432eb370581523\" aria-selected=\"false\" tabindex=\"-1\" id=\"mobile-fusion-tab-ceafa432eb370581523\" href=\"#tab-ceafa432eb370581523\"><h4 class=\"fusion-tab-heading\"><i class=\"fontawesome-icon fa-fax fas\" aria-hidden=\"true\" style=\"font-size:38px;\"><\/i>Env\u00edo de faxes<\/h4><\/a><\/li><\/ul><\/div><div class=\"tab-pane fade fusion-clearfix\" role=\"tabpanel\" tabindex=\"0\" aria-labelledby=\"fusion-tab-ceafa432eb370581523\" id=\"tab-ceafa432eb370581523\">\n<div class=\"heading heading-with-icon icon-left\">\n<p class=\"content-box-heading fusion-responsive-typography-calculated\" data-fontsize=\"18\" data-lineheight=\"23.0333px\"><span style=\"font-size: 16px;\">El Distrito de Bibliotecas ofrece ahora servicios de fax gratuitos al p\u00fablico en la Biblioteca Adriance Memorial (planta principal) y en la Biblioteca sucursal Boardman Road.<\/span><\/p>\n<\/div>\n<div class=\"content-container\">\n<div id=\"8434d1ea7724863de\" class=\"panel-collapse collapse in\">\n<div class=\"panel-body toggle-content fusion-clearfix\">\n<p>Las m\u00e1quinas de fax son de autoservicio y el personal de la biblioteca est\u00e1 disponible para ayudar seg\u00fan sea necesario previa solicitud.<\/p>\n<\/div>\n<\/div>\n<\/div>\n<\/div><div class=\"nav fusion-mobile-tab-nav\"><ul class=\"nav-tabs nav-justified\" role=\"tablist\" aria-orientation=\"horizontal\"><li  role=\"presentation\"><a class=\"tab-link\" data-toggle=\"tab\" role=\"tab\" aria-controls=\"tab-a1d65d5714d32364e44\" aria-selected=\"false\" tabindex=\"-1\" id=\"mobile-fusion-tab-a1d65d5714d32364e44\" href=\"#tab-a1d65d5714d32364e44\"><h4 class=\"fusion-tab-heading\"><i class=\"fontawesome-icon fa-copy fas\" aria-hidden=\"true\" style=\"font-size:38px;\"><\/i>Escaneando<\/h4><\/a><\/li><\/ul><\/div><div class=\"tab-pane fade fusion-clearfix\" role=\"tabpanel\" tabindex=\"0\" aria-labelledby=\"fusion-tab-a1d65d5714d32364e44\" id=\"tab-a1d65d5714d32364e44\">\n<p>Esc\u00e1neres gratuitos y p\u00fablicos est\u00e1n disponibles en todas las ubicaciones del Distrito de Bibliotecas. Las camas del esc\u00e1ner pueden acomodar papel de hasta 8,5&#8243;x14&#8243; (tama\u00f1o legal). Hay muchas opciones disponibles en lo que respecta a cambiar la resoluci\u00f3n, el formato de archivo, el color, etc. Los formatos de archivo m\u00e1s comunes incluyen: PDF, .jpg, .tiff, texto con OCR, PDF con capacidad de b\u00fasqueda con OCR y m\u00e1s.<\/p>\n<p> <strong> Biblioteca Adriance Memorial<\/strong>: el esc\u00e1ner se encuentra en la planta principal (M), cerca del mostrador de referencia.<\/p>\n<p>Este esc\u00e1ner est\u00e1 conectado a un PC. Puedes escanear sus documentos a una unidad flash USB, directamente a una direcci\u00f3n de correo electr\u00f3nico o al PC.<\/p>\n<p><strong>La biblioteca sucursal Boardman Road<\/strong>: el esc\u00e1ner se encuentra al final de la fila de ordenadores p\u00fablicos.<\/p>\n<p>Este esc\u00e1ner es una unidad independiente que escanear\u00e1 a una unidad flash USB.<\/p>\n<p><strong>La biblioteca sucursal Sadie Peterson Delaney African Roots<\/strong>: Escaneo disponible desde el esc\u00e1ner en el mostrador de circulaci\u00f3n.<\/p>\n<p>Los documentos escaneados se pueden enviar por correo electr\u00f3nico o a una unidad USB.<\/p>\n<\/div><div class=\"nav fusion-mobile-tab-nav\"><ul class=\"nav-tabs nav-justified\" role=\"tablist\" aria-orientation=\"horizontal\"><li  role=\"presentation\"><a class=\"tab-link\" data-toggle=\"tab\" role=\"tab\" aria-controls=\"tab-06c60247349c30bd7a3\" aria-selected=\"false\" tabindex=\"-1\" id=\"mobile-fusion-tab-06c60247349c30bd7a3\" href=\"#tab-06c60247349c30bd7a3\"><h4 class=\"fusion-tab-heading\"><i class=\"fontawesome-icon fa-headphones fas\" aria-hidden=\"true\" style=\"font-size:38px;\"><\/i>Accesorios<\/h4><\/a><\/li><\/ul><\/div><div class=\"tab-pane fade fusion-clearfix\" role=\"tabpanel\" tabindex=\"0\" aria-labelledby=\"fusion-tab-06c60247349c30bd7a3\" id=\"tab-06c60247349c30bd7a3\">\n<p>Las unidades flash USB se pueden utilizar con los ordenadores p\u00fablicos, los esc\u00e1neres y los quioscos de impresi\u00f3n de fotocopiadoras de SAM.<\/p>\n<p>Las unidades flash USB se pueden adquirir en el mostrador de circulaci\u00f3n por 4 d\u00f3lares el dispositivo de 8 GB (gigabytes).<\/p>\n<p>Los ordenadores p\u00fablicos no disponen de altavoces. Los clientes pueden traer sus propios aud\u00edfonos. Los aud\u00edfonos se pueden adquirir en el mostrador de circulaci\u00f3n por 1 d\u00f3lar.<\/p>\n<\/div><\/div><\/div><\/div><\/div><\/div><\/div><div class=\"fusion-fullwidth fullwidth-box fusion-builder-row-3 fusion-flex-container nonhundred-percent-fullwidth non-hundred-percent-height-scrolling\" style=\"--awb-border-radius-top-left:0px;--awb-border-radius-top-right:0px;--awb-border-radius-bottom-right:0px;--awb-border-radius-bottom-left:0px;--awb-flex-wrap:wrap;\" ><div class=\"fusion-builder-row fusion-row fusion-flex-align-items-flex-start fusion-flex-content-wrap\" style=\"max-width:1122px;margin-left: calc(-2% \/ 2 );margin-right: calc(-2% \/ 2 );\"><div class=\"fusion-layout-column fusion_builder_column fusion-builder-column-2 fusion_builder_column_1_1 1_1 fusion-flex-column\" style=\"--awb-bg-size:cover;--awb-width-large:100%;--awb-margin-top-large:0px;--awb-spacing-right-large:0.98%;--awb-margin-bottom-large:20px;--awb-spacing-left-large:0.98%;--awb-width-medium:100%;--awb-spacing-right-medium:0.98%;--awb-spacing-left-medium:0.98%;--awb-width-small:100%;--awb-spacing-right-small:0.98%;--awb-spacing-left-small:0.98%;\"><div class=\"fusion-column-wrapper fusion-column-has-shadow fusion-flex-justify-content-flex-start fusion-content-layout-column\"><div class=\"fusion-text fusion-text-2\"><p>Consulta la Pol\u00edtica Inform\u00e1tica P\u00fablica del Distrito de la Biblioteca P\u00fablica de Poughkeepsie <a href=\"https:\/\/poklib.org\/wp-content\/uploads\/2024\/06\/1104-A-Computer-Use-and-Internet-5-22-24.pdf\"><strong>aqu\u00ed<\/strong><\/a>.<\/p>\n<\/div><\/div><\/div><\/div><\/div><\/p>\n","protected":false},"excerpt":{"rendered":"","protected":false},"author":14,"featured_media":0,"parent":24651,"menu_order":3,"comment_status":"closed","ping_status":"closed","template":"","meta":{"_acf_changed":false,"advanced_seo_description":"","jetpack_seo_html_title":"","jetpack_seo_noindex":false,"footnotes":"","_links_to":"","_links_to_target":""},"class_list":["post-33682","page","type-page","status-publish","hentry"],"acf":[],"publishpress_future_action":{"enabled":false,"date":"2026-04-26 17:38:45","action":"change-status","newStatus":"draft","terms":[],"taxonomy":"translation_priority","extraData":[]},"publishpress_future_workflow_manual_trigger":{"enabledWorkflows":[]},"_links":{"self":[{"href":"https:\/\/poklib.org\/es\/wp-json\/wp\/v2\/pages\/33682","targetHints":{"allow":["GET"]}}],"collection":[{"href":"https:\/\/poklib.org\/es\/wp-json\/wp\/v2\/pages"}],"about":[{"href":"https:\/\/poklib.org\/es\/wp-json\/wp\/v2\/types\/page"}],"author":[{"embeddable":true,"href":"https:\/\/poklib.org\/es\/wp-json\/wp\/v2\/users\/14"}],"replies":[{"embeddable":true,"href":"https:\/\/poklib.org\/es\/wp-json\/wp\/v2\/comments?post=33682"}],"version-history":[{"count":0,"href":"https:\/\/poklib.org\/es\/wp-json\/wp\/v2\/pages\/33682\/revisions"}],"up":[{"embeddable":true,"href":"https:\/\/poklib.org\/es\/wp-json\/wp\/v2\/pages\/24651"}],"wp:attachment":[{"href":"https:\/\/poklib.org\/es\/wp-json\/wp\/v2\/media?parent=33682"}],"curies":[{"name":"wp","href":"https:\/\/api.w.org\/{rel}","templated":true}]}}