{"id":30341,"date":"2023-07-17T15:39:36","date_gmt":"2023-07-17T19:39:36","guid":{"rendered":"https:\/\/poklib.org\/libros-y-mas\/biblioteca-de-las-cosas\/exposicion-itinerante-frederick-douglass\/"},"modified":"2024-02-13T11:47:38","modified_gmt":"2024-02-13T16:47:38","slug":"exposicion-itinerante-frederick-douglass","status":"publish","type":"page","link":"https:\/\/poklib.org\/es\/libros-y-mas\/biblioteca-de-las-cosas\/exposicion-itinerante-frederick-douglass\/","title":{"rendered":"Exposici\u00f3n itinerante Frederick Douglass"},"content":{"rendered":"<p><div class=\"fusion-fullwidth fullwidth-box fusion-builder-row-1 fusion-flex-container nonhundred-percent-fullwidth non-hundred-percent-height-scrolling\" style=\"--awb-border-radius-top-left:0px;--awb-border-radius-top-right:0px;--awb-border-radius-bottom-right:0px;--awb-border-radius-bottom-left:0px;--awb-flex-wrap:wrap;\" ><div class=\"fusion-builder-row fusion-row fusion-flex-align-items-flex-start fusion-flex-content-wrap\" style=\"max-width:1122px;margin-left: calc(-2% \/ 2 );margin-right: calc(-2% \/ 2 );\"><div class=\"fusion-layout-column fusion_builder_column fusion-builder-column-0 fusion_builder_column_1_1 1_1 fusion-flex-column\" style=\"--awb-bg-blend:overlay;--awb-bg-size:cover;--awb-width-large:100%;--awb-margin-top-large:0px;--awb-spacing-right-large:0.98%;--awb-margin-bottom-large:20px;--awb-spacing-left-large:0.98%;--awb-width-medium:100%;--awb-spacing-right-medium:0.98%;--awb-spacing-left-medium:0.98%;--awb-width-small:100%;--awb-spacing-right-small:0.98%;--awb-spacing-left-small:0.98%;\"><div class=\"fusion-column-wrapper fusion-flex-justify-content-flex-start fusion-content-layout-column\"><div class=\"fusion-title title fusion-title-1 fusion-title-center fusion-title-text fusion-title-size-one\" style=\"--awb-text-color:#b02a45;--awb-margin-top-small:10px;--awb-margin-right-small:0px;--awb-margin-bottom-small:10px;--awb-margin-left-small:0px;--awb-sep-color:#000000;\"><div class=\"title-sep-container title-sep-container-left\"><div class=\"title-sep sep-single sep-solid\" style=\"border-color:#000000;\"><\/div><\/div><span class=\"awb-title-spacer\"><\/span><h1 class=\"fusion-title-heading title-heading-center\" style=\"margin:0;\"><p style=\"text-align: center;\"><strong>Frederick Douglass: <em>Defensor de la<\/em>igualdad <em><br \/>\n Exposici\u00f3n itinerante en pr\u00e9stamo<\/em><\/strong><\/p><\/h1><span class=\"awb-title-spacer\"><\/span><div class=\"title-sep-container title-sep-container-right\"><div class=\"title-sep sep-single sep-solid\" style=\"border-color:#000000;\"><\/div><\/div><\/div><\/div><\/div><\/div><\/div><div class=\"fusion-fullwidth fullwidth-box fusion-builder-row-2 fusion-flex-container has-pattern-background has-mask-background nonhundred-percent-fullwidth non-hundred-percent-height-scrolling\" style=\"--awb-border-radius-top-left:0px;--awb-border-radius-top-right:0px;--awb-border-radius-bottom-right:0px;--awb-border-radius-bottom-left:0px;--awb-flex-wrap:wrap;\" ><div class=\"fusion-builder-row fusion-row fusion-flex-align-items-flex-start fusion-flex-content-wrap\" style=\"max-width:1122px;margin-left: calc(-2% \/ 2 );margin-right: calc(-2% \/ 2 );\"><div class=\"fusion-layout-column fusion_builder_column fusion-builder-column-1 fusion_builder_column_1_2 1_2 fusion-flex-column\" style=\"--awb-bg-size:cover;--awb-width-large:50%;--awb-margin-top-large:0px;--awb-spacing-right-large:1.96%;--awb-margin-bottom-large:20px;--awb-spacing-left-large:1.96%;--awb-width-medium:100%;--awb-order-medium:0;--awb-spacing-right-medium:0.98%;--awb-spacing-left-medium:0.98%;--awb-width-small:100%;--awb-order-small:0;--awb-spacing-right-small:0.98%;--awb-spacing-left-small:0.98%;\"><div class=\"fusion-column-wrapper fusion-column-has-shadow fusion-flex-justify-content-flex-start fusion-content-layout-column\"><div class=\"fusion-image-element \" style=\"text-align:center;--awb-caption-title-font-family:var(--h2_typography-font-family);--awb-caption-title-font-weight:var(--h2_typography-font-weight);--awb-caption-title-font-style:var(--h2_typography-font-style);--awb-caption-title-size:var(--h2_typography-font-size);--awb-caption-title-transform:var(--h2_typography-text-transform);--awb-caption-title-line-height:var(--h2_typography-line-height);--awb-caption-title-letter-spacing:var(--h2_typography-letter-spacing);\"><span class=\" fusion-imageframe imageframe-none imageframe-1 hover-type-none\"><img decoding=\"async\" width=\"400\" height=\"300\" alt=\"Frederick Douglass Exhibit at SPD\" title=\"Frederick Douglass Exhibit at SPD 1\" src=\"https:\/\/i0.wp.com\/poklib.org\/wp-content\/uploads\/2023\/07\/Frederick-Douglass-Exhibit-at-SPD-1.png?fit=400%2C300&quality=79&ssl=1\" data-orig-src=\"https:\/\/poklib.org\/wp-content\/uploads\/2023\/07\/Frederick-Douglass-Exhibit-at-SPD-1.png\" class=\"lazyload img-responsive wp-image-28624\" srcset=\"data:image\/svg+xml,%3Csvg%20xmlns%3D%27http%3A%2F%2Fwww.w3.org%2F2000%2Fsvg%27%20width%3D%27400%27%20height%3D%27300%27%20viewBox%3D%270%200%20400%20300%27%3E%3Crect%20width%3D%27400%27%20height%3D%27300%27%20fill-opacity%3D%220%22%2F%3E%3C%2Fsvg%3E\" data-srcset=\"https:\/\/i0.wp.com\/poklib.org\/wp-content\/uploads\/2023\/07\/Frederick-Douglass-Exhibit-at-SPD-1.png?resize=200%2C150&amp;quality=79&amp;ssl=1 200w, https:\/\/i0.wp.com\/poklib.org\/wp-content\/uploads\/2023\/07\/Frederick-Douglass-Exhibit-at-SPD-1.png?fit=400%2C300&amp;quality=79&amp;ssl=1 400w\" data-sizes=\"auto\" data-orig-sizes=\"(max-width: 1024px) 100vw, (max-width: 640px) 100vw, 400px\" \/><\/span><\/div><\/div><\/div><div class=\"fusion-layout-column fusion_builder_column fusion-builder-column-2 fusion_builder_column_1_2 1_2 fusion-flex-column\" style=\"--awb-bg-size:cover;--awb-width-large:50%;--awb-margin-top-large:0px;--awb-spacing-right-large:1.96%;--awb-margin-bottom-large:20px;--awb-spacing-left-large:1.96%;--awb-width-medium:100%;--awb-order-medium:0;--awb-spacing-right-medium:0.98%;--awb-spacing-left-medium:0.98%;--awb-width-small:100%;--awb-order-small:0;--awb-spacing-right-small:0.98%;--awb-spacing-left-small:0.98%;\"><div class=\"fusion-column-wrapper fusion-column-has-shadow fusion-flex-justify-content-flex-start fusion-content-layout-column\"><div class=\"fusion-text fusion-text-1\"><h1><\/h1>\n<p><strong>Periodo de pr\u00e9stamo: <\/strong>1 semana (no renovable)<\/p>\n<p><strong>Disponible para:<\/strong> Organizaciones educativas o hist\u00f3ricas dentro del distrito de la biblioteca. Debe solicitar la exposici\u00f3n y explicar su uso por correo electr\u00f3nico a <a href=\"mailto:administration@poklib.org\" target=\"_blank\" rel=\"noopener\">administration@poklib.org<\/a> y la persona de contacto debe utilizar un carn\u00e9 personal de la biblioteca para tomar prestado el art\u00edculo.<\/p>\n<p><strong>Recogida y devoluci\u00f3n:<\/strong> En persona en el mostrador de la Biblioteca Adriance Memorial.<\/p>\n<p><strong>El kit contiene:<\/strong> Malet\u00edn de transporte, instrucciones de montaje, carpeta con material de referencia, soportes enrollables individuales de exposici\u00f3n. No son intercambiables ni pueden modificarse en modo alguno.<\/p>\n<p><strong>Multas:<\/strong> Devoluci\u00f3n s\u00f3lo en persona. Tasa de 5 $ por d\u00eda de retraso.<\/p>\n<p><strong>Tarifas de reemplazo:<\/strong><\/p>\n<ul>\n<li>$2,250.00, da\u00f1os considerados en una base prorrateada.<\/li>\n<\/ul>\n<p><strong>Acuerdo del prestatario:<\/strong> Revisar y firmar con el supervisor en el mostrador de salida antes de la salida y al volver a registrarse. Incluye directrices, multas y responsabilidad, uso y cuidado adecuados. Ver Acuerdo del Prestatario <strong><br \/>\n  <a href=\"https:\/\/poklib.org\/wp-content\/uploads\/2024\/01\/Exhibit-Agreement-Frederick-Douglass.pdf\" target=\"_blank\" rel=\"noopener\">aqu\u00ed<\/a><br \/>\n<\/strong>.<\/p>\n<\/div><\/div><\/div><\/div><\/div><div class=\"fusion-fullwidth fullwidth-box fusion-builder-row-3 fusion-flex-container nonhundred-percent-fullwidth non-hundred-percent-height-scrolling\" style=\"--awb-border-radius-top-left:0px;--awb-border-radius-top-right:0px;--awb-border-radius-bottom-right:0px;--awb-border-radius-bottom-left:0px;--awb-flex-wrap:wrap;\" ><div class=\"fusion-builder-row fusion-row fusion-flex-align-items-flex-start fusion-flex-content-wrap\" style=\"max-width:1122px;margin-left: calc(-2% \/ 2 );margin-right: calc(-2% \/ 2 );\"><div class=\"fusion-layout-column fusion_builder_column fusion-builder-column-3 fusion_builder_column_1_1 1_1 fusion-flex-column\" style=\"--awb-bg-blend:overlay;--awb-bg-size:cover;--awb-width-large:100%;--awb-margin-top-large:0px;--awb-spacing-right-large:0.98%;--awb-margin-bottom-large:20px;--awb-spacing-left-large:0.98%;--awb-width-medium:100%;--awb-spacing-right-medium:0.98%;--awb-spacing-left-medium:0.98%;--awb-width-small:100%;--awb-spacing-right-small:0.98%;--awb-spacing-left-small:0.98%;\"><div class=\"fusion-column-wrapper fusion-flex-justify-content-flex-start fusion-content-layout-column\"><div class=\"fusion-separator fusion-full-width-sep\" style=\"align-self: center;margin-left: auto;margin-right: auto;margin-bottom:15px;width:100%;\"><div class=\"fusion-separator-border sep-single sep-solid\" style=\"--awb-height:20px;--awb-amount:20px;--awb-sep-color:var(--awb-color8);border-color:var(--awb-color8);border-top-width:1px;\"><\/div><\/div><div class=\"fusion-text fusion-text-2\"><p><strong><br \/>\n  <em>Frederick Douglass: Defensor de la igualdad<\/em><br \/>\n<\/strong> presenta una exploraci\u00f3n de toda la trayectoria de la \u00e9pica vida de Douglass desde 1818 hasta 1895. En esta exposici\u00f3n itinerante de seis paneles creada por el Gilder Lehrman Institute of American History, los espectadores pueden conocer la huida de Douglass de la esclavitud, su labor como abolicionista y su incansable lucha por la plena igualdad de todas las personas en la \u00e9poca de Jim Crow.<\/p>\n<p><strong>Dimensiones:<\/strong> Seis paneles retr\u00e1ctiles independientes, cada uno de 33\u2033 x 81\u2033, que requieren 14 pies lineales para su exposici\u00f3n.<\/p>\n<p><strong>P\u00fablico destinatario: <\/strong>Esta exposici\u00f3n se cre\u00f3 para el p\u00fablico de secundaria y adultos, pero puede adaptarse a un p\u00fablico m\u00e1s joven con una programaci\u00f3n espec\u00edfica y un contexto hist\u00f3rico.<\/p>\n<p><strong>Recursos:<\/strong><\/p>\n<ul>\n<li>El <a href=\"https:\/\/poklib.org\/wp-content\/uploads\/2023\/07\/Frederick-Douglass-Advocate-for-Equality-Site-Support-Notebook.pdf\" target=\"_blank\" rel=\"noopener\">Cuaderno de apoyo a las sedes del<\/a> Instituto Gilder Lehrman incluye ideas para el programa, lecturas sugeridas y el texto completo de los paneles.<\/li>\n<li><a href=\"https:\/\/www.gilderlehrman.org\/history-resources\/curriculum\/frederick-douglass-exhibition-resource-page\" target=\"_blank\" rel=\"noopener\">Recursos para la exposici\u00f3n Freder<\/a>ick Douglass: Esta p\u00e1gina de recursos, del Gilder Lehrman Institute, se ha creado para proporcionar documentos, v\u00eddeos, sugerencias de lectura y m\u00e1s recursos para la exposici\u00f3n <i>Frederick Douglass: Defensor de la <\/i>igualdad, para quienes deseen saber m\u00e1s sobre la incre\u00edble vida y obra de Douglass.<\/li>\n<\/ul>\n<\/div><\/div><\/div><\/div><\/div><\/p>\n","protected":false},"excerpt":{"rendered":"","protected":false},"author":14,"featured_media":0,"parent":24656,"menu_order":0,"comment_status":"closed","ping_status":"closed","template":"","meta":{"_acf_changed":false,"advanced_seo_description":"","jetpack_seo_html_title":"","jetpack_seo_noindex":false,"footnotes":"","_links_to":"","_links_to_target":""},"class_list":["post-30341","page","type-page","status-publish","hentry"],"acf":[],"publishpress_future_action":{"enabled":false,"date":"2026-04-28 14:09:55","action":"change-status","newStatus":"draft","terms":[],"taxonomy":"translation_priority","extraData":[]},"publishpress_future_workflow_manual_trigger":{"enabledWorkflows":[]},"_links":{"self":[{"href":"https:\/\/poklib.org\/es\/wp-json\/wp\/v2\/pages\/30341","targetHints":{"allow":["GET"]}}],"collection":[{"href":"https:\/\/poklib.org\/es\/wp-json\/wp\/v2\/pages"}],"about":[{"href":"https:\/\/poklib.org\/es\/wp-json\/wp\/v2\/types\/page"}],"author":[{"embeddable":true,"href":"https:\/\/poklib.org\/es\/wp-json\/wp\/v2\/users\/14"}],"replies":[{"embeddable":true,"href":"https:\/\/poklib.org\/es\/wp-json\/wp\/v2\/comments?post=30341"}],"version-history":[{"count":0,"href":"https:\/\/poklib.org\/es\/wp-json\/wp\/v2\/pages\/30341\/revisions"}],"up":[{"embeddable":true,"href":"https:\/\/poklib.org\/es\/wp-json\/wp\/v2\/pages\/24656"}],"wp:attachment":[{"href":"https:\/\/poklib.org\/es\/wp-json\/wp\/v2\/media?parent=30341"}],"curies":[{"name":"wp","href":"https:\/\/api.w.org\/{rel}","templated":true}]}}