{"id":29105,"date":"2023-03-30T11:51:19","date_gmt":"2023-03-30T15:51:19","guid":{"rendered":"https:\/\/poklib.org\/servicio-de-traduccion\/"},"modified":"2026-03-10T16:29:19","modified_gmt":"2026-03-10T20:29:19","slug":"servicio-de-traduccion","status":"publish","type":"page","link":"https:\/\/poklib.org\/es\/servicio-de-traduccion\/","title":{"rendered":"Servicio de traducci\u00f3n"},"content":{"rendered":"<p><div class=\"fusion-fullwidth fullwidth-box fusion-builder-row-1 fusion-flex-container has-pattern-background has-mask-background nonhundred-percent-fullwidth non-hundred-percent-height-scrolling\" style=\"--awb-border-radius-top-left:0px;--awb-border-radius-top-right:0px;--awb-border-radius-bottom-right:0px;--awb-border-radius-bottom-left:0px;--awb-flex-wrap:wrap;\" ><div class=\"fusion-builder-row fusion-row fusion-flex-align-items-flex-start fusion-flex-content-wrap\" style=\"max-width:1122px;margin-left: calc(-2% \/ 2 );margin-right: calc(-2% \/ 2 );\"><div class=\"fusion-layout-column fusion_builder_column fusion-builder-column-0 fusion_builder_column_1_2 1_2 fusion-flex-column\" style=\"--awb-bg-size:cover;--awb-width-large:50%;--awb-margin-top-large:0px;--awb-spacing-right-large:1.96%;--awb-margin-bottom-large:20px;--awb-spacing-left-large:1.96%;--awb-width-medium:100%;--awb-order-medium:0;--awb-spacing-right-medium:0.98%;--awb-spacing-left-medium:0.98%;--awb-width-small:100%;--awb-order-small:0;--awb-spacing-right-small:0.98%;--awb-spacing-left-small:0.98%;\"><div class=\"fusion-column-wrapper fusion-column-has-shadow fusion-flex-justify-content-flex-start fusion-content-layout-column\"><div class=\"fusion-title title fusion-title-1 fusion-title-center fusion-title-text fusion-title-size-one\" style=\"--awb-text-color:var(--awb-color2);--awb-margin-top-small:10px;--awb-margin-right-small:0px;--awb-margin-bottom-small:10px;--awb-margin-left-small:0px;--awb-sep-color:var(--awb-color4);\"><div class=\"title-sep-container title-sep-container-left\"><div class=\"title-sep sep-double sep-solid\" style=\"border-color:var(--awb-color4);\"><\/div><\/div><span class=\"awb-title-spacer\"><\/span><h1 class=\"fusion-title-heading title-heading-center\" style=\"font-family:Arial, Helvetica, sans-serif;font-style:normal;font-weight:400;margin:0;\">Servicio de traducci\u00f3n comunitaria<\/h1><span class=\"awb-title-spacer\"><\/span><div class=\"title-sep-container title-sep-container-right\"><div class=\"title-sep sep-double sep-solid\" style=\"border-color:var(--awb-color4);\"><\/div><\/div><\/div><\/div><\/div><div class=\"fusion-layout-column fusion_builder_column fusion-builder-column-1 fusion_builder_column_1_2 1_2 fusion-flex-column\" style=\"--awb-bg-size:cover;--awb-width-large:50%;--awb-margin-top-large:0px;--awb-spacing-right-large:1.96%;--awb-margin-bottom-large:20px;--awb-spacing-left-large:1.96%;--awb-width-medium:100%;--awb-order-medium:0;--awb-spacing-right-medium:0.98%;--awb-spacing-left-medium:0.98%;--awb-width-small:100%;--awb-order-small:0;--awb-spacing-right-small:0.98%;--awb-spacing-left-small:0.98%;\"><div class=\"fusion-column-wrapper fusion-column-has-shadow fusion-flex-justify-content-flex-start fusion-content-layout-column\"><div class=\"fusion-title title fusion-title-2 fusion-title-center fusion-title-text fusion-title-size-one\" style=\"--awb-text-color:var(--awb-color2);--awb-margin-top-small:10px;--awb-margin-right-small:0px;--awb-margin-bottom-small:10px;--awb-margin-left-small:0px;--awb-sep-color:var(--awb-color4);\"><div class=\"title-sep-container title-sep-container-left\"><div class=\"title-sep sep-double sep-solid\" style=\"border-color:var(--awb-color4);\"><\/div><\/div><span class=\"awb-title-spacer\"><\/span><h1 class=\"fusion-title-heading title-heading-center\" style=\"font-family:Arial, Helvetica, sans-serif;font-style:normal;font-weight:400;margin:0;\">Servicio Comunitario de Traducci\u00f3n<\/h1><span class=\"awb-title-spacer\"><\/span><div class=\"title-sep-container title-sep-container-right\"><div class=\"title-sep sep-double sep-solid\" style=\"border-color:var(--awb-color4);\"><\/div><\/div><\/div><\/div><\/div><\/div><\/div><div class=\"fusion-fullwidth fullwidth-box fusion-builder-row-2 fusion-flex-container has-pattern-background has-mask-background nonhundred-percent-fullwidth non-hundred-percent-height-scrolling\" style=\"--awb-border-radius-top-left:0px;--awb-border-radius-top-right:0px;--awb-border-radius-bottom-right:0px;--awb-border-radius-bottom-left:0px;--awb-flex-wrap:wrap;\" ><div class=\"fusion-builder-row fusion-row fusion-flex-align-items-flex-start fusion-flex-content-wrap\" style=\"max-width:1122px;margin-left: calc(-2% \/ 2 );margin-right: calc(-2% \/ 2 );\"><div class=\"fusion-layout-column fusion_builder_column fusion-builder-column-2 fusion_builder_column_1_2 1_2 fusion-flex-column\" style=\"--awb-bg-size:cover;--awb-width-large:50%;--awb-margin-top-large:0px;--awb-spacing-right-large:1.96%;--awb-margin-bottom-large:20px;--awb-spacing-left-large:1.96%;--awb-width-medium:100%;--awb-order-medium:0;--awb-spacing-right-medium:0.98%;--awb-spacing-left-medium:0.98%;--awb-width-small:100%;--awb-order-small:0;--awb-spacing-right-small:0.98%;--awb-spacing-left-small:0.98%;\"><div class=\"fusion-column-wrapper fusion-column-has-shadow fusion-flex-justify-content-flex-start fusion-content-layout-column\"><div class=\"fusion-text fusion-text-1\" style=\"--awb-margin-top:15px;\"><p>El Distrito de la Biblioteca P\u00fablica de Poughkeepsie, en colaboraci\u00f3n con el Departamento de Lenguas y Culturas del Mundo de Marist University, tiene el placer de ofrecer este nuevo servicio de traducciones escritas y gratuitas a la comunidad.<\/p>\n<p><strong>Miembros de la comunidad y organizaciones sin fines<\/strong> de lucro pueden cargar sus documentos al formulario en l\u00ednea para solicitar traducciones de espa\u00f1ol a ingl\u00e9s o viceversa. Algunos ejemplos de los tipos de documentos que se pueden traducir son cartas, curr\u00edculum\/hoja de vida, solicitudes, y material promocional, con un m\u00e1ximo de cuatro p\u00e1ginas (por ambos lados). Las traducciones de la biblioteca no se deben usar como documentos legales, y no se proporcionan copias certificadas.<\/p>\n<p><strong>Por favor, espere 8 d\u00edas h\u00e1biles para las traducciones en l\u00ednea.<\/strong><\/p>\n<p>No podemos traducir textos protegidos por la ley de derechos de autor (Copyright Law) a menos que su uso se considere uso justo, lo cual el Distrito Bibliotecario evaluar\u00e1 caso por caso. El Distrito Bibliotecario se reserva el derecho de negar traducciones de textos protegidos por la ley.<\/p>\n<\/div><\/div><\/div><div class=\"fusion-layout-column fusion_builder_column fusion-builder-column-3 fusion_builder_column_1_2 1_2 fusion-flex-column\" style=\"--awb-bg-size:cover;--awb-width-large:50%;--awb-margin-top-large:0px;--awb-spacing-right-large:1.96%;--awb-margin-bottom-large:20px;--awb-spacing-left-large:1.96%;--awb-width-medium:100%;--awb-order-medium:0;--awb-spacing-right-medium:0.98%;--awb-spacing-left-medium:0.98%;--awb-width-small:100%;--awb-order-small:0;--awb-spacing-right-small:0.98%;--awb-spacing-left-small:0.98%;\"><div class=\"fusion-column-wrapper fusion-column-has-shadow fusion-flex-justify-content-flex-start fusion-content-layout-column\"><div class=\"fusion-text fusion-text-2\" style=\"--awb-margin-top:15px;\"><p>El Distrito de Bibliotecas P\u00fablicas de Poughkeepsie, en colaboraci\u00f3n con el Departamento de Lenguas y Culturas del Mundo de la Universidad Marista, se complace en ofrecer este servicio gratuito de traducci\u00f3n escrita a nuestra comunidad.<\/p>\n<p>Los <strong>mecenas y las organizaciones sin \u00e1nimo de lucro<\/strong> pueden enviar sus documentos al formulario en l\u00ednea para solicitar la traducci\u00f3n del espa\u00f1ol al ingl\u00e9s o viceversa. Algunos ejemplos de los tipos de documentos que pueden traducirse son cartas, curr\u00edculos, solicitudes y material promocional. M\u00e1ximo 4 p\u00e1ginas (incluye anverso y reverso). Las traducciones de la biblioteca no deben utilizarse en documentos legales, y no se proporcionan copias certificadas.<\/p>\n<p><strong>Las traducciones en l\u00ednea tardan 8 d\u00edas laborables.  <\/strong><\/p>\n<p>Las obras protegidas por derechos de autor no pueden traducirse a menos que el uso se considere <a href=\"https:\/\/www.copyright.gov\/fair-use\/\" target=\"_blank\" rel=\"noopener\"><strong>uso leg\u00edtimo<\/strong><\/a>en cuyo caso el Distrito de Bibliotecas evaluar\u00e1 cada solicitud caso por caso. El Distrito de Bibliotecas se reserva el derecho de rechazar traducciones de obras protegidas por derechos de autor.<\/p>\n<\/div><\/div><\/div><\/div><\/div><div class=\"fusion-fullwidth fullwidth-box fusion-builder-row-3 fusion-flex-container has-pattern-background has-mask-background nonhundred-percent-fullwidth non-hundred-percent-height-scrolling\" style=\"--awb-border-radius-top-left:0px;--awb-border-radius-top-right:0px;--awb-border-radius-bottom-right:0px;--awb-border-radius-bottom-left:0px;--awb-flex-wrap:wrap;\" ><div class=\"fusion-builder-row fusion-row fusion-flex-align-items-flex-start fusion-flex-content-wrap\" style=\"max-width:1122px;margin-left: calc(-2% \/ 2 );margin-right: calc(-2% \/ 2 );\"><div class=\"fusion-layout-column fusion_builder_column fusion-builder-column-4 fusion_builder_column_1_4 1_4 fusion-flex-column\" style=\"--awb-bg-size:cover;--awb-width-large:25%;--awb-margin-top-large:0px;--awb-spacing-right-large:3.92%;--awb-margin-bottom-large:20px;--awb-spacing-left-large:3.92%;--awb-width-medium:100%;--awb-order-medium:0;--awb-spacing-right-medium:0.98%;--awb-spacing-left-medium:0.98%;--awb-width-small:100%;--awb-order-small:0;--awb-spacing-right-small:0.98%;--awb-spacing-left-small:0.98%;\"><div class=\"fusion-column-wrapper fusion-column-has-shadow fusion-flex-justify-content-flex-start fusion-content-layout-column\"><div class=\"fusion-image-element \" style=\"--awb-caption-title-font-family:var(--h2_typography-font-family);--awb-caption-title-font-weight:var(--h2_typography-font-weight);--awb-caption-title-font-style:var(--h2_typography-font-style);--awb-caption-title-size:var(--h2_typography-font-size);--awb-caption-title-transform:var(--h2_typography-text-transform);--awb-caption-title-line-height:var(--h2_typography-line-height);--awb-caption-title-letter-spacing:var(--h2_typography-letter-spacing);\"><span class=\" fusion-imageframe imageframe-none imageframe-1 hover-type-none\"><img decoding=\"async\" width=\"400\" height=\"400\" title=\"servicios de traducci\u00f3n\" src=\"https:\/\/i0.wp.com\/poklib.org\/wp-content\/uploads\/2023\/03\/servicios-de-traduccion.png?fit=800%2C800&quality=79&ssl=1\" data-orig-src=\"https:\/\/poklib.org\/wp-content\/uploads\/2023\/03\/servicios-de-traduccion-400x400.png\" alt class=\"lazyload img-responsive wp-image-27726\" srcset=\"data:image\/svg+xml,%3Csvg%20xmlns%3D%27http%3A%2F%2Fwww.w3.org%2F2000%2Fsvg%27%20width%3D%27800%27%20height%3D%27800%27%20viewBox%3D%270%200%20800%20800%27%3E%3Crect%20width%3D%27800%27%20height%3D%27800%27%20fill-opacity%3D%220%22%2F%3E%3C%2Fsvg%3E\" data-srcset=\"https:\/\/i0.wp.com\/poklib.org\/wp-content\/uploads\/2023\/03\/servicios-de-traduccion.png?resize=66%2C66&amp;quality=79&amp;ssl=1 66w, https:\/\/i0.wp.com\/poklib.org\/wp-content\/uploads\/2023\/03\/servicios-de-traduccion.png?resize=200%2C200&amp;quality=79&amp;ssl=1 200w, https:\/\/i0.wp.com\/poklib.org\/wp-content\/uploads\/2023\/03\/servicios-de-traduccion.png?resize=400%2C400&amp;quality=79&amp;ssl=1 400w, https:\/\/i0.wp.com\/poklib.org\/wp-content\/uploads\/2023\/03\/servicios-de-traduccion.png?resize=600%2C600&amp;quality=79&amp;ssl=1 600w, https:\/\/i0.wp.com\/poklib.org\/wp-content\/uploads\/2023\/03\/servicios-de-traduccion.png?resize=768%2C768&amp;quality=79&amp;ssl=1 768w, https:\/\/i0.wp.com\/poklib.org\/wp-content\/uploads\/2023\/03\/servicios-de-traduccion.png?fit=800%2C800&amp;quality=79&amp;ssl=1 800w\" data-sizes=\"auto\" data-orig-sizes=\"(max-width: 1024px) 100vw, (max-width: 640px) 100vw, 400px\" \/><\/span><\/div><div class=\"fusion-text fusion-text-3\" style=\"--awb-margin-top:10px;\"><p style=\"text-align: left;\">El distrito bibliotecario, en colaboraci\u00f3n con el <a href=\"https:\/\/www.marist.edu\/liberal-arts\/modern-languages\" target=\"_blank\" rel=\"noopener\">Departamento de Lenguas y Culturas del Mundo de Marist University<\/a>, se complace en ofrecer este servicio de traducci\u00f3n a nuestros usuarios.<\/p>\n<p style=\"text-align: left;\">El Distrito de Bibliotecas, en colaboraci\u00f3n con el <a href=\"https:\/\/www.marist.edu\/liberal-arts\/modern-languages\">Departamento de Lenguas y Culturas del Mundo de la Universidad Marista<\/a>, se complace en ofrecer este servicio de traducci\u00f3n a nuestros usuarios.<\/p>\n<\/div><\/div><\/div><div class=\"fusion-layout-column fusion_builder_column fusion-builder-column-5 fusion_builder_column_3_4 3_4 fusion-flex-column\" style=\"--awb-bg-size:cover;--awb-width-large:75%;--awb-margin-top-large:0px;--awb-spacing-right-large:1.30666666667%;--awb-margin-bottom-large:20px;--awb-spacing-left-large:1.30666666667%;--awb-width-medium:100%;--awb-order-medium:0;--awb-spacing-right-medium:0.98%;--awb-spacing-left-medium:0.98%;--awb-width-small:100%;--awb-order-small:0;--awb-spacing-right-small:0.98%;--awb-spacing-left-small:0.98%;\" data-scroll-devices=\"small-visibility,medium-visibility,large-visibility\"><div class=\"fusion-column-wrapper fusion-column-has-shadow fusion-flex-justify-content-flex-start fusion-content-layout-column\"><div class=\"wpforms-container wpforms-render-modern\" id=\"wpforms-27713\"><form id=\"wpforms-form-27713\" class=\"wpforms-validate wpforms-form wpforms-ajax-form\" data-formid=\"27713\" method=\"post\" enctype=\"multipart\/form-data\" action=\"\/es\/wp-json\/wp\/v2\/pages\/29105?wpforms_form_id=27713\" data-token=\"c9a818a9531a62ed613f8147a52fcacb\" data-token-time=\"1777755995\"><noscript class=\"wpforms-error-noscript\">Por favor, activa JavaScript en tu navegador para completar este formulario.<\/noscript><div id=\"wpforms-error-noscript\" style=\"display: none;\">Por favor, activa JavaScript en tu navegador para completar este formulario.<\/div><div class=\"wpforms-field-container\"><div id=\"wpforms-27713-field_9-container\" class=\"wpforms-field wpforms-field-layout\" data-field-id=\"9\"><div class=\"wpforms-field-layout-columns wpforms-field-layout-preset-50-50\"><div class=\"wpforms-layout-column wpforms-layout-column-50\" ><div id=\"wpforms-27713-field_7-container\" class=\"wpforms-field wpforms-field-text\" data-field-id=\"7\"><label class=\"wpforms-field-label\" for=\"wpforms-27713-field_7\">Nombre(s) \/ First <span class=\"wpforms-required-label\" aria-hidden=\"true\">*<\/span><\/label><input type=\"text\" id=\"wpforms-27713-field_7\" class=\"wpforms-field-medium wpforms-field-required\" name=\"wpforms[fields][7]\" aria-errormessage=\"wpforms-27713-field_7-error\" required><\/div><\/div><div class=\"wpforms-layout-column wpforms-layout-column-50\" ><div id=\"wpforms-27713-field_8-container\" class=\"wpforms-field wpforms-field-text\" data-field-id=\"8\"><label class=\"wpforms-field-label\" for=\"wpforms-27713-field_8\">Apellido \/ Last <span class=\"wpforms-required-label\" aria-hidden=\"true\">*<\/span><\/label><input type=\"text\" id=\"wpforms-27713-field_8\" class=\"wpforms-field-medium wpforms-field-required\" name=\"wpforms[fields][8]\" aria-errormessage=\"wpforms-27713-field_8-error\" required><\/div><\/div><\/div><\/div><div id=\"wpforms-27713-field_1-container\" class=\"wpforms-field wpforms-field-email\" data-field-id=\"1\"><label class=\"wpforms-field-label\" for=\"wpforms-27713-field_1\">Correo electr\u00f3nico \/ Email <span class=\"wpforms-required-label\" aria-hidden=\"true\">*<\/span><\/label><input type=\"email\" id=\"wpforms-27713-field_1\" class=\"wpforms-field-large wpforms-field-required\" name=\"wpforms[fields][1]\" spellcheck=\"false\" aria-errormessage=\"wpforms-27713-field_1-error\" required><\/div><div id=\"wpforms-27713-field_3-container\" class=\"wpforms-field wpforms-field-phone\" data-field-id=\"3\"><label class=\"wpforms-field-label\" for=\"wpforms-27713-field_3\">Tel\u00e9fono \/ Phone<\/label><input type=\"tel\" id=\"wpforms-27713-field_3\" class=\"wpforms-field-large wpforms-smart-phone-field\" data-rule-smart-phone-field=\"true\" name=\"wpforms[fields][3]\" aria-label=\"Tel\u00e9fono \/ Phone\" aria-errormessage=\"wpforms-27713-field_3-error\" ><\/div><div id=\"wpforms-27713-field_6-container\" class=\"wpforms-field wpforms-field-checkbox\" data-field-id=\"6\"><fieldset><legend class=\"wpforms-field-label\">En qu\u00e9 idioma requiere la traducci\u00f3n: English - English<\/legend><ul id=\"wpforms-27713-field_6\"><li class=\"choice-2 depth-1\"><input type=\"checkbox\" id=\"wpforms-27713-field_6_2\" name=\"wpforms[fields][6][]\" value=\"Espa\u00f1ol - Ingl\u00e9s \/ Spanish to English\" aria-errormessage=\"wpforms-27713-field_6_2-error\"  ><label class=\"wpforms-field-label-inline\" for=\"wpforms-27713-field_6_2\">Espa\u00f1ol - Ingl\u00e9s \/ Spanish to English<\/label><\/li><li class=\"choice-1 depth-1\"><input type=\"checkbox\" id=\"wpforms-27713-field_6_1\" name=\"wpforms[fields][6][]\" value=\"Ingl\u00e9s - Espa\u00f1ol \/ English to Spanish\" aria-errormessage=\"wpforms-27713-field_6_1-error\"  ><label class=\"wpforms-field-label-inline\" for=\"wpforms-27713-field_6_1\">Ingl\u00e9s - Espa\u00f1ol \/ English to Spanish<\/label><\/li><\/ul><\/fieldset><\/div><div id=\"wpforms-27713-field_2-container\" class=\"wpforms-field wpforms-field-textarea\" data-field-id=\"2\"><label class=\"wpforms-field-label\" for=\"wpforms-27713-field_2\">\u00bfCu\u00e1l es la finalidad del documento? \/ \u00bfCu\u00e1l es la finalidad de este documento? \u00bfC\u00f3mo piensa utilizarlo?<\/label><textarea id=\"wpforms-27713-field_2\" class=\"wpforms-field-large\" name=\"wpforms[fields][2]\" aria-errormessage=\"wpforms-27713-field_2-error\" ><\/textarea><\/div><div id=\"wpforms-27713-field_4-container\" class=\"wpforms-field wpforms-field-file-upload\" data-field-id=\"4\"><label class=\"wpforms-field-label\" for=\"wpforms-27713-field_4\">Cargue su documento aqu\u00ed - M\u00e1ximo de 4 p\u00e1ginas \/ File Upload - Maximum of 4 pages<\/label><div\n\t\tclass=\"wpforms-uploader \"\n\t\tdata-field-id=\"4\"\n\t\tdata-form-id=\"27713\"\n\t\tdata-input-name=\"wpforms_27713_4\"\n\t\tdata-extensions=\"png,jpg,pdf,doc,xls,ppt,pdf,docx\"\n\t\tdata-max-size=\"52428800\"\n\t\tdata-max-file-number=\"4\"\n\t\tdata-post-max-size=\"52428800\"\n\t\tdata-max-parallel-uploads=\"4\"\n\t\tdata-parallel-uploads=\"true\"\n\t\tdata-file-chunk-size=\"2097152\">\n\t<div class=\"dz-message\">\n\t\t<svg  viewBox=\"0 0 640 640\" focusable=\"false\" data-icon=\"inbox\" width=\"50px\" height=\"50px\" fill=\"currentColor\" aria-hidden=\"true\">\n\t\t\t<path d=\"M352 173.3L352 384C352 401.7 337.7 416 320 416C302.3 416 288 401.7 288 384L288 173.3L246.6 214.7C234.1 227.2 213.8 227.2 201.3 214.7C188.8 202.2 188.8 181.9 201.3 169.4L297.3 73.4C309.8 60.9 330.1 60.9 342.6 73.4L438.6 169.4C451.1 181.9 451.1 202.2 438.6 214.7C426.1 227.2 405.8 227.2 393.3 214.7L352 173.3zM320 464C364.2 464 400 428.2 400 384L480 384C515.3 384 544 412.7 544 448L544 480C544 515.3 515.3 544 480 544L160 544C124.7 544 96 515.3 96 480L96 448C96 412.7 124.7 384 160 384L240 384C240 428.2 275.8 464 320 464zM464 488C477.3 488 488 477.3 488 464C488 450.7 477.3 440 464 440C450.7 440 440 450.7 440 464C440 477.3 450.7 488 464 488z\"\/>\n\t\t<\/svg>\n\n\t\t<span class=\"modern-title\">\n\t\t\t\t\t\t\tDrag &amp; Drop Files, \t\t\t\t<span>Choose Files to Upload<\/span>\n\t\t\t\t\t<\/span>\n\n\t\t\t\t\t<span class=\"modern-hint\">You can upload up to 4 files.<\/span>\n\t\t\t<\/div>\n<\/div>\n\n<input\n\t\ttype=\"text\"\n\t\tautocomplete=\"off\"\n\t\treadonly\n\t\tclass=\"dropzone-input\"\n\t\tstyle=\"position:absolute!important;clip:rect(0,0,0,0)!important;height:1px!important;width:1px!important;border:0!important;overflow:hidden!important;padding:0!important;margin:0!important;\"\n\t\tid=\"wpforms-27713-field_4\"\n\t\tname=\"wpforms_27713_4\" \t\tvalue=\"\">\n<div id=\"wpforms-27713-field_4-description\" class=\"wpforms-field-description\">Haga clic o arrastre sus archivos a esta \u00e1rea. Puede cargar hasta 4 archivos.\n\nFormatos admitidos para archivos: JPG, PNG, PDF, Word \/ Tipos de archivo admitidos: JPG, PNG, PDF, Word<\/div><\/div><\/div><!-- .wpforms-field-container --><div class=\"wpforms-submit-container\" ><input type=\"hidden\" name=\"wpforms[id]\" value=\"27713\"><input type=\"hidden\" name=\"page_title\" value=\"\"><input type=\"hidden\" name=\"page_url\" value=\"https:\/\/poklib.org\/es\/wp-json\/wp\/v2\/pages\/29105\"><input type=\"hidden\" name=\"url_referer\" value=\"\"><button type=\"submit\" name=\"wpforms[submit]\" id=\"wpforms-submit-27713\" class=\"wpforms-submit\" data-alt-text=\"Enviando...\" data-submit-text=\"Enviar \/ Submit\" aria-live=\"assertive\" value=\"wpforms-submit\">Enviar \/ Submit<\/button><img decoding=\"async\" src=\"data:image\/svg+xml,%3Csvg%20xmlns%3D%27http%3A%2F%2Fwww.w3.org%2F2000%2Fsvg%27%20width%3D%2726%27%20height%3D%2726%27%20viewBox%3D%270%200%2026%2026%27%3E%3Crect%20width%3D%2726%27%20height%3D%2726%27%20fill-opacity%3D%220%22%2F%3E%3C%2Fsvg%3E\" data-orig-src=\"https:\/\/poklib.org\/wp-content\/plugins\/wpforms\/assets\/images\/submit-spin.svg\" class=\"lazyload wpforms-submit-spinner\" style=\"display: none;\" width=\"26\" height=\"26\" alt=\"Cargando\"><\/div><\/form><\/div>  <!-- .wpforms-container --><\/div><\/div><\/div><\/div><\/p>\n","protected":false},"excerpt":{"rendered":"","protected":false},"author":14,"featured_media":0,"parent":0,"menu_order":0,"comment_status":"closed","ping_status":"closed","template":"","meta":{"_acf_changed":false,"advanced_seo_description":"","jetpack_seo_html_title":"","jetpack_seo_noindex":false,"footnotes":"","_links_to":"","_links_to_target":""},"class_list":["post-29105","page","type-page","status-publish","hentry"],"acf":[],"publishpress_future_action":{"enabled":false,"date":"2026-05-09 17:06:35","action":"change-status","newStatus":"draft","terms":[],"taxonomy":"translation_priority","extraData":[]},"publishpress_future_workflow_manual_trigger":{"enabledWorkflows":[]},"_links":{"self":[{"href":"https:\/\/poklib.org\/es\/wp-json\/wp\/v2\/pages\/29105","targetHints":{"allow":["GET"]}}],"collection":[{"href":"https:\/\/poklib.org\/es\/wp-json\/wp\/v2\/pages"}],"about":[{"href":"https:\/\/poklib.org\/es\/wp-json\/wp\/v2\/types\/page"}],"author":[{"embeddable":true,"href":"https:\/\/poklib.org\/es\/wp-json\/wp\/v2\/users\/14"}],"replies":[{"embeddable":true,"href":"https:\/\/poklib.org\/es\/wp-json\/wp\/v2\/comments?post=29105"}],"version-history":[{"count":0,"href":"https:\/\/poklib.org\/es\/wp-json\/wp\/v2\/pages\/29105\/revisions"}],"wp:attachment":[{"href":"https:\/\/poklib.org\/es\/wp-json\/wp\/v2\/media?parent=29105"}],"curies":[{"name":"wp","href":"https:\/\/api.w.org\/{rel}","templated":true}]}}