{"id":28319,"date":"2023-06-06T15:33:56","date_gmt":"2023-06-06T19:33:56","guid":{"rendered":"https:\/\/poklib.org\/mochilas-para-explorar-la-naturaleza\/"},"modified":"2025-11-06T10:51:41","modified_gmt":"2025-11-06T15:51:41","slug":"mochilas-para-explorar-la-naturaleza","status":"publish","type":"page","link":"https:\/\/poklib.org\/es\/juventud\/mochilas-para-explorar-la-naturaleza\/","title":{"rendered":"Mochilas para explorar la naturaleza"},"content":{"rendered":"<p><div class=\"fusion-fullwidth fullwidth-box fusion-builder-row-1 fusion-flex-container has-pattern-background has-mask-background nonhundred-percent-fullwidth non-hundred-percent-height-scrolling\" style=\"--awb-border-radius-top-left:0px;--awb-border-radius-top-right:0px;--awb-border-radius-bottom-right:0px;--awb-border-radius-bottom-left:0px;--awb-flex-wrap:wrap;\" ><div class=\"fusion-builder-row fusion-row fusion-flex-align-items-flex-start fusion-flex-content-wrap\" style=\"max-width:1122px;margin-left: calc(-2% \/ 2 );margin-right: calc(-2% \/ 2 );\"><div class=\"fusion-layout-column fusion_builder_column fusion-builder-column-0 fusion_builder_column_1_1 1_1 fusion-flex-column\" style=\"--awb-bg-size:cover;--awb-width-large:100%;--awb-margin-top-large:0px;--awb-spacing-right-large:0.98%;--awb-margin-bottom-large:20px;--awb-spacing-left-large:0.98%;--awb-width-medium:100%;--awb-order-medium:0;--awb-spacing-right-medium:0.98%;--awb-spacing-left-medium:0.98%;--awb-width-small:100%;--awb-order-small:0;--awb-spacing-right-small:0.98%;--awb-spacing-left-small:0.98%;\"><div class=\"fusion-column-wrapper fusion-column-has-shadow fusion-flex-justify-content-flex-start fusion-content-layout-column\"><div class=\"fusion-text fusion-text-1\" style=\"--awb-margin-top:10px;\"><p><span style=\"color: #339966;\"><strong>Mochilas de Exploraci\u00f3n de la Naturaleza<\/strong><\/span><br \/>\nDisponibles en la Colecci\u00f3n para Padres, en el mostrador de salida del Departamento Infantil de la Biblioteca Adriance Memorial (2\u00aa planta) o en el mostrador de salida de la Biblioteca de Boardman Road. Las mochilas deben ser devolvidas en persona (no usen el Book drop) a la biblioteca donde fueron prestadas.<\/p>\n<p><span style=\"color: #339966;\"><strong>\u00bfQu\u00e9 es una mochila de exploraci\u00f3n de la naturaleza?<\/strong><\/span><br \/>\nLas mochilas de exploraci\u00f3n de la naturaleza est\u00e1n dise\u00f1adas para animar a los ni\u00f1os y a las familias a explorar juntos el aire libre mientras aprenden sobre la vida salvaje y el h\u00e1bitat.<\/p>\n<p><span style=\"color: #339966;\"><b>Informaci\u00f3n sobre el pr\u00e9stamo de mochilas:<\/b><\/span><\/p>\n<ul>\n<li>Disponible s\u00f3lo para residentes de PPLD, para las personas que son mayores de 18 a\u00f1os y tengan en regla su tarjeta de la biblioteca por m\u00e1s de 6 meses.<\/li>\n<li>Las mochilas s\u00f3lo pueden ser sacadas por un padre\/guardi\u00e1n que ser\u00e1 responsable de la mochila.<\/li>\n<li>Se puede sacar una mochila por familia cada vez.<\/li>\n<li>El periodo de pr\u00e9stamo de una mochila es de 1 semana.<\/li>\n<li>Las mochilas no son renovables ni pueden ponerse en espera.<\/li>\n<li>En caso de que se ha perdido o no devolvido, hay una multa de $100 para reemplazar la mochila.<\/li>\n<li>Las mochilas deben ser devolvidas en persona (no usen el Book drop) a la biblioteca donde fueron prestadas.<\/li>\n<\/ul>\n<\/div><\/div><\/div><\/div><\/div><div class=\"fusion-fullwidth fullwidth-box fusion-builder-row-2 fusion-flex-container has-pattern-background has-mask-background nonhundred-percent-fullwidth non-hundred-percent-height-scrolling\" style=\"--awb-border-radius-top-left:0px;--awb-border-radius-top-right:0px;--awb-border-radius-bottom-right:0px;--awb-border-radius-bottom-left:0px;--awb-flex-wrap:wrap;\" ><div class=\"fusion-builder-row fusion-row fusion-flex-align-items-flex-start fusion-flex-content-wrap\" style=\"max-width:1122px;margin-left: calc(-2% \/ 2 );margin-right: calc(-2% \/ 2 );\"><div class=\"fusion-layout-column fusion_builder_column fusion-builder-column-1 fusion_builder_column_1_5 1_5 fusion-flex-column\" style=\"--awb-bg-size:cover;--awb-width-large:20%;--awb-margin-top-large:0px;--awb-spacing-right-large:4.9%;--awb-margin-bottom-large:20px;--awb-spacing-left-large:4.9%;--awb-width-medium:100%;--awb-order-medium:0;--awb-spacing-right-medium:0.98%;--awb-spacing-left-medium:0.98%;--awb-width-small:100%;--awb-order-small:0;--awb-spacing-right-small:0.98%;--awb-spacing-left-small:0.98%;\"><div class=\"fusion-column-wrapper fusion-column-has-shadow fusion-flex-justify-content-flex-start fusion-content-layout-column\"><div class=\"fusion-image-element \" style=\"--awb-caption-title-font-family:var(--h2_typography-font-family);--awb-caption-title-font-weight:var(--h2_typography-font-weight);--awb-caption-title-font-style:var(--h2_typography-font-style);--awb-caption-title-size:var(--h2_typography-font-size);--awb-caption-title-transform:var(--h2_typography-text-transform);--awb-caption-title-line-height:var(--h2_typography-line-height);--awb-caption-title-letter-spacing:var(--h2_typography-letter-spacing);\"><span class=\" fusion-imageframe imageframe-none imageframe-1 hover-type-none\"><a href=\"https:\/\/i0.wp.com\/poklib.org\/wp-content\/uploads\/2023\/06\/image_6483441-5-scaled.jpg?quality=88&#038;ssl=1\" class=\"fusion-lightbox\" data-rel=\"iLightbox[94afbc6032ef6ea9817]\" data-title=\"Mochila de exploraci\u00f3n de la naturaleza \u00c1rboles\" title=\"Mochila de exploraci\u00f3n de la naturaleza \u00c1rboles\"><img decoding=\"async\" width=\"800\" height=\"751\" alt=\"Mochila infantil llena de gu\u00edas de \u00e1rboles, libros sobre \u00e1rboles y prism\u00e1ticos.\" src=\"https:\/\/i0.wp.com\/poklib.org\/wp-content\/uploads\/2023\/06\/image_6483441-5-scaled.jpg?fit=800%2C751&quality=88&ssl=1\" data-orig-src=\"https:\/\/poklib.org\/wp-content\/uploads\/2023\/06\/image_6483441-5-scaled.jpg\" class=\"lazyload img-responsive wp-image-28311\" srcset=\"data:image\/svg+xml,%3Csvg%20xmlns%3D%27http%3A%2F%2Fwww.w3.org%2F2000%2Fsvg%27%20width%3D%27800%27%20height%3D%27751%27%20viewBox%3D%270%200%20800%20751%27%3E%3Crect%20width%3D%27800%27%20height%3D%27751%27%20fill-opacity%3D%220%22%2F%3E%3C%2Fsvg%3E\" data-srcset=\"https:\/\/i0.wp.com\/poklib.org\/wp-content\/uploads\/2023\/06\/image_6483441-5-scaled.jpg?resize=200%2C188&amp;quality=88&amp;ssl=1 200w, https:\/\/i0.wp.com\/poklib.org\/wp-content\/uploads\/2023\/06\/image_6483441-5-scaled.jpg?resize=400%2C375&amp;quality=88&amp;ssl=1 400w, https:\/\/i0.wp.com\/poklib.org\/wp-content\/uploads\/2023\/06\/image_6483441-5-scaled.jpg?resize=600%2C563&amp;quality=88&amp;ssl=1 600w, https:\/\/i0.wp.com\/poklib.org\/wp-content\/uploads\/2023\/06\/image_6483441-5-scaled.jpg?resize=768%2C721&amp;quality=88&amp;ssl=1 768w, https:\/\/i0.wp.com\/poklib.org\/wp-content\/uploads\/2023\/06\/image_6483441-5-scaled.jpg?fit=800%2C751&amp;quality=88&amp;ssl=1 800w, https:\/\/i0.wp.com\/poklib.org\/wp-content\/uploads\/2023\/06\/image_6483441-5-scaled.jpg?resize=1200%2C1126&amp;quality=88&amp;ssl=1 1200w, https:\/\/i0.wp.com\/poklib.org\/wp-content\/uploads\/2023\/06\/image_6483441-5-scaled.jpg?resize=1536%2C1442&amp;quality=88&amp;ssl=1 1536w\" data-sizes=\"auto\" data-orig-sizes=\"(max-width: 1024px) 100vw, (max-width: 640px) 100vw, 400px\" \/><\/a><\/span><\/div><div class=\"fusion-text fusion-text-2\" style=\"--awb-margin-top:10px;\"><div style=\"text-align: left;\"><strong>Exploraci\u00f3n de bosques<\/strong> &#8211; Descubra los \u00e1rboles, aprenda sobre los distintos tipos y especies, y c\u00f3mo desempe\u00f1an un papel importante en nuestro mundo.<\/div>\n<\/div><\/div><\/div><div class=\"fusion-layout-column fusion_builder_column fusion-builder-column-2 fusion_builder_column_1_5 1_5 fusion-flex-column\" style=\"--awb-bg-size:cover;--awb-width-large:20%;--awb-margin-top-large:0px;--awb-spacing-right-large:4.9%;--awb-margin-bottom-large:20px;--awb-spacing-left-large:4.9%;--awb-width-medium:100%;--awb-order-medium:0;--awb-spacing-right-medium:0.98%;--awb-spacing-left-medium:0.98%;--awb-width-small:100%;--awb-order-small:0;--awb-spacing-right-small:0.98%;--awb-spacing-left-small:0.98%;\"><div class=\"fusion-column-wrapper fusion-column-has-shadow fusion-flex-justify-content-flex-start fusion-content-layout-column\"><div class=\"fusion-image-element \" style=\"--awb-caption-title-font-family:var(--h2_typography-font-family);--awb-caption-title-font-weight:var(--h2_typography-font-weight);--awb-caption-title-font-style:var(--h2_typography-font-style);--awb-caption-title-size:var(--h2_typography-font-size);--awb-caption-title-transform:var(--h2_typography-text-transform);--awb-caption-title-line-height:var(--h2_typography-line-height);--awb-caption-title-letter-spacing:var(--h2_typography-letter-spacing);\"><span class=\" fusion-imageframe imageframe-none imageframe-2 hover-type-none\"><a href=\"https:\/\/i0.wp.com\/poklib.org\/wp-content\/uploads\/2023\/06\/IMG_5189-rotated.jpg?quality=88&#038;ssl=1\" class=\"fusion-lightbox\" data-rel=\"iLightbox[e7b24fcc2cf5d1450f9]\" data-title=\"Mochila de exploraci\u00f3n de la naturaleza Insectos\" title=\"Mochila de exploraci\u00f3n de la naturaleza Insectos\"><img decoding=\"async\" width=\"480\" height=\"640\" alt=\"Mochila que contiene gu\u00edas relacionadas con los insectos y herramientas de recolecci\u00f3n para ni\u00f1os\" src=\"https:\/\/i0.wp.com\/poklib.org\/wp-content\/uploads\/2023\/06\/IMG_5189-rotated.jpg?fit=480%2C640&quality=88&ssl=1\" data-orig-src=\"https:\/\/poklib.org\/wp-content\/uploads\/2023\/06\/IMG_5189-rotated.jpg\" class=\"lazyload img-responsive wp-image-28315\" srcset=\"data:image\/svg+xml,%3Csvg%20xmlns%3D%27http%3A%2F%2Fwww.w3.org%2F2000%2Fsvg%27%20width%3D%27480%27%20height%3D%27640%27%20viewBox%3D%270%200%20480%20640%27%3E%3Crect%20width%3D%27480%27%20height%3D%27640%27%20fill-opacity%3D%220%22%2F%3E%3C%2Fsvg%3E\" data-srcset=\"https:\/\/i0.wp.com\/poklib.org\/wp-content\/uploads\/2023\/06\/IMG_5189-rotated.jpg?resize=200%2C267&amp;quality=88&amp;ssl=1 200w, https:\/\/i0.wp.com\/poklib.org\/wp-content\/uploads\/2023\/06\/IMG_5189-rotated.jpg?resize=400%2C533&amp;quality=88&amp;ssl=1 400w, https:\/\/i0.wp.com\/poklib.org\/wp-content\/uploads\/2023\/06\/IMG_5189-rotated.jpg?fit=480%2C640&amp;quality=88&amp;ssl=1 480w\" data-sizes=\"auto\" data-orig-sizes=\"(max-width: 1024px) 100vw, (max-width: 640px) 100vw, 400px\" \/><\/a><\/span><\/div><div class=\"fusion-text fusion-text-3\" style=\"--awb-margin-top:10px;\"><div style=\"text-align: left;\"><strong>Exploraci\u00f3n de insectos<\/strong> &#8211; Para entom\u00f3logos en ciernes, esta mochila contiene una red de recolecci\u00f3n, recipientes de observaci\u00f3n y gu\u00edas.<\/div>\n<\/div><\/div><\/div><div class=\"fusion-layout-column fusion_builder_column fusion-builder-column-3 fusion_builder_column_1_5 1_5 fusion-flex-column\" style=\"--awb-bg-size:cover;--awb-width-large:20%;--awb-margin-top-large:0px;--awb-spacing-right-large:4.9%;--awb-margin-bottom-large:20px;--awb-spacing-left-large:4.9%;--awb-width-medium:100%;--awb-order-medium:0;--awb-spacing-right-medium:0.98%;--awb-spacing-left-medium:0.98%;--awb-width-small:100%;--awb-order-small:0;--awb-spacing-right-small:0.98%;--awb-spacing-left-small:0.98%;\"><div class=\"fusion-column-wrapper fusion-column-has-shadow fusion-flex-justify-content-flex-start fusion-content-layout-column\"><div class=\"fusion-image-element \" style=\"--awb-caption-title-font-family:var(--h2_typography-font-family);--awb-caption-title-font-weight:var(--h2_typography-font-weight);--awb-caption-title-font-style:var(--h2_typography-font-style);--awb-caption-title-size:var(--h2_typography-font-size);--awb-caption-title-transform:var(--h2_typography-text-transform);--awb-caption-title-line-height:var(--h2_typography-line-height);--awb-caption-title-letter-spacing:var(--h2_typography-letter-spacing);\"><span class=\" fusion-imageframe imageframe-none imageframe-3 hover-type-none\"><a href=\"https:\/\/i0.wp.com\/poklib.org\/wp-content\/uploads\/2023\/06\/IMG_5188.jpg?quality=88&#038;ssl=1\" class=\"fusion-lightbox\" data-rel=\"iLightbox[8b228f403a5a16723e7]\" data-title=\"Exploraci\u00f3n de la Naturaleza Rastreo con Mochila\" title=\"Exploraci\u00f3n de la Naturaleza Rastreo con Mochila\"><img decoding=\"async\" width=\"640\" height=\"498\" alt=\"Mochila llena de gu\u00edas infantiles y herramientas para aprender a rastrear animales\" src=\"https:\/\/i0.wp.com\/poklib.org\/wp-content\/uploads\/2023\/06\/IMG_5188.jpg?fit=640%2C498&quality=88&ssl=1\" data-orig-src=\"https:\/\/poklib.org\/wp-content\/uploads\/2023\/06\/IMG_5188.jpg\" class=\"lazyload img-responsive wp-image-28313\" srcset=\"data:image\/svg+xml,%3Csvg%20xmlns%3D%27http%3A%2F%2Fwww.w3.org%2F2000%2Fsvg%27%20width%3D%27640%27%20height%3D%27498%27%20viewBox%3D%270%200%20640%20498%27%3E%3Crect%20width%3D%27640%27%20height%3D%27498%27%20fill-opacity%3D%220%22%2F%3E%3C%2Fsvg%3E\" data-srcset=\"https:\/\/i0.wp.com\/poklib.org\/wp-content\/uploads\/2023\/06\/IMG_5188.jpg?resize=200%2C156&amp;quality=88&amp;ssl=1 200w, https:\/\/i0.wp.com\/poklib.org\/wp-content\/uploads\/2023\/06\/IMG_5188.jpg?resize=400%2C311&amp;quality=88&amp;ssl=1 400w, https:\/\/i0.wp.com\/poklib.org\/wp-content\/uploads\/2023\/06\/IMG_5188.jpg?resize=600%2C467&amp;quality=88&amp;ssl=1 600w, https:\/\/i0.wp.com\/poklib.org\/wp-content\/uploads\/2023\/06\/IMG_5188.jpg?fit=640%2C498&amp;quality=88&amp;ssl=1 640w\" data-sizes=\"auto\" data-orig-sizes=\"(max-width: 1024px) 100vw, (max-width: 640px) 100vw, 400px\" \/><\/a><\/span><\/div><div class=\"fusion-text fusion-text-4\" style=\"--awb-margin-top:10px;\"><div style=\"text-align: left;\">\n<div><strong>Exploraci\u00f3n de rastros<\/strong> &#8211; \u00bfTiene buen ojo para las pruebas de animales? Este pack contiene tarjetas de identificaci\u00f3n, placas para frotar huellas de animales, gu\u00edas y una br\u00fajula.<\/div>\n<\/div>\n<\/div><\/div><\/div><div class=\"fusion-layout-column fusion_builder_column fusion-builder-column-4 fusion_builder_column_1_5 1_5 fusion-flex-column\" style=\"--awb-bg-size:cover;--awb-width-large:20%;--awb-margin-top-large:0px;--awb-spacing-right-large:4.9%;--awb-margin-bottom-large:20px;--awb-spacing-left-large:4.9%;--awb-width-medium:100%;--awb-order-medium:0;--awb-spacing-right-medium:0.98%;--awb-spacing-left-medium:0.98%;--awb-width-small:100%;--awb-order-small:0;--awb-spacing-right-small:0.98%;--awb-spacing-left-small:0.98%;\"><div class=\"fusion-column-wrapper fusion-column-has-shadow fusion-flex-justify-content-flex-start fusion-content-layout-column\"><div class=\"fusion-image-element \" style=\"--awb-caption-title-font-family:var(--h2_typography-font-family);--awb-caption-title-font-weight:var(--h2_typography-font-weight);--awb-caption-title-font-style:var(--h2_typography-font-style);--awb-caption-title-size:var(--h2_typography-font-size);--awb-caption-title-transform:var(--h2_typography-text-transform);--awb-caption-title-line-height:var(--h2_typography-line-height);--awb-caption-title-letter-spacing:var(--h2_typography-letter-spacing);\"><span class=\" fusion-imageframe imageframe-none imageframe-4 hover-type-none\"><a href=\"https:\/\/i0.wp.com\/poklib.org\/wp-content\/uploads\/2023\/06\/image_6483441-4-scaled.jpg?quality=88&#038;ssl=1\" class=\"fusion-lightbox\" data-rel=\"iLightbox[dd4d939fa701943fc96]\" data-title=\"Mochila de exploraci\u00f3n de la naturaleza Observaci\u00f3n de aves\" title=\"Mochila de exploraci\u00f3n de la naturaleza Observaci\u00f3n de aves\"><img decoding=\"async\" width=\"788\" height=\"800\" alt=\"Children&#039;s backpack and the contents to borrow to use for birdwatching.\" src=\"https:\/\/i0.wp.com\/poklib.org\/wp-content\/uploads\/2023\/06\/image_6483441-4-scaled.jpg?fit=788%2C800&quality=88&ssl=1\" data-orig-src=\"https:\/\/poklib.org\/wp-content\/uploads\/2023\/06\/image_6483441-4-scaled.jpg\" class=\"lazyload img-responsive wp-image-28309\" srcset=\"data:image\/svg+xml,%3Csvg%20xmlns%3D%27http%3A%2F%2Fwww.w3.org%2F2000%2Fsvg%27%20width%3D%27788%27%20height%3D%27800%27%20viewBox%3D%270%200%20788%20800%27%3E%3Crect%20width%3D%27788%27%20height%3D%27800%27%20fill-opacity%3D%220%22%2F%3E%3C%2Fsvg%3E\" data-srcset=\"https:\/\/i0.wp.com\/poklib.org\/wp-content\/uploads\/2023\/06\/image_6483441-4-scaled.jpg?resize=66%2C66&amp;quality=88&amp;ssl=1 66w, https:\/\/i0.wp.com\/poklib.org\/wp-content\/uploads\/2023\/06\/image_6483441-4-scaled.jpg?resize=200%2C203&amp;quality=88&amp;ssl=1 200w, https:\/\/i0.wp.com\/poklib.org\/wp-content\/uploads\/2023\/06\/image_6483441-4-scaled.jpg?resize=400%2C406&amp;quality=88&amp;ssl=1 400w, https:\/\/i0.wp.com\/poklib.org\/wp-content\/uploads\/2023\/06\/image_6483441-4-scaled.jpg?resize=600%2C609&amp;quality=88&amp;ssl=1 600w, https:\/\/i0.wp.com\/poklib.org\/wp-content\/uploads\/2023\/06\/image_6483441-4-scaled.jpg?resize=768%2C780&amp;quality=88&amp;ssl=1 768w, https:\/\/i0.wp.com\/poklib.org\/wp-content\/uploads\/2023\/06\/image_6483441-4-scaled.jpg?fit=788%2C800&amp;quality=88&amp;ssl=1 788w, https:\/\/i0.wp.com\/poklib.org\/wp-content\/uploads\/2023\/06\/image_6483441-4-scaled.jpg?resize=800%2C813&amp;quality=88&amp;ssl=1 800w, https:\/\/i0.wp.com\/poklib.org\/wp-content\/uploads\/2023\/06\/image_6483441-4-scaled.jpg?resize=1200%2C1219&amp;quality=88&amp;ssl=1 1200w, https:\/\/i0.wp.com\/poklib.org\/wp-content\/uploads\/2023\/06\/image_6483441-4-scaled.jpg?resize=1512%2C1536&amp;quality=88&amp;ssl=1 1512w\" data-sizes=\"auto\" data-orig-sizes=\"(max-width: 1024px) 100vw, (max-width: 640px) 100vw, 400px\" \/><\/a><\/span><\/div><div class=\"fusion-text fusion-text-5\" style=\"--awb-margin-top:10px;\"><div style=\"text-align: left;\"><strong>Exploraci\u00f3n ornitol\u00f3gica<\/strong> &#8211; Perfecto para un joven ornit\u00f3logo, este pack est\u00e1 lleno de gu\u00edas de aves, libros de aves y prism\u00e1ticos.<\/div>\n<\/div><\/div><\/div><div class=\"fusion-layout-column fusion_builder_column fusion-builder-column-5 fusion_builder_column_1_5 1_5 fusion-flex-column\" style=\"--awb-bg-size:cover;--awb-width-large:20%;--awb-margin-top-large:0px;--awb-spacing-right-large:4.9%;--awb-margin-bottom-large:20px;--awb-spacing-left-large:4.9%;--awb-width-medium:100%;--awb-order-medium:0;--awb-spacing-right-medium:0.98%;--awb-spacing-left-medium:0.98%;--awb-width-small:100%;--awb-order-small:0;--awb-spacing-right-small:0.98%;--awb-spacing-left-small:0.98%;\"><div class=\"fusion-column-wrapper fusion-column-has-shadow fusion-flex-justify-content-flex-start fusion-content-layout-column\"><div class=\"fusion-image-element \" style=\"--awb-caption-title-font-family:var(--h2_typography-font-family);--awb-caption-title-font-weight:var(--h2_typography-font-weight);--awb-caption-title-font-style:var(--h2_typography-font-style);--awb-caption-title-size:var(--h2_typography-font-size);--awb-caption-title-transform:var(--h2_typography-text-transform);--awb-caption-title-line-height:var(--h2_typography-line-height);--awb-caption-title-letter-spacing:var(--h2_typography-letter-spacing);\"><span class=\" fusion-imageframe imageframe-none imageframe-5 hover-type-none\"><a href=\"https:\/\/i0.wp.com\/poklib.org\/wp-content\/uploads\/2023\/06\/image_6483441-3-scaled.jpg?quality=88&#038;ssl=1\" class=\"fusion-lightbox\" data-rel=\"iLightbox[c4e7bbce1c62106307f]\" data-title=\"Mochila de exploraci\u00f3n de la naturaleza Cielo nocturno\" title=\"Mochila de exploraci\u00f3n de la naturaleza Cielo nocturno\"><img decoding=\"async\" width=\"800\" height=\"701\" alt=\"Mochila llena de informaci\u00f3n infantil, libros y herramientas para observar el cielo nocturno.\" src=\"https:\/\/i0.wp.com\/poklib.org\/wp-content\/uploads\/2023\/06\/image_6483441-3-scaled.jpg?fit=800%2C701&quality=88&ssl=1\" data-orig-src=\"https:\/\/poklib.org\/wp-content\/uploads\/2023\/06\/image_6483441-3-scaled.jpg\" class=\"lazyload img-responsive wp-image-28307\" srcset=\"data:image\/svg+xml,%3Csvg%20xmlns%3D%27http%3A%2F%2Fwww.w3.org%2F2000%2Fsvg%27%20width%3D%27800%27%20height%3D%27701%27%20viewBox%3D%270%200%20800%20701%27%3E%3Crect%20width%3D%27800%27%20height%3D%27701%27%20fill-opacity%3D%220%22%2F%3E%3C%2Fsvg%3E\" data-srcset=\"https:\/\/i0.wp.com\/poklib.org\/wp-content\/uploads\/2023\/06\/image_6483441-3-scaled.jpg?resize=200%2C175&amp;quality=88&amp;ssl=1 200w, https:\/\/i0.wp.com\/poklib.org\/wp-content\/uploads\/2023\/06\/image_6483441-3-scaled.jpg?resize=400%2C351&amp;quality=88&amp;ssl=1 400w, https:\/\/i0.wp.com\/poklib.org\/wp-content\/uploads\/2023\/06\/image_6483441-3-scaled.jpg?resize=600%2C526&amp;quality=88&amp;ssl=1 600w, https:\/\/i0.wp.com\/poklib.org\/wp-content\/uploads\/2023\/06\/image_6483441-3-scaled.jpg?resize=768%2C673&amp;quality=88&amp;ssl=1 768w, https:\/\/i0.wp.com\/poklib.org\/wp-content\/uploads\/2023\/06\/image_6483441-3-scaled.jpg?fit=800%2C701&amp;quality=88&amp;ssl=1 800w, https:\/\/i0.wp.com\/poklib.org\/wp-content\/uploads\/2023\/06\/image_6483441-3-scaled.jpg?resize=1200%2C1052&amp;quality=88&amp;ssl=1 1200w, https:\/\/i0.wp.com\/poklib.org\/wp-content\/uploads\/2023\/06\/image_6483441-3-scaled.jpg?resize=1536%2C1346&amp;quality=88&amp;ssl=1 1536w\" data-sizes=\"auto\" data-orig-sizes=\"(max-width: 1024px) 100vw, (max-width: 640px) 100vw, 400px\" \/><\/a><\/span><\/div><div class=\"fusion-text fusion-text-6\" style=\"--awb-margin-top:10px;\"><p><strong>Exploraci\u00f3n nocturna <\/strong>&#8211; Investiga el cielo nocturno con esta mochila que contiene gu\u00edas, un Planisferio, prism\u00e1ticos astron\u00f3micos y una linterna roja.<\/p>\n<\/div><\/div><\/div><\/div><\/div><div class=\"fusion-fullwidth fullwidth-box fusion-builder-row-3 fusion-flex-container has-pattern-background has-mask-background nonhundred-percent-fullwidth non-hundred-percent-height-scrolling\" style=\"--awb-border-radius-top-left:0px;--awb-border-radius-top-right:0px;--awb-border-radius-bottom-right:0px;--awb-border-radius-bottom-left:0px;--awb-flex-wrap:wrap;\" ><div class=\"fusion-builder-row fusion-row fusion-flex-align-items-flex-start fusion-flex-content-wrap\" style=\"max-width:1122px;margin-left: calc(-2% \/ 2 );margin-right: calc(-2% \/ 2 );\"><div class=\"fusion-layout-column fusion_builder_column fusion-builder-column-6 fusion_builder_column_1_1 1_1 fusion-flex-column\" style=\"--awb-bg-size:cover;--awb-width-large:100%;--awb-margin-top-large:0px;--awb-spacing-right-large:0.98%;--awb-margin-bottom-large:20px;--awb-spacing-left-large:0.98%;--awb-width-medium:100%;--awb-order-medium:0;--awb-spacing-right-medium:0.98%;--awb-spacing-left-medium:0.98%;--awb-width-small:100%;--awb-order-small:0;--awb-spacing-right-small:0.98%;--awb-spacing-left-small:0.98%;\"><div class=\"fusion-column-wrapper fusion-column-has-shadow fusion-flex-justify-content-flex-start fusion-content-layout-column\"><div class=\"fusion-text fusion-text-7\"><p>Estas <span class=\"il\">mochilas<\/span> han sido posibles gracias a la beca de Learn, Play, Create de Dutchess County.<\/p>\n<\/div><\/div><\/div><\/div><\/div><\/p>\n","protected":false},"excerpt":{"rendered":"","protected":false},"author":14,"featured_media":0,"parent":24617,"menu_order":0,"comment_status":"closed","ping_status":"closed","template":"","meta":{"_acf_changed":false,"advanced_seo_description":"","jetpack_seo_html_title":"","jetpack_seo_noindex":false,"footnotes":"","_links_to":"","_links_to_target":""},"class_list":["post-28319","page","type-page","status-publish","hentry"],"acf":[],"publishpress_future_action":{"enabled":false,"date":"2026-04-28 13:48:12","action":"change-status","newStatus":"draft","terms":[],"taxonomy":"translation_priority","extraData":[]},"publishpress_future_workflow_manual_trigger":{"enabledWorkflows":[]},"_links":{"self":[{"href":"https:\/\/poklib.org\/es\/wp-json\/wp\/v2\/pages\/28319","targetHints":{"allow":["GET"]}}],"collection":[{"href":"https:\/\/poklib.org\/es\/wp-json\/wp\/v2\/pages"}],"about":[{"href":"https:\/\/poklib.org\/es\/wp-json\/wp\/v2\/types\/page"}],"author":[{"embeddable":true,"href":"https:\/\/poklib.org\/es\/wp-json\/wp\/v2\/users\/14"}],"replies":[{"embeddable":true,"href":"https:\/\/poklib.org\/es\/wp-json\/wp\/v2\/comments?post=28319"}],"version-history":[{"count":0,"href":"https:\/\/poklib.org\/es\/wp-json\/wp\/v2\/pages\/28319\/revisions"}],"up":[{"embeddable":true,"href":"https:\/\/poklib.org\/es\/wp-json\/wp\/v2\/pages\/24617"}],"wp:attachment":[{"href":"https:\/\/poklib.org\/es\/wp-json\/wp\/v2\/media?parent=28319"}],"curies":[{"name":"wp","href":"https:\/\/api.w.org\/{rel}","templated":true}]}}