{"id":26852,"date":"2023-01-04T15:12:56","date_gmt":"2023-01-04T20:12:56","guid":{"rendered":"https:\/\/poklib.org\/solicitud-de-carne-de-biblioteca-en-linea\/"},"modified":"2025-10-22T12:54:01","modified_gmt":"2025-10-22T16:54:01","slug":"solicitud-de-carne-de-biblioteca-en-linea","status":"publish","type":"page","link":"https:\/\/poklib.org\/es\/su-biblioteca\/solicitud-de-carne-de-biblioteca-en-linea\/","title":{"rendered":"Solicitud de tarjeta de biblioteca en l\u00ednea"},"content":{"rendered":"<div class=\"fusion-fullwidth fullwidth-box fusion-builder-row-1 fusion-flex-container has-pattern-background has-mask-background nonhundred-percent-fullwidth non-hundred-percent-height-scrolling\" style=\"--awb-border-radius-top-left:0px;--awb-border-radius-top-right:0px;--awb-border-radius-bottom-right:0px;--awb-border-radius-bottom-left:0px;--awb-flex-wrap:wrap;\" ><div class=\"fusion-builder-row fusion-row fusion-flex-align-items-flex-start fusion-flex-content-wrap\" style=\"max-width:1122px;margin-left: calc(-2% \/ 2 );margin-right: calc(-2% \/ 2 );\"><div class=\"fusion-layout-column fusion_builder_column fusion-builder-column-0 fusion_builder_column_1_1 1_1 fusion-flex-column\" style=\"--awb-bg-size:cover;--awb-width-large:100%;--awb-margin-top-large:0px;--awb-spacing-right-large:0.98%;--awb-margin-bottom-large:20px;--awb-spacing-left-large:0.98%;--awb-width-medium:100%;--awb-order-medium:0;--awb-spacing-right-medium:0.98%;--awb-spacing-left-medium:0.98%;--awb-width-small:100%;--awb-order-small:0;--awb-spacing-right-small:0.98%;--awb-spacing-left-small:0.98%;\"><div class=\"fusion-column-wrapper fusion-column-has-shadow fusion-flex-justify-content-flex-start fusion-content-layout-column\"><div class=\"fusion-text fusion-text-1 fusion-text-no-margin\" style=\"--awb-margin-bottom:30px;\"><p><strong>Si tiene 18 a\u00f1os o m\u00e1s y vive, posee una propiedad o asiste a la escuela en la ciudad o el pueblo de Poughkeepsie, <\/strong>puede rellenar este formulario en l\u00ednea. Tras la verificaci\u00f3n, recibir\u00e1 un correo electr\u00f3nico con el n\u00famero de c\u00f3digo de barras de su cuenta de la biblioteca e instrucciones sobre c\u00f3mo establecer un n\u00famero de identificaci\u00f3n personal (PIN). Este n\u00famero de tarjeta puede utilizarse para acceder a toda nuestra biblioteca electr\u00f3nica, incluidos libros electr\u00f3nicos, audiolibros descargables, v\u00eddeos en streaming y bases de datos, sin necesidad de acudir a la biblioteca.<\/p>\n<\/div><div class=\"fusion-text fusion-text-2\"><script data-jetpack-boost=\"ignore\" data-jetpack-boost=\"ignore\" data-jetpack-boost=\"ignore\" data-jetpack-boost=\"ignore\" data-jetpack-boost=\"ignore\" type=\"text\/javascript\" src=\"\/\/ppldny.patronpoint.com\/form\/generate.js?id=2\"><\/script>\n<\/div><div class=\"fusion-text fusion-text-3\" style=\"--awb-margin-top:30px;\"><p>Si quiere sacar alg\u00fan art\u00edculo f\u00edsico o visitar otras bibliotecas del Sistema de Bibliotecas Mid-Hudson, necesitar\u00e1 su tarjeta de biblioteca f\u00edsico. S\u00f3lo tiene que presentarse en el mostrador de salida con un documento de identidad v\u00e1lido con fotograf\u00eda y un justificante de domicilio para su verificaci\u00f3n. Un ejemplo de verificaci\u00f3n de la direcci\u00f3n puede ser un sobre (con matasellos reciente) con su direcci\u00f3n actual, como una factura de servicios p\u00fablicos asi como gas o agua. Si usted es nuevo en la zona y tu documento de identidad con fotograf\u00eda no tiene su direcci\u00f3n actual, traiga dos cartas con su direcci\u00f3n actual.<\/p>\n<p>Consulte las <a href=\"https:\/\/poklib.org\/wp-content\/uploads\/2024\/06\/1109-Library-Card-Terms-and-Conditions-10-26-22.pdf\" target=\"_blank\" rel=\"noopener\">Condiciones del carn\u00e9 de biblioteca &#8211; Norma 1109<\/a> para obtener informaci\u00f3n completa.<\/p>\n<\/div><\/div><\/div><\/div><\/div>\n","protected":false},"excerpt":{"rendered":"","protected":false},"author":14,"featured_media":0,"parent":24651,"menu_order":0,"comment_status":"closed","ping_status":"closed","template":"","meta":{"_acf_changed":false,"advanced_seo_description":"","jetpack_seo_html_title":"","jetpack_seo_noindex":false,"footnotes":"","_links_to":"","_links_to_target":""},"class_list":["post-26852","page","type-page","status-publish","hentry"],"acf":[],"publishpress_future_action":{"enabled":false,"date":"2026-05-05 06:21:26","action":"change-status","newStatus":"draft","terms":[],"taxonomy":"translation_priority","extraData":[]},"publishpress_future_workflow_manual_trigger":{"enabledWorkflows":[]},"_links":{"self":[{"href":"https:\/\/poklib.org\/es\/wp-json\/wp\/v2\/pages\/26852","targetHints":{"allow":["GET"]}}],"collection":[{"href":"https:\/\/poklib.org\/es\/wp-json\/wp\/v2\/pages"}],"about":[{"href":"https:\/\/poklib.org\/es\/wp-json\/wp\/v2\/types\/page"}],"author":[{"embeddable":true,"href":"https:\/\/poklib.org\/es\/wp-json\/wp\/v2\/users\/14"}],"replies":[{"embeddable":true,"href":"https:\/\/poklib.org\/es\/wp-json\/wp\/v2\/comments?post=26852"}],"version-history":[{"count":0,"href":"https:\/\/poklib.org\/es\/wp-json\/wp\/v2\/pages\/26852\/revisions"}],"up":[{"embeddable":true,"href":"https:\/\/poklib.org\/es\/wp-json\/wp\/v2\/pages\/24651"}],"wp:attachment":[{"href":"https:\/\/poklib.org\/es\/wp-json\/wp\/v2\/media?parent=26852"}],"curies":[{"name":"wp","href":"https:\/\/api.w.org\/{rel}","templated":true}]}}