{"id":25998,"date":"2019-08-05T17:26:20","date_gmt":"2019-08-05T21:26:20","guid":{"rendered":"https:\/\/poklib.org\/su-biblioteca\/servicios-de-biblioteca\/reservar-una-sala-en-la-biblioteca\/"},"modified":"2025-08-05T11:23:44","modified_gmt":"2025-08-05T15:23:44","slug":"reservar-una-sala-en-la-biblioteca","status":"publish","type":"page","link":"https:\/\/poklib.org\/es\/su-biblioteca\/servicios-de-biblioteca\/reservar-una-sala-en-la-biblioteca\/","title":{"rendered":"Reservar un cuarto en la biblioteca"},"content":{"rendered":"<p><div class=\"fusion-fullwidth fullwidth-box fusion-builder-row-1 fusion-flex-container has-pattern-background has-mask-background nonhundred-percent-fullwidth non-hundred-percent-height-scrolling\" style=\"--awb-border-radius-top-left:0px;--awb-border-radius-top-right:0px;--awb-border-radius-bottom-right:0px;--awb-border-radius-bottom-left:0px;--awb-flex-wrap:wrap;\" ><div class=\"fusion-builder-row fusion-row fusion-flex-align-items-flex-start fusion-flex-content-wrap\" style=\"max-width:1122px;margin-left: calc(-2% \/ 2 );margin-right: calc(-2% \/ 2 );\"><div class=\"fusion-layout-column fusion_builder_column fusion-builder-column-0 fusion_builder_column_1_1 1_1 fusion-flex-column\" style=\"--awb-bg-size:cover;--awb-width-large:100%;--awb-margin-top-large:0px;--awb-spacing-right-large:0.98%;--awb-margin-bottom-large:20px;--awb-spacing-left-large:0.98%;--awb-width-medium:100%;--awb-order-medium:0;--awb-spacing-right-medium:0.98%;--awb-spacing-left-medium:0.98%;--awb-width-small:100%;--awb-order-small:0;--awb-spacing-right-small:0.98%;--awb-spacing-left-small:0.98%;\"><div class=\"fusion-column-wrapper fusion-column-has-shadow fusion-flex-justify-content-flex-start fusion-content-layout-column\"><div class=\"fusion-title title fusion-title-1 fusion-title-center fusion-title-text fusion-title-size-one\" style=\"--awb-text-color:var(--awb-color2);--awb-margin-top-small:10px;--awb-margin-right-small:0px;--awb-margin-bottom-small:10px;--awb-margin-left-small:0px;--awb-sep-color:var(--awb-color4);\"><div class=\"title-sep-container title-sep-container-left\"><div class=\"title-sep sep-double sep-solid\" style=\"border-color:var(--awb-color4);\"><\/div><\/div><span class=\"awb-title-spacer\"><\/span><h1 class=\"fusion-title-heading title-heading-center\" style=\"font-family:Arial, Helvetica, sans-serif;font-style:normal;font-weight:400;margin:0;\">Reserva una sala en la Biblioteca<\/h1><span class=\"awb-title-spacer\"><\/span><div class=\"title-sep-container title-sep-container-right\"><div class=\"title-sep sep-double sep-solid\" style=\"border-color:var(--awb-color4);\"><\/div><\/div><\/div><\/div><\/div><\/div><\/div><div class=\"fusion-fullwidth fullwidth-box fusion-builder-row-2 fusion-flex-container nonhundred-percent-fullwidth non-hundred-percent-height-scrolling\" style=\"--awb-border-radius-top-left:0px;--awb-border-radius-top-right:0px;--awb-border-radius-bottom-right:0px;--awb-border-radius-bottom-left:0px;--awb-flex-wrap:wrap;\" ><div class=\"fusion-builder-row fusion-row fusion-flex-align-items-flex-start fusion-flex-content-wrap\" style=\"max-width:1122px;margin-left: calc(-2% \/ 2 );margin-right: calc(-2% \/ 2 );\"><div class=\"fusion-layout-column fusion_builder_column fusion-builder-column-1 fusion_builder_column_1_1 1_1 fusion-flex-column\" style=\"--awb-bg-blend:overlay;--awb-bg-size:cover;--awb-width-large:100%;--awb-margin-top-large:0px;--awb-spacing-right-large:0.98%;--awb-margin-bottom-large:20px;--awb-spacing-left-large:0.98%;--awb-width-medium:100%;--awb-spacing-right-medium:0.98%;--awb-spacing-left-medium:0.98%;--awb-width-small:100%;--awb-spacing-right-small:0.98%;--awb-spacing-left-small:0.98%;\"><div class=\"fusion-column-wrapper fusion-column-has-shadow fusion-flex-justify-content-flex-start fusion-content-layout-column\"><div class=\"fusion-text fusion-text-1\"><p>El Distrito de Bibliotecas pone salas a disposici\u00f3n del p\u00fablico por orden de llegada. Sin embargo, todas las solicitudes de reserva de cuartos est\u00e1n sujetas a la aprobaci\u00f3n del Director de la Biblioteca (o de la persona designada). Dicha aprobaci\u00f3n se basa en la disponibilidad de salas y en las necesidades del Distrito de Bibliotecas (que tienen prioridad). Tenga en cuenta que la demanda de cuartos es muy alta. Consulta nuestra <em>Pol\u00edtica de Uso P\u00fablico de las Salas de Reuni\u00f3n del Distrito de Bibliotecas<\/em> <a href=\"https:\/\/poklib.org\/wp-content\/uploads\/2024\/06\/1201-Meeting-Room-4-24-24.pdf\" target=\"_blank\" rel=\"noopener noreferrer\"><strong>aqu\u00ed<\/strong><\/a>.<\/p>\n<p>Las solicitudes deben hacerse con <strong>al menos tres (3) semanas de adelanto<\/strong>, ya que las aprobaciones pueden tardar hasta una semana en tramitarse. El apoyo audiovisual no estar\u00e1 disponible para solicitudes de cuartos con menos de una (1) semana de antelaci\u00f3n.<\/p>\n<p>Pueden exigirse formularios de indemnizaci\u00f3n y\/o un certificado de seguro de responsabilidad civil en el que figure el Distrito de la Biblioteca como asegurado adicional.<\/p>\n<p>Para solicitar una reserva de sala, ponte en contacto con Dan Minunni en el 845-485-3445 x 3376 o por correo electr\u00f3nico en <a href=\"mailto:dminunni@poklib.org\" target=\"_blank\" rel=\"noopener noreferrer\">dminunni@poklib.org.<\/a> Por favor, tenga preparada la siguiente informaci\u00f3n:<\/p>\n<ul>\n<li>Preferencia de la Biblioteca Adriance Memorial o de la Biblioteca Boardman Road Branch<\/li>\n<li>Nombre del Grupo<\/li>\n<li>Objetivo de la reuni\u00f3n<\/li>\n<li>Nombre, tel\u00e9fono y correo electr\u00f3nico de contacto<\/li>\n<li>Fecha\/hora deseada (recomendamos tener tres opciones elegidas)<\/li>\n<li>N\u00famero de asistentes previstos<\/li>\n<li>Estilo de montaje del cuarto<\/li>\n<li>Equipo audiovisual necesario<\/li>\n<\/ul>\n<\/div><\/div><\/div><\/div><\/div><\/p>\n","protected":false},"excerpt":{"rendered":"","protected":false},"author":14,"featured_media":0,"parent":25930,"menu_order":0,"comment_status":"closed","ping_status":"closed","template":"","meta":{"_acf_changed":false,"advanced_seo_description":"","jetpack_seo_html_title":"","jetpack_seo_noindex":false,"footnotes":"","_links_to":"","_links_to_target":""},"class_list":["post-25998","page","type-page","status-publish","hentry"],"acf":[],"publishpress_future_action":{"enabled":false,"date":"2026-04-18 07:53:38","action":"change-status","newStatus":"draft","terms":[],"taxonomy":"translation_priority","extraData":[]},"publishpress_future_workflow_manual_trigger":{"enabledWorkflows":[]},"_links":{"self":[{"href":"https:\/\/poklib.org\/es\/wp-json\/wp\/v2\/pages\/25998","targetHints":{"allow":["GET"]}}],"collection":[{"href":"https:\/\/poklib.org\/es\/wp-json\/wp\/v2\/pages"}],"about":[{"href":"https:\/\/poklib.org\/es\/wp-json\/wp\/v2\/types\/page"}],"author":[{"embeddable":true,"href":"https:\/\/poklib.org\/es\/wp-json\/wp\/v2\/users\/14"}],"replies":[{"embeddable":true,"href":"https:\/\/poklib.org\/es\/wp-json\/wp\/v2\/comments?post=25998"}],"version-history":[{"count":0,"href":"https:\/\/poklib.org\/es\/wp-json\/wp\/v2\/pages\/25998\/revisions"}],"up":[{"embeddable":true,"href":"https:\/\/poklib.org\/es\/wp-json\/wp\/v2\/pages\/25930"}],"wp:attachment":[{"href":"https:\/\/poklib.org\/es\/wp-json\/wp\/v2\/media?parent=25998"}],"curies":[{"name":"wp","href":"https:\/\/api.w.org\/{rel}","templated":true}]}}