{"id":25926,"date":"2019-03-28T17:31:49","date_gmt":"2019-03-28T21:31:49","guid":{"rendered":"https:\/\/poklib.org\/servicios-digitales-de-conservacion-de-imagenes-del-linaje-familiar-flip\/"},"modified":"2025-08-04T16:28:22","modified_gmt":"2025-08-04T20:28:22","slug":"servicios-digitales-de-conservacion-de-imagenes-del-linaje-familiar-flip","status":"publish","type":"page","link":"https:\/\/poklib.org\/es\/su-biblioteca\/servicios-de-biblioteca\/servicios-digitales-de-conservacion-de-imagenes-del-linaje-familiar-flip\/","title":{"rendered":"Servicios digitales de conservaci\u00f3n de im\u00e1genes del linaje familiar (FLIP)"},"content":{"rendered":"<p><div class=\"fusion-fullwidth fullwidth-box fusion-builder-row-1 fusion-flex-container nonhundred-percent-fullwidth non-hundred-percent-height-scrolling\" style=\"--awb-border-radius-top-left:0px;--awb-border-radius-top-right:0px;--awb-border-radius-bottom-right:0px;--awb-border-radius-bottom-left:0px;--awb-flex-wrap:wrap;\" ><div class=\"fusion-builder-row fusion-row fusion-flex-align-items-flex-start fusion-flex-content-wrap\" style=\"max-width:1122px;margin-left: calc(-2% \/ 2 );margin-right: calc(-2% \/ 2 );\"><div class=\"fusion-layout-column fusion_builder_column fusion-builder-column-0 fusion_builder_column_1_1 1_1 fusion-flex-column\" style=\"--awb-padding-top:20px;--awb-padding-bottom:0px;--awb-bg-size:cover;--awb-width-large:100%;--awb-margin-top-large:0px;--awb-spacing-right-large:0.98%;--awb-margin-bottom-large:20px;--awb-spacing-left-large:0.98%;--awb-width-medium:100%;--awb-order-medium:0;--awb-spacing-right-medium:0.98%;--awb-spacing-left-medium:0.98%;--awb-width-small:100%;--awb-order-small:0;--awb-spacing-right-small:0.98%;--awb-spacing-left-small:0.98%;\" data-scroll-devices=\"small-visibility,medium-visibility,large-visibility\"><div class=\"fusion-column-wrapper fusion-column-has-shadow fusion-flex-justify-content-center fusion-content-layout-column\"><div class=\"fusion-title title fusion-title-1 fusion-title-center fusion-title-text fusion-title-size-one\" style=\"--awb-text-color:var(--awb-color2);--awb-margin-top-small:10px;--awb-margin-right-small:0px;--awb-margin-bottom-small:10px;--awb-margin-left-small:0px;--awb-sep-color:var(--awb-color4);\"><div class=\"title-sep-container title-sep-container-left\"><div class=\"title-sep sep-double sep-solid\" style=\"border-color:var(--awb-color4);\"><\/div><\/div><span class=\"awb-title-spacer\"><\/span><h1 class=\"fusion-title-heading title-heading-center\" style=\"font-family:Arial, Helvetica, sans-serif;font-style:normal;font-weight:400;margin:0;\"><p style=\"text-align: left;\">Servicios digitales de conservaci\u00f3n de im\u00e1genes del linaje familiar (FLIP)<\/p><\/h1><span class=\"awb-title-spacer\"><\/span><div class=\"title-sep-container title-sep-container-right\"><div class=\"title-sep sep-double sep-solid\" style=\"border-color:var(--awb-color4);\"><\/div><\/div><\/div><\/div><\/div><\/div><\/div><div class=\"fusion-fullwidth fullwidth-box fusion-builder-row-2 fusion-flex-container nonhundred-percent-fullwidth non-hundred-percent-height-scrolling\" style=\"--awb-border-radius-top-left:0px;--awb-border-radius-top-right:0px;--awb-border-radius-bottom-right:0px;--awb-border-radius-bottom-left:0px;--awb-flex-wrap:wrap;\" ><div class=\"fusion-builder-row fusion-row fusion-flex-align-items-flex-start fusion-flex-content-wrap\" style=\"max-width:1122px;margin-left: calc(-2% \/ 2 );margin-right: calc(-2% \/ 2 );\"><div class=\"fusion-layout-column fusion_builder_column fusion-builder-column-1 fusion_builder_column_1_1 1_1 fusion-flex-column\" style=\"--awb-bg-blend:overlay;--awb-bg-size:cover;--awb-width-large:100%;--awb-margin-top-large:0px;--awb-spacing-right-large:0.98%;--awb-margin-bottom-large:20px;--awb-spacing-left-large:0.98%;--awb-width-medium:100%;--awb-spacing-right-medium:0.98%;--awb-spacing-left-medium:0.98%;--awb-width-small:100%;--awb-spacing-right-small:0.98%;--awb-spacing-left-small:0.98%;\"><div class=\"fusion-column-wrapper fusion-column-has-shadow fusion-flex-justify-content-flex-start fusion-content-layout-column\"><div class=\"fusion-text fusion-text-1\"><p style=\"text-align: left;\"><strong>Los Servicios Digitales de Preservaci\u00f3n de Im\u00e1genes del Linaje Familiar (FLIP<\/strong> ) ofrecen servicios de escaneo y transferencia para la conversi\u00f3n de sus im\u00e1genes familiares, tanto en formatos fijos como en movimiento. El servicio est\u00e1 disponible para personas con una tarjeta<strong><a href=\"https:\/\/poklib.org\/es\/su-biblioteca\/carne-de-la-biblioteca-normas-de-prestamo-y-multas\/\" target=\"_blank\" rel=\"noopener noreferrer\"> de la Biblioteca P\u00fablica del Distrito de Poughkeepsie <\/a><\/strong>que tengan 18 a\u00f1os o m\u00e1s y no tengan multas, tarifas o materiales atrasados. El uso de este servicio cuesta 4 d\u00f3lares por material.<\/p>\n<\/div><\/div><\/div><\/div><\/div><div class=\"fusion-fullwidth fullwidth-box fusion-builder-row-3 fusion-flex-container nonhundred-percent-fullwidth non-hundred-percent-height-scrolling\" style=\"--awb-border-radius-top-left:0px;--awb-border-radius-top-right:0px;--awb-border-radius-bottom-right:0px;--awb-border-radius-bottom-left:0px;--awb-margin-top:0px;--awb-margin-bottom:0px;--awb-flex-wrap:wrap;\" ><div class=\"fusion-builder-row fusion-row fusion-flex-align-items-flex-start fusion-flex-content-wrap\" style=\"max-width:1122px;margin-left: calc(-2% \/ 2 );margin-right: calc(-2% \/ 2 );\"><div class=\"fusion-layout-column fusion_builder_column fusion-builder-column-2 fusion_builder_column_1_4 1_4 fusion-flex-column\" style=\"--awb-bg-blend:overlay;--awb-bg-size:cover;--awb-width-large:25%;--awb-margin-top-large:0px;--awb-spacing-right-large:3.92%;--awb-margin-bottom-large:20px;--awb-spacing-left-large:3.92%;--awb-width-medium:100%;--awb-spacing-right-medium:0.98%;--awb-spacing-left-medium:0.98%;--awb-width-small:100%;--awb-spacing-right-small:0.98%;--awb-spacing-left-small:0.98%;\"><div class=\"fusion-column-wrapper fusion-column-has-shadow fusion-flex-justify-content-flex-start fusion-content-layout-column\"><div class=\"fusion-image-element \" style=\"--awb-caption-title-font-family:var(--h2_typography-font-family);--awb-caption-title-font-weight:var(--h2_typography-font-weight);--awb-caption-title-font-style:var(--h2_typography-font-style);--awb-caption-title-size:var(--h2_typography-font-size);--awb-caption-title-transform:var(--h2_typography-text-transform);--awb-caption-title-line-height:var(--h2_typography-line-height);--awb-caption-title-letter-spacing:var(--h2_typography-letter-spacing);\"><span class=\" fusion-imageframe imageframe-none imageframe-1 hover-type-none\"><img decoding=\"async\" width=\"400\" height=\"225\" title=\"Processing_Slides_on_Scanner_400w\" src=\"https:\/\/i0.wp.com\/poklib.org\/wp-content\/uploads\/2022\/01\/Processing_Slides_on_Scanner_400w.jpg?fit=400%2C225&quality=88&ssl=1\" data-orig-src=\"https:\/\/poklib.org\/wp-content\/uploads\/2022\/01\/Processing_Slides_on_Scanner_400w.jpg\" alt class=\"lazyload img-responsive wp-image-23904\" srcset=\"data:image\/svg+xml,%3Csvg%20xmlns%3D%27http%3A%2F%2Fwww.w3.org%2F2000%2Fsvg%27%20width%3D%27400%27%20height%3D%27225%27%20viewBox%3D%270%200%20400%20225%27%3E%3Crect%20width%3D%27400%27%20height%3D%27225%27%20fill-opacity%3D%220%22%2F%3E%3C%2Fsvg%3E\" data-srcset=\"https:\/\/i0.wp.com\/poklib.org\/wp-content\/uploads\/2022\/01\/Processing_Slides_on_Scanner_400w.jpg?resize=200%2C113&amp;quality=88&amp;ssl=1 200w, https:\/\/i0.wp.com\/poklib.org\/wp-content\/uploads\/2022\/01\/Processing_Slides_on_Scanner_400w.jpg?fit=400%2C225&amp;quality=88&amp;ssl=1 400w\" data-sizes=\"auto\" data-orig-sizes=\"(max-width: 1024px) 100vw, (max-width: 640px) 100vw, 400px\" \/><\/span><\/div><div class=\"fusion-image-element \" style=\"--awb-margin-top:15px;--awb-caption-title-font-family:var(--h2_typography-font-family);--awb-caption-title-font-weight:var(--h2_typography-font-weight);--awb-caption-title-font-style:var(--h2_typography-font-style);--awb-caption-title-size:var(--h2_typography-font-size);--awb-caption-title-transform:var(--h2_typography-text-transform);--awb-caption-title-line-height:var(--h2_typography-line-height);--awb-caption-title-letter-spacing:var(--h2_typography-letter-spacing);\"><span class=\" fusion-imageframe imageframe-none imageframe-2 hover-type-none\"><img decoding=\"async\" width=\"400\" height=\"225\" title=\"Processing_Slides_400w\" src=\"https:\/\/i0.wp.com\/poklib.org\/wp-content\/uploads\/2022\/01\/Processing_Slides_400w.jpg?fit=400%2C225&quality=88&ssl=1\" data-orig-src=\"https:\/\/poklib.org\/wp-content\/uploads\/2022\/01\/Processing_Slides_400w.jpg\" alt class=\"lazyload img-responsive wp-image-23905\" srcset=\"data:image\/svg+xml,%3Csvg%20xmlns%3D%27http%3A%2F%2Fwww.w3.org%2F2000%2Fsvg%27%20width%3D%27400%27%20height%3D%27225%27%20viewBox%3D%270%200%20400%20225%27%3E%3Crect%20width%3D%27400%27%20height%3D%27225%27%20fill-opacity%3D%220%22%2F%3E%3C%2Fsvg%3E\" data-srcset=\"https:\/\/i0.wp.com\/poklib.org\/wp-content\/uploads\/2022\/01\/Processing_Slides_400w.jpg?resize=200%2C113&amp;quality=88&amp;ssl=1 200w, https:\/\/i0.wp.com\/poklib.org\/wp-content\/uploads\/2022\/01\/Processing_Slides_400w.jpg?fit=400%2C225&amp;quality=88&amp;ssl=1 400w\" data-sizes=\"auto\" data-orig-sizes=\"(max-width: 1024px) 100vw, (max-width: 640px) 100vw, 400px\" \/><\/span><\/div><\/div><\/div><div class=\"fusion-layout-column fusion_builder_column fusion-builder-column-3 fusion_builder_column_3_4 3_4 fusion-flex-column\" style=\"--awb-bg-blend:overlay;--awb-bg-size:cover;--awb-width-large:75%;--awb-margin-top-large:0px;--awb-spacing-right-large:1.30666666667%;--awb-margin-bottom-large:0px;--awb-spacing-left-large:1.30666666667%;--awb-width-medium:100%;--awb-spacing-right-medium:0.98%;--awb-spacing-left-medium:0.98%;--awb-width-small:100%;--awb-spacing-right-small:0.98%;--awb-spacing-left-small:0.98%;\"><div class=\"fusion-column-wrapper fusion-column-has-shadow fusion-flex-justify-content-flex-start fusion-content-layout-column\"><div class=\"fusion-text fusion-text-2\" style=\"--awb-text-transform:none;\"><p><strong>Para solicitar el uso de los servicios digitales de la FLIP: <\/strong><\/p>\n<ol>\n<li>Lee las Directrices del Servicio (m\u00e1s abajo), para convertir tus im\u00e1genes familiares y prepara tus materiales de acuerdo con las directrices.<\/li>\n<li>Solicita una cita para reunirte con el personal de la biblioteca y dejar tus materiales enviando un correo electr\u00f3nico a <a href=\"mailto:makerservices@poklib.org\" target=\"_blank\" rel=\"noopener noreferrer\"><strong>makerservices@poklib.org <\/strong><\/a>y especificando:\n<div>\n<ul>\n<li>Tu nombre completo<\/li>\n<li>Tu n\u00famero de carn\u00e9 de la biblioteca<\/li>\n<li>La fecha y la hora estimada en que piensas entregar tus materiales<\/li>\n<\/ul>\n<div><\/div>\n<div>Entonces responderemos a tu correo electr\u00f3nico para confirmar que tenemos personal disponible para aceptar tus materiales en ese momento. Por favor, espera nuestro correo electr\u00f3nico de confirmaci\u00f3n antes de dirigirte a la biblioteca. Puede haber entrega de material:  <\/div>\n<div>De lunes a jueves: de 9:30 a 20:30<\/div>\n<div>Viernes y s\u00e1bado De 9:30 a 16:30<\/div>\n<div>Domingo: de 14:30 a 16:30<\/div>\n<div><\/div>\n<\/div>\n<\/li>\n<li>Traiga el <a href=\"https:\/\/poklib.org\/wp-content\/uploads\/2025\/06\/Digitization_IntakeForm_v8.pdf\" target=\"_blank\" rel=\"noopener\"><strong>Formulario de seguimiento<\/strong><\/a> y sus materiales a la hora de su cita en el mostrador de salida de la Biblioteca Adriance Memorial, en la planta baja. Deje pasar entre 10 y 15 minutos para reunirse con el personal y recibir sus materiales.<\/li>\n<li>Cuando sus materiales hayan sido digitalizados, y cargados en una nueva unidad USB, se le contactar\u00e1 por correo electr\u00f3nico para concertar una cita con un miembro del personal para devolverle y firmar su material. En este momento, tendr\u00e1 que pagar 4 d\u00f3lares por el costo de la nueva unidad USB.<\/li>\n<\/ol>\n<p><strong>\u00bfPreguntas?<\/strong> Por favor, dirija cualquier pregunta a <strong><a href=\"mailto:makerservices@poklib.org\" target=\"_blank\" rel=\"noopener noreferrer\">makerservices@poklib.org<\/a><\/strong>o llame al Mostrador de Referencia de la Biblioteca Adriance Memorial al (845) 485-3445 x 3702 para hablar con un bibliotecario sobre los servicios digitales de la FLIP.<\/p>\n<p><strong> <\/strong><\/p>\n<\/div><\/div><\/div><div class=\"fusion-layout-column fusion_builder_column fusion-builder-column-4 fusion_builder_column_1_1 1_1 fusion-flex-column\" style=\"--awb-bg-size:cover;--awb-width-large:100%;--awb-margin-top-large:0px;--awb-spacing-right-large:0.98%;--awb-margin-bottom-large:20px;--awb-spacing-left-large:0.98%;--awb-width-medium:100%;--awb-order-medium:0;--awb-spacing-right-medium:0.98%;--awb-spacing-left-medium:0.98%;--awb-width-small:100%;--awb-order-small:0;--awb-spacing-right-small:0.98%;--awb-spacing-left-small:0.98%;\"><div class=\"fusion-column-wrapper fusion-column-has-shadow fusion-flex-justify-content-flex-start fusion-content-layout-column\"><div class=\"fusion-separator fusion-full-width-sep\" style=\"align-self: center;margin-left: auto;margin-right: auto;width:100%;\"><div class=\"fusion-separator-border sep-single sep-solid\" style=\"--awb-height:20px;--awb-amount:20px;--awb-sep-color:#b02a45;border-color:#b02a45;border-top-width:0px;\"><\/div><\/div><\/div><\/div><\/div><\/div><div id=\"#ServiceGuidelines\" class=\"fusion-container-anchor\"><div class=\"fusion-fullwidth fullwidth-box fusion-builder-row-4 fusion-flex-container has-pattern-background has-mask-background nonhundred-percent-fullwidth non-hundred-percent-height-scrolling\" style=\"--awb-border-radius-top-left:0px;--awb-border-radius-top-right:0px;--awb-border-radius-bottom-right:0px;--awb-border-radius-bottom-left:0px;--awb-padding-top:0px;--awb-padding-bottom:0px;--awb-margin-top:15px;--awb-margin-bottom:0px;--awb-flex-wrap:wrap;\" ><div class=\"fusion-builder-row fusion-row fusion-flex-align-items-flex-start fusion-flex-content-wrap\" style=\"max-width:1122px;margin-left: calc(-2% \/ 2 );margin-right: calc(-2% \/ 2 );\"><div class=\"fusion-layout-column fusion_builder_column fusion-builder-column-5 fusion_builder_column_1_1 1_1 fusion-flex-column\" style=\"--awb-bg-blend:overlay;--awb-bg-size:cover;--awb-width-large:100%;--awb-margin-top-large:0px;--awb-spacing-right-large:0.98%;--awb-margin-bottom-large:0px;--awb-spacing-left-large:0.98%;--awb-width-medium:100%;--awb-spacing-right-medium:0.98%;--awb-spacing-left-medium:0.98%;--awb-width-small:100%;--awb-spacing-right-small:0.98%;--awb-spacing-left-small:0.98%;\"><div class=\"fusion-column-wrapper fusion-column-has-shadow fusion-flex-justify-content-flex-start fusion-content-layout-column\"><div class=\"fusion-text fusion-text-3\" style=\"--awb-text-transform:none;\"><h2><span style=\"color: #000000;\"><strong>Directrices de servicio:<\/strong><\/span><\/h2>\n<ul>\n<li>Para cada solicitud, el v\u00eddeo est\u00e1 limitado a un total de 5 horas de duraci\u00f3n, y las im\u00e1genes est\u00e1n limitadas a 100 cada vez. Todos los negativos de pel\u00edcula deben estar ya cortados en tiras y en fundas o sobres protectores.\n<ul>\n<li>Las fotograf\u00edas no deben superar las 8,5 x 11 pulgadas.<\/li>\n<li>Corta los negativos de cine de 35 mm, no deben ser m\u00e1s largos que 8,75 pulgadas.<\/li>\n<li>Los negativos de pel\u00edcula de 120 mm cortados no deben ser m\u00e1s largos que 8,5 pulgadas<\/li>\n<\/ul>\n<\/li>\n<\/ul>\n<ul>\n<li>Consulte la lista de formatos de medios aceptables. En este momento, la biblioteca no est\u00e1 equipada para transferir pel\u00edculas cinematogr\u00e1ficas como las de 8mm y 16mm.<\/li>\n<li>Debido a consideraciones de derechos de autor, debe certificar que posee los derechos del material que se entrega. Esto significa que los v\u00eddeos no pueden contener material grabado fuera de tu televisor, incluidas comedias, telenovelas, pel\u00edculas, etc., y que nadie m\u00e1s puede reclamar la propiedad de tus fotograf\u00edas y diapositivas.<\/li>\n<li>Hay una tasa de 4 d\u00f3lares por material para una nueva unidad USB para almacenar sus materiales digitalizados convertidos. Esta multas tiene que ser pagadas cuando viene a reojer el material. Las unidades USB no pueden reutilizarse para futuros servicios, ya que hacerlo supone un riesgo de intercambio de virus inform\u00e1ticos.<\/li>\n<li>Para mantener el servicio disponible para otros personas con tarjetas de la biblioteca PPLD, hay un tiempo de espera obligatorio de dos semanas antes de presentar materiales adicionales.<\/li>\n<li>Los materiales se procesan por orden de llegada. Esperamos transferir y devolver tus materiales en unas 3-4 semanas desde el momento de su entrega. Sin embargo, el servicio puede tardar m\u00e1s tiempo en funci\u00f3n de la disponibilidad del personal y del n\u00famero de solicitudes.<\/li>\n<li>Haremos todo lo posible para manejar sus materiales con cuidado. Es importante entender que los formatos de medios antiguos pueden ser temperamentales, especialmente los medios de cinta. Los soportes de cinta que se hayan almacenado de forma inadecuada o que hayan sido da\u00f1ados previamente de cualquier forma por una m\u00e1quina de cinta corren un mayor riesgo de funcionamiento incorrecto, incluyendo, entre otros, la rotura de la cinta y la p\u00e9rdida de imagen y sonido.<\/li>\n<\/ul>\n<\/div><div class=\"fusion-image-element \" style=\"text-align:center;--awb-caption-title-font-family:var(--h2_typography-font-family);--awb-caption-title-font-weight:var(--h2_typography-font-weight);--awb-caption-title-font-style:var(--h2_typography-font-style);--awb-caption-title-size:var(--h2_typography-font-size);--awb-caption-title-transform:var(--h2_typography-text-transform);--awb-caption-title-line-height:var(--h2_typography-line-height);--awb-caption-title-letter-spacing:var(--h2_typography-letter-spacing);\"><span class=\" fusion-imageframe imageframe-none imageframe-3 hover-type-none\"><img data-recalc-dims=\"1\" decoding=\"async\" width=\"1100\" height=\"596\" title=\"Flip material types\" src=\"https:\/\/i0.wp.com\/poklib.org\/wp-content\/uploads\/2025\/05\/Flip-material-types.png?resize=1100%2C596&#038;quality=79&#038;ssl=1\" alt class=\"img-responsive wp-image-38228 disable-lazyload\" srcset=\"https:\/\/i0.wp.com\/poklib.org\/wp-content\/uploads\/2025\/05\/Flip-material-types.png?resize=200%2C108&amp;quality=79&amp;ssl=1 200w, https:\/\/i0.wp.com\/poklib.org\/wp-content\/uploads\/2025\/05\/Flip-material-types.png?resize=400%2C217&amp;quality=79&amp;ssl=1 400w, https:\/\/i0.wp.com\/poklib.org\/wp-content\/uploads\/2025\/05\/Flip-material-types.png?resize=600%2C325&amp;quality=79&amp;ssl=1 600w, https:\/\/i0.wp.com\/poklib.org\/wp-content\/uploads\/2025\/05\/Flip-material-types.png?resize=768%2C416&amp;quality=79&amp;ssl=1 768w, https:\/\/i0.wp.com\/poklib.org\/wp-content\/uploads\/2025\/05\/Flip-material-types.png?resize=800%2C433&amp;quality=79&amp;ssl=1 800w, https:\/\/i0.wp.com\/poklib.org\/wp-content\/uploads\/2025\/05\/Flip-material-types.png?fit=1200%2C650&amp;quality=79&amp;ssl=1 1200w\" sizes=\"(max-width: 1024px) 100vw, (max-width: 640px) 100vw, 1200px\" \/><\/span><\/div><\/div><\/div><\/div><\/div><\/div><\/p>\n","protected":false},"excerpt":{"rendered":"","protected":false},"author":14,"featured_media":0,"parent":25930,"menu_order":5,"comment_status":"closed","ping_status":"closed","template":"","meta":{"_acf_changed":false,"advanced_seo_description":"","jetpack_seo_html_title":"","jetpack_seo_noindex":false,"footnotes":"","_links_to":"","_links_to_target":""},"class_list":["post-25926","page","type-page","status-publish","hentry"],"acf":[],"publishpress_future_action":{"enabled":false,"date":"2026-05-08 11:35:02","action":"change-status","newStatus":"draft","terms":[],"taxonomy":"translation_priority","extraData":[]},"publishpress_future_workflow_manual_trigger":{"enabledWorkflows":[]},"_links":{"self":[{"href":"https:\/\/poklib.org\/es\/wp-json\/wp\/v2\/pages\/25926","targetHints":{"allow":["GET"]}}],"collection":[{"href":"https:\/\/poklib.org\/es\/wp-json\/wp\/v2\/pages"}],"about":[{"href":"https:\/\/poklib.org\/es\/wp-json\/wp\/v2\/types\/page"}],"author":[{"embeddable":true,"href":"https:\/\/poklib.org\/es\/wp-json\/wp\/v2\/users\/14"}],"replies":[{"embeddable":true,"href":"https:\/\/poklib.org\/es\/wp-json\/wp\/v2\/comments?post=25926"}],"version-history":[{"count":0,"href":"https:\/\/poklib.org\/es\/wp-json\/wp\/v2\/pages\/25926\/revisions"}],"up":[{"embeddable":true,"href":"https:\/\/poklib.org\/es\/wp-json\/wp\/v2\/pages\/25930"}],"wp:attachment":[{"href":"https:\/\/poklib.org\/es\/wp-json\/wp\/v2\/media?parent=25926"}],"curies":[{"name":"wp","href":"https:\/\/api.w.org\/{rel}","templated":true}]}}