{"id":25921,"date":"2017-08-30T22:33:13","date_gmt":"2017-08-31T02:33:13","guid":{"rendered":"https:\/\/poklib.org\/conozca\/makerspace\/"},"modified":"2026-03-19T10:26:27","modified_gmt":"2026-03-19T14:26:27","slug":"makerspace","status":"publish","type":"page","link":"https:\/\/poklib.org\/es\/conozca\/makerspace\/","title":{"rendered":"Makerspace"},"content":{"rendered":"<p><div class=\"fusion-fullwidth fullwidth-box fusion-builder-row-1 fusion-flex-container nonhundred-percent-fullwidth non-hundred-percent-height-scrolling\" style=\"--awb-border-radius-top-left:0px;--awb-border-radius-top-right:0px;--awb-border-radius-bottom-right:0px;--awb-border-radius-bottom-left:0px;--awb-flex-wrap:wrap;\" ><div class=\"fusion-builder-row fusion-row fusion-flex-align-items-flex-start fusion-flex-content-wrap\" style=\"max-width:1122px;margin-left: calc(-2% \/ 2 );margin-right: calc(-2% \/ 2 );\"><div class=\"fusion-layout-column fusion_builder_column fusion-builder-column-0 fusion_builder_column_1_1 1_1 fusion-flex-column fusion-flex-align-self-flex-start fusion-column-no-min-height\" style=\"--awb-bg-blend:overlay;--awb-bg-size:cover;--awb-width-large:100%;--awb-margin-top-large:0px;--awb-spacing-right-large:0.98%;--awb-margin-bottom-large:20px;--awb-spacing-left-large:0.98%;--awb-width-medium:100%;--awb-spacing-right-medium:0.98%;--awb-spacing-left-medium:0.98%;--awb-width-small:100%;--awb-spacing-right-small:0.98%;--awb-spacing-left-small:0.98%;\"><div class=\"fusion-column-wrapper fusion-flex-justify-content-flex-start fusion-content-layout-column\"><div class=\"fusion-title title fusion-title-1 fusion-title-center fusion-title-text fusion-title-size-one\" style=\"--awb-text-color:var(--awb-color2);--awb-margin-bottom:15px;--awb-margin-top-small:10px;--awb-margin-right-small:0px;--awb-margin-bottom-small:10px;--awb-margin-left-small:0px;--awb-sep-color:var(--awb-color4);\"><div class=\"title-sep-container title-sep-container-left\"><div class=\"title-sep sep-double sep-solid\" style=\"border-color:var(--awb-color4);\"><\/div><\/div><span class=\"awb-title-spacer\"><\/span><h1 class=\"fusion-title-heading title-heading-center\" style=\"margin:0;\">\u00a1Bienvenido a nuestro Makerspace!<\/h1><span class=\"awb-title-spacer\"><\/span><div class=\"title-sep-container title-sep-container-right\"><div class=\"title-sep sep-double sep-solid\" style=\"border-color:var(--awb-color4);\"><\/div><\/div><\/div><div class=\"fusion-text fusion-text-1\"><p style=\"text-align: left;\">Para imprimir o escanear tu propio proyecto, o para obtener ayuda, ponte en contacto con <a href=\"mailto:makerservices@poklib.org\">makerservices@poklib.org.<\/a><\/p>\n<p style=\"text-align: left;\">Tambi\u00e9n puedes visitar nuestro laboratorio inform\u00e1tico sin cita previa<a href=\"https:\/\/poughkeepsie.librarycalendar.com\/events\/month\/2025\/01?program_types%5B110%5D=110\" target=\"_blank\" rel=\"noopener\">(consulta el calendario de eventos<\/a> para ver las fechas y horarios), donde podr\u00e1s recibir ayuda en persona.<\/p>\n<p style=\"text-align: left;\"><strong>Formulario de presentaci\u00f3n de proyectos:<\/strong><\/p>\n<ul>\n<li style=\"text-align: left;\">Si tienes una cuenta de Google, puedes enviar un proyecto para imprimir utilizando este <strong><a href=\"https:\/\/docs.google.com\/forms\/d\/e\/1FAIpQLSdfQdnlriRD9Nzv6ReobA6ZBx3f84W0c1Ewy9DZ_lYz3-0EUg\/viewform\" target=\"_blank\" rel=\"noopener\">formulario<\/a>.<\/strong><\/li>\n<li style=\"text-align: left;\">Si no tienes una cuenta de Google, puedes enviar un proyecto utilizando este <a href=\"https:\/\/docs.google.com\/a\/poklib.org\/forms\/d\/e\/1FAIpQLSchUC2GoDltMAe7hMQnI3LhnP3Wt-NvcpqroOX_j2KCnAlCPA\/viewform\" target=\"_blank\" rel=\"noopener\"><strong>formulario<\/strong><\/a>.<\/li>\n<\/ul>\n<p style=\"text-align: left;\">Un miembro de la Biblioteca se pondr\u00e1 en contacto con usted con un presupuesto para su aprobaci\u00f3n antes de la impresi\u00f3n.<\/p>\n<\/div><\/div><\/div><\/div><\/div><div class=\"fusion-fullwidth fullwidth-box fusion-builder-row-2 fusion-flex-container nonhundred-percent-fullwidth non-hundred-percent-height-scrolling\" style=\"--awb-border-radius-top-left:0px;--awb-border-radius-top-right:0px;--awb-border-radius-bottom-right:0px;--awb-border-radius-bottom-left:0px;--awb-flex-wrap:wrap;\" ><div class=\"fusion-builder-row fusion-row fusion-flex-align-items-flex-start fusion-flex-content-wrap\" style=\"max-width:1122px;margin-left: calc(-2% \/ 2 );margin-right: calc(-2% \/ 2 );\"><div class=\"fusion-layout-column fusion_builder_column fusion-builder-column-1 fusion_builder_column_1_2 1_2 fusion-flex-column\" style=\"--awb-padding-top:20px;--awb-padding-right:20px;--awb-padding-bottom:20px;--awb-padding-left:20px;--awb-bg-size:cover;--awb-border-color:#e2e2e2;--awb-border-top:1px;--awb-border-right:1px;--awb-border-bottom:1px;--awb-border-left:1px;--awb-border-style:solid;--awb-width-large:50%;--awb-margin-top-large:0px;--awb-spacing-right-large:1.96%;--awb-margin-bottom-large:20px;--awb-spacing-left-large:1.96%;--awb-width-medium:100%;--awb-order-medium:0;--awb-spacing-right-medium:0.98%;--awb-spacing-left-medium:0.98%;--awb-width-small:100%;--awb-order-small:0;--awb-spacing-right-small:0.98%;--awb-spacing-left-small:0.98%;\"><div class=\"fusion-column-wrapper fusion-column-has-shadow fusion-flex-justify-content-flex-start fusion-content-layout-column\"><div class=\"fusion-image-element \" style=\"text-align:center;--awb-margin-bottom:15px;--awb-caption-title-font-family:var(--h2_typography-font-family);--awb-caption-title-font-weight:var(--h2_typography-font-weight);--awb-caption-title-font-style:var(--h2_typography-font-style);--awb-caption-title-size:var(--h2_typography-font-size);--awb-caption-title-transform:var(--h2_typography-text-transform);--awb-caption-title-line-height:var(--h2_typography-line-height);--awb-caption-title-letter-spacing:var(--h2_typography-letter-spacing);\"><span class=\" fusion-imageframe imageframe-none imageframe-1 hover-type-none\"><img decoding=\"async\" width=\"200\" height=\"300\" alt=\"Imagen de la Replicadora 3D Dremel Digilab\" title=\"Bambu Lab para Web\" src=\"data:image\/svg+xml,%3Csvg%20xmlns%3D%27http%3A%2F%2Fwww.w3.org%2F2000%2Fsvg%27%20width%3D%27200%27%20height%3D%27300%27%20viewBox%3D%270%200%20200%20300%27%3E%3Crect%20width%3D%27200%27%20height%3D%27300%27%20fill-opacity%3D%220%22%2F%3E%3C%2Fsvg%3E\" data-orig-src=\"https:\/\/poklib.org\/wp-content\/uploads\/Bambu-Lab-for-Web.png\" class=\"lazyload img-responsive wp-image-41292\"\/><\/span><\/div><div class=\"fusion-text fusion-text-2\"><h2 class=\"content-box-heading\" style=\"text-align: center;\" data-fontsize=\"24\" data-lineheight=\"29.0333px\">Impresora 3D H2D Bambu Bambu Lab<\/h2>\n<ul>\n<li style=\"text-align: left;\">El coste de un proyecto es de 10\u00a2 por gramo. &#8211; Presenta un proyecto en el Formulario de Proyectos del PPLD Makerspace (ver m\u00e1s arriba), y te daremos un presupuesto. <\/li>\n<li style=\"text-align: left;\">Cada proyecto puede imprimirse en un color: elige un color cuando rellenes el formulario.<\/li>\n<li>La mayor\u00eda de los proyectos se completan en <b>dos <\/b>semanas, dependiendo de nuestra carga de trabajo y de la disponibilidad de las impresoras.<\/li>\n<li style=\"text-align: left;\">Nuestro material pl\u00e1stico es el PLA<a href=\"https:\/\/en.wikipedia.org\/wiki\/Polylactic_acid\" target=\"_blank\" rel=\"noopener\">(\u00e1cido polil\u00e1ctico<\/a>).<\/li>\n<li>El volumen de construcci\u00f3n de nuestra impresora BamBu Lab es: Impresi\u00f3n con boquilla \u00fanica 325*320*325 mm\u00b3, Impresi\u00f3n con dos boquillas: 300*320*325 mm\u00b3, Volumen total para dos boquillas: 350*320*325 mm\u00b3<\/li>\n<li><a href=\"https:\/\/bambulab.com\/en-us\/download\/studio\">Bambu Studio<\/a> se utiliza para nuestros proyectos y est\u00e1 disponible como descarga gratuita para tu propio uso.<\/li>\n<li><a href=\"https:\/\/poklib.org\/wp-content\/uploads\/2025\/09\/1104-B-3D-Printing-5_22_24.pdf\"><strong>Consulta nuestra Pol\u00edtica y procedimiento de impresi\u00f3n 3D<\/strong><\/a><\/li>\n<\/ul>\n<\/div><\/div><\/div><div class=\"fusion-layout-column fusion_builder_column fusion-builder-column-2 fusion_builder_column_1_2 1_2 fusion-flex-column\" style=\"--awb-padding-top:20px;--awb-padding-right:20px;--awb-padding-bottom:20px;--awb-padding-left:20px;--awb-bg-size:cover;--awb-border-color:#e2e2e2;--awb-border-top:1px;--awb-border-right:1px;--awb-border-bottom:1px;--awb-border-left:1px;--awb-border-style:solid;--awb-width-large:50%;--awb-margin-top-large:0px;--awb-spacing-right-large:1.96%;--awb-margin-bottom-large:20px;--awb-spacing-left-large:1.96%;--awb-width-medium:100%;--awb-order-medium:0;--awb-spacing-right-medium:0.98%;--awb-spacing-left-medium:0.98%;--awb-width-small:100%;--awb-order-small:0;--awb-spacing-right-small:0.98%;--awb-spacing-left-small:0.98%;\"><div class=\"fusion-column-wrapper fusion-column-has-shadow fusion-flex-justify-content-flex-start fusion-content-layout-column\"><div class=\"fusion-image-element \" style=\"text-align:center;--awb-max-width:200px;--awb-caption-title-font-family:var(--h2_typography-font-family);--awb-caption-title-font-weight:var(--h2_typography-font-weight);--awb-caption-title-font-style:var(--h2_typography-font-style);--awb-caption-title-size:var(--h2_typography-font-size);--awb-caption-title-transform:var(--h2_typography-text-transform);--awb-caption-title-line-height:var(--h2_typography-line-height);--awb-caption-title-letter-spacing:var(--h2_typography-letter-spacing);\"><span class=\" fusion-imageframe imageframe-none imageframe-2 hover-type-none\"><img decoding=\"async\" width=\"256\" height=\"46\" alt=\"Logotipo de Thingiverse\" title=\"thingiverse-logo-2015\" src=\"https:\/\/i0.wp.com\/poklib.org\/wp-content\/uploads\/2017\/08\/thingiverse-logo-2015.png?fit=256%2C46&quality=79&ssl=1\" data-orig-src=\"https:\/\/poklib.org\/wp-content\/uploads\/2017\/08\/thingiverse-logo-2015.png\" class=\"lazyload img-responsive wp-image-18629\" srcset=\"data:image\/svg+xml,%3Csvg%20xmlns%3D%27http%3A%2F%2Fwww.w3.org%2F2000%2Fsvg%27%20width%3D%27256%27%20height%3D%2746%27%20viewBox%3D%270%200%20256%2046%27%3E%3Crect%20width%3D%27256%27%20height%3D%2746%27%20fill-opacity%3D%220%22%2F%3E%3C%2Fsvg%3E\" data-srcset=\"https:\/\/i0.wp.com\/poklib.org\/wp-content\/uploads\/2017\/08\/thingiverse-logo-2015.png?resize=200%2C36&amp;quality=79&amp;ssl=1 200w, https:\/\/i0.wp.com\/poklib.org\/wp-content\/uploads\/2017\/08\/thingiverse-logo-2015.png?fit=256%2C46&amp;quality=79&amp;ssl=1 256w\" data-sizes=\"auto\" data-orig-sizes=\"(max-width: 1024px) 100vw, (max-width: 640px) 100vw, 256px\" \/><\/span><\/div><div class=\"fusion-text fusion-text-3\"><p><strong><a href=\"https:\/\/www.thingiverse.com\/\" target=\"_blank\" rel=\"noopener\">Thingiverse<\/a><\/strong>: Descubre y comparte dise\u00f1os imprimibles en 3D. Busque entre m\u00e1s de 1.6 millones de dise\u00f1os imprimibles en 3D o comparte los suyos para ver c\u00f3mo otros los imprimen, remezclan o utilizan.<\/p>\n<\/div><div class=\"fusion-separator fusion-full-width-sep\" style=\"align-self: center;margin-left: auto;margin-right: auto;margin-top:15px;margin-bottom:15px;width:100%;\"><\/div><div class=\"fusion-image-element \" style=\"text-align:center;--awb-max-width:200px;--awb-caption-title-font-family:var(--h2_typography-font-family);--awb-caption-title-font-weight:var(--h2_typography-font-weight);--awb-caption-title-font-style:var(--h2_typography-font-style);--awb-caption-title-size:var(--h2_typography-font-size);--awb-caption-title-transform:var(--h2_typography-text-transform);--awb-caption-title-line-height:var(--h2_typography-line-height);--awb-caption-title-letter-spacing:var(--h2_typography-letter-spacing);\"><span class=\" fusion-imageframe imageframe-none imageframe-3 hover-type-none\"><img decoding=\"async\" width=\"256\" height=\"256\" alt=\"Logotipo de Tinkercad\" title=\"Tinkercad\" src=\"https:\/\/i0.wp.com\/poklib.org\/wp-content\/uploads\/2017\/08\/Tinkercad.png?fit=256%2C256&quality=79&ssl=1\" data-orig-src=\"https:\/\/poklib.org\/wp-content\/uploads\/2017\/08\/Tinkercad.png\" class=\"lazyload img-responsive wp-image-18630\" srcset=\"data:image\/svg+xml,%3Csvg%20xmlns%3D%27http%3A%2F%2Fwww.w3.org%2F2000%2Fsvg%27%20width%3D%27256%27%20height%3D%27256%27%20viewBox%3D%270%200%20256%20256%27%3E%3Crect%20width%3D%27256%27%20height%3D%27256%27%20fill-opacity%3D%220%22%2F%3E%3C%2Fsvg%3E\" data-srcset=\"https:\/\/i0.wp.com\/poklib.org\/wp-content\/uploads\/2017\/08\/Tinkercad.png?resize=66%2C66&amp;quality=79&amp;ssl=1 66w, https:\/\/i0.wp.com\/poklib.org\/wp-content\/uploads\/2017\/08\/Tinkercad.png?resize=200%2C200&amp;quality=79&amp;ssl=1 200w, https:\/\/i0.wp.com\/poklib.org\/wp-content\/uploads\/2017\/08\/Tinkercad.png?fit=256%2C256&amp;quality=79&amp;ssl=1 256w\" data-sizes=\"auto\" data-orig-sizes=\"(max-width: 1024px) 100vw, (max-width: 640px) 100vw, 256px\" \/><\/span><\/div><div class=\"fusion-text fusion-text-4\" style=\"--awb-margin-top:15px;\"><p><a href=\"https:\/\/www.tinkercad.com\/\" target=\"_blank\" rel=\"noopener\"><strong>Tinkercad<\/strong><\/a> es una sencilla herramienta online de dise\u00f1o 3D e impresi\u00f3n 3D para las masas. \u00a1Tanto si usted es dise\u00f1ador, aficionado, profesor o ni\u00f1o, puede usar Tinkercad para hacer juguetes, prototipos, decoraci\u00f3n del hogar, modelos de Minecraft, joyas&#8230; la lista es realmente interminable!<\/p>\n<\/div><\/div><\/div><\/div><\/div><\/p>\n","protected":false},"excerpt":{"rendered":"","protected":false},"author":14,"featured_media":0,"parent":24654,"menu_order":0,"comment_status":"closed","ping_status":"closed","template":"","meta":{"_acf_changed":false,"advanced_seo_description":"","jetpack_seo_html_title":"","jetpack_seo_noindex":false,"footnotes":"","_links_to":"","_links_to_target":""},"class_list":["post-25921","page","type-page","status-publish","hentry"],"acf":[],"publishpress_future_action":{"enabled":false,"date":"2026-05-16 06:07:25","action":"change-status","newStatus":"draft","terms":[],"taxonomy":"translation_priority","extraData":[]},"publishpress_future_workflow_manual_trigger":{"enabledWorkflows":[]},"_links":{"self":[{"href":"https:\/\/poklib.org\/es\/wp-json\/wp\/v2\/pages\/25921","targetHints":{"allow":["GET"]}}],"collection":[{"href":"https:\/\/poklib.org\/es\/wp-json\/wp\/v2\/pages"}],"about":[{"href":"https:\/\/poklib.org\/es\/wp-json\/wp\/v2\/types\/page"}],"author":[{"embeddable":true,"href":"https:\/\/poklib.org\/es\/wp-json\/wp\/v2\/users\/14"}],"replies":[{"embeddable":true,"href":"https:\/\/poklib.org\/es\/wp-json\/wp\/v2\/comments?post=25921"}],"version-history":[{"count":0,"href":"https:\/\/poklib.org\/es\/wp-json\/wp\/v2\/pages\/25921\/revisions"}],"up":[{"embeddable":true,"href":"https:\/\/poklib.org\/es\/wp-json\/wp\/v2\/pages\/24654"}],"wp:attachment":[{"href":"https:\/\/poklib.org\/es\/wp-json\/wp\/v2\/media?parent=25921"}],"curies":[{"name":"wp","href":"https:\/\/api.w.org\/{rel}","templated":true}]}}