{"id":25179,"date":"2017-09-04T00:48:10","date_gmt":"2017-09-04T04:48:10","guid":{"rendered":"https:\/\/poklib.org\/conozca\/busqueda-de-empleo\/recursos-para-la-redaccion-de-curriculos\/"},"modified":"2026-01-06T10:22:42","modified_gmt":"2026-01-06T15:22:42","slug":"recursos-para-la-redaccion-de-curriculos","status":"publish","type":"page","link":"https:\/\/poklib.org\/es\/conozca\/busqueda-de-empleo\/recursos-para-la-redaccion-de-curriculos\/","title":{"rendered":"Recursos para la redacci\u00f3n de curr\u00edculos"},"content":{"rendered":"<p><div class=\"fusion-fullwidth fullwidth-box fusion-builder-row-1 fusion-flex-container nonhundred-percent-fullwidth non-hundred-percent-height-scrolling\" style=\"--awb-border-radius-top-left:0px;--awb-border-radius-top-right:0px;--awb-border-radius-bottom-right:0px;--awb-border-radius-bottom-left:0px;--awb-flex-wrap:wrap;\" ><div class=\"fusion-builder-row fusion-row fusion-flex-align-items-flex-start fusion-flex-content-wrap\" style=\"max-width:1122px;margin-left: calc(-2% \/ 2 );margin-right: calc(-2% \/ 2 );\"><div class=\"fusion-layout-column fusion_builder_column fusion-builder-column-0 fusion_builder_column_1_1 1_1 fusion-flex-column\" style=\"--awb-bg-blend:overlay;--awb-bg-size:cover;--awb-width-large:100%;--awb-margin-top-large:0px;--awb-spacing-right-large:0.98%;--awb-margin-bottom-large:20px;--awb-spacing-left-large:0.98%;--awb-width-medium:100%;--awb-spacing-right-medium:0.98%;--awb-spacing-left-medium:0.98%;--awb-width-small:100%;--awb-spacing-right-small:0.98%;--awb-spacing-left-small:0.98%;\"><div class=\"fusion-column-wrapper fusion-flex-justify-content-flex-start fusion-content-layout-column\"><div class=\"fusion-title title fusion-title-1 fusion-sep-none fusion-title-center fusion-title-text fusion-title-size-one\" style=\"--awb-text-color:#b02a45;--awb-margin-top:0px;--awb-margin-top-small:10px;--awb-margin-right-small:0px;--awb-margin-bottom-small:10px;--awb-margin-left-small:0px;\"><h1 class=\"fusion-title-heading title-heading-center\" style=\"font-family:Arial, Helvetica, sans-serif;font-style:normal;font-weight:700;margin:0;\"><p style=\"text-align: center;\">Recursos para la redacci\u00f3n de curr\u00edculos<\/p><\/h1><\/div><\/div><\/div><\/div><\/div><div class=\"fusion-fullwidth fullwidth-box fusion-builder-row-2 fusion-flex-container nonhundred-percent-fullwidth non-hundred-percent-height-scrolling\" style=\"--awb-border-radius-top-left:0px;--awb-border-radius-top-right:0px;--awb-border-radius-bottom-right:0px;--awb-border-radius-bottom-left:0px;--awb-padding-top:0px;--awb-padding-right:0px;--awb-padding-bottom:0px;--awb-padding-left:0px;--awb-flex-wrap:wrap;\" ><div class=\"fusion-builder-row fusion-row fusion-flex-align-items-stretch fusion-flex-content-wrap\" style=\"max-width:1122px;margin-left: calc(-2% \/ 2 );margin-right: calc(-2% \/ 2 );\"><div class=\"fusion-layout-column fusion_builder_column fusion-builder-column-1 fusion_builder_column_1_4 1_4 fusion-flex-column\" style=\"--awb-padding-right:0px;--awb-padding-bottom:0px;--awb-padding-left:0px;--awb-bg-blend:overlay;--awb-bg-size:cover;--awb-width-large:25%;--awb-margin-top-large:0px;--awb-spacing-right-large:3.92%;--awb-margin-bottom-large:20px;--awb-spacing-left-large:3.92%;--awb-width-medium:100%;--awb-spacing-right-medium:0.98%;--awb-spacing-left-medium:0.98%;--awb-width-small:100%;--awb-spacing-right-small:0.98%;--awb-spacing-left-small:0.98%;\"><div class=\"fusion-column-wrapper fusion-flex-justify-content-flex-start fusion-content-layout-column\"><div class=\"fusion-reading-box-container reading-box-container-1\" style=\"--awb-title-color:#000000;--awb-margin-top:0px;--awb-margin-bottom:0px;\"><div class=\"reading-box reading-box-center\" style=\"background-color:#ffffff;border-width:1px;border-color:#e7e7e7;border-style:solid;padding-top:10px;padding-right:10px;padding-bottom:10px;padding-left:10px;\"><div class=\"reading-box-additional\">\n<h3 style=\"text-align: left;\"><strong>Consejos para el curriculum<\/strong><\/h3>\n<p style=\"text-align: left;\">Encuentre consejos sobre qu\u00e9 decir en su curr\u00edculum y c\u00f3mo decirlo para que destaque ante los empleadores:<\/p>\n<p style=\"text-align: left;\"><a href=\"https:\/\/www.askamanager.org\/2020\/07\/heres-a-bunch-of-help-finding-a-new-job.html?\" target=\"_blank\" rel=\"noopener noreferrer\">El blog preg\u00fantale a un gerente<\/a> &#8211; ofrece \u00abun mont\u00f3n de ayuda para encontrar un nuevo trabajo\u00bb incluyendo curr\u00edculos, entrevistas y m\u00e1s.<\/p>\n<h3 style=\"text-align: left;\"><strong>Curr\u00edculos cronol\u00f3gicos<\/strong><\/h3>\n<p style=\"text-align: left;\"><a href=\"https:\/\/www.careeronestop.org\/JobSearch\/Resumes\/ResumeGuide\/Introduction.aspx\" target=\"_blank\" rel=\"noopener noreferrer\">Ejemplos de curr\u00edculos<\/a><\/p>\n<h3 style=\"text-align: left;\"><strong>Curr\u00edculos funcionales<\/strong><\/h3>\n<p style=\"text-align: left;\"><a href=\"https:\/\/www.indeed.com\/career-advice\/resumes-cover-letters\/functional-resume-tips-and-examples\" target=\"_blank\" rel=\"noopener noreferrer\">Ejemplos de curr\u00edculos<\/a><\/p>\n<h3 style=\"text-align: left;\"><strong>Curr\u00edculos combinados<\/strong><\/h3>\n<p style=\"text-align: left;\"><a href=\"https:\/\/www.indeed.com\/career-advice\/resumes-cover-letters\/combination-resume-tips-and-examples\" target=\"_blank\" rel=\"noopener noreferrer\">Ejemplos de curr\u00edculos<\/a><\/p>\n<\/div><div class=\"fusion-clearfix\"><\/div><\/div><\/div><\/div><\/div><div class=\"fusion-layout-column fusion_builder_column fusion-builder-column-2 fusion_builder_column_1_4 1_4 fusion-flex-column\" style=\"--awb-bg-size:cover;--awb-width-large:25%;--awb-margin-top-large:0px;--awb-spacing-right-large:3.92%;--awb-margin-bottom-large:0px;--awb-spacing-left-large:3.92%;--awb-width-medium:100%;--awb-order-medium:0;--awb-spacing-right-medium:0.98%;--awb-spacing-left-medium:0.98%;--awb-width-small:100%;--awb-order-small:0;--awb-spacing-right-small:0.98%;--awb-spacing-left-small:0.98%;\"><div class=\"fusion-column-wrapper fusion-column-has-shadow fusion-flex-justify-content-flex-start fusion-content-layout-column\"><div class=\"fusion-reading-box-container reading-box-container-2\" style=\"--awb-title-color:#000000;--awb-margin-top:0px;--awb-margin-bottom:0px;\"><div class=\"reading-box reading-box-center\" style=\"background-color:#ffffff;border-width:1px;border-color:#e7e7e7;border-style:solid;padding-top:10px;padding-right:10px;padding-bottom:10px;padding-left:10px;\"><div class=\"reading-box-additional\">\n<h3 style=\"text-align: left;\"><strong>Crear un curr\u00edculum<\/strong><\/h3>\n<p style=\"text-align: left;\"><a href=\"https:\/\/dol.ny.gov\/careerzone-0\">NYS CareerZone<\/a> &#8211; Utiliza la plantilla para rellenar los espacios en blanco para crear tu curr\u00edculum, que luego podr\u00e1s guardar como documento de Microsoft Word para editarlo e imprimirlo.<\/p>\n<p style=\"text-align: left;\"><a href=\"https:\/\/0-main_midhudson_ny_jobnow-svc-brainfuse-com.midhudsonlibraries.org\/\" target=\"_blank\" rel=\"noopener\">Job Now<\/a> (se necesita la tarjeta de la biblioteca Mid-Hudson para acceder) &#8211; Una base de datos que le ayudar\u00e1 a crear un curr\u00edculum perfeccionar sus habilidades para las entrevistas y buscar empleo. Los usuarios tambi\u00e9n pueden hacer pruebas de pr\u00e1ctica chatear con un tutor en directo o recibir ayuda para escribir.<\/p>\n<\/div><div class=\"fusion-clearfix\"><\/div><\/div><\/div><\/div><\/div><div class=\"fusion-layout-column fusion_builder_column fusion-builder-column-3 fusion_builder_column_1_4 1_4 fusion-flex-column\" style=\"--awb-padding-right:0px;--awb-padding-bottom:0px;--awb-padding-left:0px;--awb-bg-blend:overlay;--awb-bg-size:cover;--awb-width-large:25%;--awb-margin-top-large:0px;--awb-spacing-right-large:3.92%;--awb-margin-bottom-large:20px;--awb-spacing-left-large:3.92%;--awb-width-medium:100%;--awb-spacing-right-medium:0.98%;--awb-spacing-left-medium:0.98%;--awb-width-small:100%;--awb-spacing-right-small:0.98%;--awb-spacing-left-small:0.98%;\"><div class=\"fusion-column-wrapper fusion-flex-justify-content-flex-start fusion-content-layout-column\"><div class=\"fusion-reading-box-container reading-box-container-3\" style=\"--awb-title-color:#000000;--awb-margin-top:0px;--awb-margin-bottom:0px;\"><div class=\"reading-box reading-box-center\" style=\"background-color:#ffffff;border-width:1px;border-color:#e7e7e7;border-style:solid;padding-top:10px;padding-right:10px;padding-bottom:10px;padding-left:10px;\"><div class=\"reading-box-additional\">\n<h3 style=\"text-align: left;\"><strong>Recursos para la carta de presentaci\u00f3n<\/strong><\/h3>\n<p style=\"text-align: left;\">Encuentre informaci\u00f3n sobre c\u00f3mo hacer que su carta de presentaci\u00f3n se destaque de la competencia:<\/p>\n<p style=\"text-align: left;\"><a href=\"https:\/\/www.careeronestop.org\/JobSearch\/Resumes\/cover-letters-sample.aspx\" target=\"_blank\" rel=\"noopener noreferrer\">Ejemplos de cartas de presentaci\u00f3n<\/a><\/p>\n<p style=\"text-align: left;\"><a href=\"https:\/\/dol.ny.gov\/careerzone-0\" target=\"_blank\" rel=\"noopener\">NYS CareerZone<\/a> &#8211; Utiliza la plantilla para rellenar los espacios en blanco para crear una carta de presentaci\u00f3n. Elija entre una plantilla sencilla o personalizada para recalcar mejor sus habilidades.<\/p>\n<\/div><div class=\"fusion-clearfix\"><\/div><\/div><\/div><\/div><\/div><div class=\"fusion-layout-column fusion_builder_column fusion-builder-column-4 fusion_builder_column_1_4 1_4 fusion-flex-column\" style=\"--awb-padding-right:0px;--awb-padding-bottom:0px;--awb-padding-left:0px;--awb-bg-blend:overlay;--awb-bg-size:cover;--awb-width-large:25%;--awb-margin-top-large:0px;--awb-spacing-right-large:3.92%;--awb-margin-bottom-large:20px;--awb-spacing-left-large:3.92%;--awb-width-medium:100%;--awb-spacing-right-medium:0.98%;--awb-spacing-left-medium:0.98%;--awb-width-small:100%;--awb-spacing-right-small:0.98%;--awb-spacing-left-small:0.98%;\"><div class=\"fusion-column-wrapper fusion-flex-justify-content-flex-start fusion-content-layout-column\"><div class=\"fusion-reading-box-container reading-box-container-4\" style=\"--awb-title-color:#000000;--awb-margin-top:0px;--awb-margin-bottom:0px;\"><div class=\"reading-box reading-box-center\" style=\"background-color:#ffffff;border-width:1px;border-color:#e7e7e7;border-style:solid;padding-top:10px;padding-right:10px;padding-bottom:10px;padding-left:10px;\"><div class=\"reading-box-additional\">\n<h3 style=\"text-align: left;\"><strong>Recursos para las entrevistas<\/strong><\/h3>\n<p style=\"text-align: left;\">Encuentre informaci\u00f3n sobre c\u00f3mo prepararse para una entrevista en los sitios que se indican a continuaci\u00f3n:<\/p>\n<p style=\"text-align: left;\"><a href=\"https:\/\/www.labor.ny.gov\/careerservices\/findajob\/intview.shtm\" target=\"_blank\" rel=\"noopener noreferrer\">departamento de trabajo del estado de Nueva York<\/a><\/p>\n<p style=\"text-align: left;\"><a href=\"https:\/\/www.askamanager.org\/2020\/07\/heres-a-bunch-of-help-finding-a-new-job.html?\" target=\"_blank\" rel=\"noopener noreferrer\">Ask a Manager Blog<\/a> &#8211; ofrece \u00abun mont\u00f3n de ayuda para encontrar un nuevo trabajo\u00bb, incluyendo curr\u00edculos, entrevistas y mucho m\u00e1s.<\/p>\n<p style=\"text-align: left;\">Encuentra informaci\u00f3n salarial que te ayude a responder a la pregunta \u00ab\u00bfCu\u00e1les son tus requisitos salariales?\u00bb:<\/p>\n<p style=\"text-align: left;\"><a href=\"https:\/\/www.salary.com\/\" target=\"_blank\" rel=\"noopener noreferrer\">Salario.com<\/a><\/p>\n<\/div><div class=\"fusion-clearfix\"><\/div><\/div><\/div><\/div><\/div><\/div><\/div><\/p>\n","protected":false},"excerpt":{"rendered":"","protected":false},"author":14,"featured_media":0,"parent":25178,"menu_order":0,"comment_status":"closed","ping_status":"closed","template":"","meta":{"_acf_changed":false,"advanced_seo_description":"","jetpack_seo_html_title":"","jetpack_seo_noindex":false,"footnotes":"","_links_to":"","_links_to_target":""},"class_list":["post-25179","page","type-page","status-publish","hentry"],"acf":[],"publishpress_future_action":{"enabled":false,"date":"2026-05-05 06:22:47","action":"change-status","newStatus":"draft","terms":[],"taxonomy":"translation_priority","extraData":[]},"publishpress_future_workflow_manual_trigger":{"enabledWorkflows":[]},"_links":{"self":[{"href":"https:\/\/poklib.org\/es\/wp-json\/wp\/v2\/pages\/25179","targetHints":{"allow":["GET"]}}],"collection":[{"href":"https:\/\/poklib.org\/es\/wp-json\/wp\/v2\/pages"}],"about":[{"href":"https:\/\/poklib.org\/es\/wp-json\/wp\/v2\/types\/page"}],"author":[{"embeddable":true,"href":"https:\/\/poklib.org\/es\/wp-json\/wp\/v2\/users\/14"}],"replies":[{"embeddable":true,"href":"https:\/\/poklib.org\/es\/wp-json\/wp\/v2\/comments?post=25179"}],"version-history":[{"count":0,"href":"https:\/\/poklib.org\/es\/wp-json\/wp\/v2\/pages\/25179\/revisions"}],"up":[{"embeddable":true,"href":"https:\/\/poklib.org\/es\/wp-json\/wp\/v2\/pages\/25178"}],"wp:attachment":[{"href":"https:\/\/poklib.org\/es\/wp-json\/wp\/v2\/media?parent=25179"}],"curies":[{"name":"wp","href":"https:\/\/api.w.org\/{rel}","templated":true}]}}