{"id":25132,"date":"2021-04-22T15:02:37","date_gmt":"2021-04-22T19:02:37","guid":{"rendered":"https:\/\/poklib.org\/?page_id=25132"},"modified":"2025-11-04T14:48:20","modified_gmt":"2025-11-04T19:48:20","slug":"visita-del-personal-de-la-biblioteca-a-su-clase-o-escuela","status":"publish","type":"page","link":"https:\/\/poklib.org\/es\/juventud\/recursos-para-educadores\/visita-del-personal-de-la-biblioteca-a-su-clase-o-escuela\/","title":{"rendered":"Visita del personal de la biblioteca a su clase o escuela"},"content":{"rendered":"<p><div class=\"fusion-fullwidth fullwidth-box fusion-builder-row-1 fusion-flex-container nonhundred-percent-fullwidth non-hundred-percent-height-scrolling\" style=\"--awb-border-radius-top-left:0px;--awb-border-radius-top-right:0px;--awb-border-radius-bottom-right:0px;--awb-border-radius-bottom-left:0px;--awb-flex-wrap:wrap;\" ><div class=\"fusion-builder-row fusion-row fusion-flex-align-items-flex-start fusion-flex-content-wrap\" style=\"max-width:1122px;margin-left: calc(-2% \/ 2 );margin-right: calc(-2% \/ 2 );\"><div class=\"fusion-layout-column fusion_builder_column fusion-builder-column-0 fusion_builder_column_1_1 1_1 fusion-flex-column\" style=\"--awb-bg-size:cover;--awb-width-large:100%;--awb-margin-top-large:0px;--awb-spacing-right-large:0.98%;--awb-margin-bottom-large:20px;--awb-spacing-left-large:0.98%;--awb-width-medium:100%;--awb-order-medium:0;--awb-spacing-right-medium:0.98%;--awb-spacing-left-medium:0.98%;--awb-width-small:100%;--awb-order-small:0;--awb-spacing-right-small:0.98%;--awb-spacing-left-small:0.98%;\"><div class=\"fusion-column-wrapper fusion-column-has-shadow fusion-flex-justify-content-flex-start fusion-content-layout-column\"><div class=\"fusion-text fusion-text-1\"><p>\u00a1Nuestro personal de Servicios para J\u00f3venes puede visitar su clase, evento o reuni\u00f3n de grupo para ayudar a que los padres, profesores y ni\u00f1os se entusiasmen con lo que la biblioteca tiene para ofrecer!<\/p>\n<p class=\"emphasize\">Por favor av\u00edsanos con 2 semanas de anticipaci\u00f3n para cualquier solicitud de visita.<\/p>\n<p>Haremos todo lo posible para acomodar las visitas a los grupos. Sin embargo, debido a otros eventos y a la disponibilidad del personal, es posible que no podamos programar a todos los grupos que soliciten una visita.<\/p>\n<p class=\"emphasize\">Por favor, espere tres (3) d\u00edas laborables para que el personal de la biblioteca se ponga en contacto con usted para programar su visita.<\/p>\n<\/div><\/div><\/div><\/div><\/div><div class=\"fusion-fullwidth fullwidth-box fusion-builder-row-2 fusion-flex-container nonhundred-percent-fullwidth non-hundred-percent-height-scrolling\" style=\"--awb-border-radius-top-left:0px;--awb-border-radius-top-right:0px;--awb-border-radius-bottom-right:0px;--awb-border-radius-bottom-left:0px;--awb-flex-wrap:wrap;\" ><div class=\"fusion-builder-row fusion-row fusion-flex-align-items-flex-start fusion-flex-content-wrap\" style=\"max-width:1122px;margin-left: calc(-2% \/ 2 );margin-right: calc(-2% \/ 2 );\"><div class=\"fusion-layout-column fusion_builder_column fusion-builder-column-1 fusion_builder_column_1_1 1_1 fusion-flex-column\" style=\"--awb-bg-size:cover;--awb-width-large:100%;--awb-margin-top-large:0px;--awb-spacing-right-large:0.98%;--awb-margin-bottom-large:20px;--awb-spacing-left-large:0.98%;--awb-width-medium:100%;--awb-order-medium:0;--awb-spacing-right-medium:0.98%;--awb-spacing-left-medium:0.98%;--awb-width-small:100%;--awb-order-small:0;--awb-spacing-right-small:0.98%;--awb-spacing-left-small:0.98%;\"><div class=\"fusion-column-wrapper fusion-column-has-shadow fusion-flex-justify-content-flex-start fusion-content-layout-column\"><div class=\"wpforms-container wpforms-render-modern\" id=\"wpforms-13876\"><form id=\"wpforms-form-13876\" class=\"wpforms-validate wpforms-form\" data-formid=\"13876\" method=\"post\" enctype=\"multipart\/form-data\" action=\"\/es\/wp-json\/wp\/v2\/pages\/25132\" data-token=\"a8661b59b39a1073f986ef01cffad880\" data-token-time=\"1776793745\"><noscript class=\"wpforms-error-noscript\">Por favor, activa JavaScript en tu navegador para completar este formulario.<\/noscript><div id=\"wpforms-error-noscript\" style=\"display: none;\">Por favor, activa JavaScript en tu navegador para completar este formulario.<\/div><div class=\"wpforms-field-container\"><div id=\"wpforms-13876-field_1-container\" class=\"wpforms-field wpforms-field-name\" data-field-id=\"1\"><fieldset><legend class=\"wpforms-field-label\">Nombre de la persona de contacto: <span class=\"wpforms-required-label\" aria-hidden=\"true\">*<\/span><\/legend><div class=\"wpforms-field-row wpforms-field-medium\"><div class=\"wpforms-field-row-block wpforms-first wpforms-one-half\"><input type=\"text\" id=\"wpforms-13876-field_1\" class=\"wpforms-field-name-first wpforms-field-required\" name=\"wpforms[fields][1][first]\" aria-errormessage=\"wpforms-13876-field_1-error\" required><label for=\"wpforms-13876-field_1\" class=\"wpforms-field-sublabel after\">Nombre<\/label><\/div><div class=\"wpforms-field-row-block wpforms-one-half\"><input type=\"text\" id=\"wpforms-13876-field_1-last\" class=\"wpforms-field-name-last wpforms-field-required\" name=\"wpforms[fields][1][last]\" aria-errormessage=\"wpforms-13876-field_1-last-error\" required><label for=\"wpforms-13876-field_1-last\" class=\"wpforms-field-sublabel after\">Apellidos<\/label><\/div><\/div><\/fieldset><\/div><div id=\"wpforms-13876-field_8-container\" class=\"wpforms-field wpforms-field-email\" data-field-id=\"8\"><label class=\"wpforms-field-label\" for=\"wpforms-13876-field_8\">Correo electr\u00f3nico de la persona de contacto: <span class=\"wpforms-required-label\" aria-hidden=\"true\">*<\/span><\/label><input type=\"email\" id=\"wpforms-13876-field_8\" class=\"wpforms-field-medium wpforms-field-required\" name=\"wpforms[fields][8]\" spellcheck=\"false\" aria-errormessage=\"wpforms-13876-field_8-error\" required><\/div><div id=\"wpforms-13876-field_9-container\" class=\"wpforms-field wpforms-field-phone\" data-field-id=\"9\"><label class=\"wpforms-field-label\" for=\"wpforms-13876-field_9\">Tel\u00e9fono de la persona de contacto: <span class=\"wpforms-required-label\" aria-hidden=\"true\">*<\/span><\/label><input type=\"tel\" id=\"wpforms-13876-field_9\" class=\"wpforms-field-medium wpforms-field-required wpforms-masked-input\" data-inputmask=\"&#039;mask&#039;: &#039;(999) 999-9999&#039;\" data-rule-us-phone-field=\"true\" data-inputmask-inputmode=\"tel\" name=\"wpforms[fields][9]\" aria-label=\"Tel\u00e9fono de la persona de contacto:\" aria-errormessage=\"wpforms-13876-field_9-error\" required><\/div><div id=\"wpforms-13876-field_4-container\" class=\"wpforms-field wpforms-field-checkbox\" data-field-id=\"4\"><fieldset><legend class=\"wpforms-field-label\">\u00bfC\u00f3mo le gustar\u00eda que visit\u00e1ramos su clase? <span class=\"wpforms-required-label\" aria-hidden=\"true\">*<\/span><\/legend><ul id=\"wpforms-13876-field_4\" class=\"wpforms-field-required\"><li class=\"choice-1 depth-1\"><input type=\"checkbox\" id=\"wpforms-13876-field_4_1\" name=\"wpforms[fields][4][]\" value=\"En persona (rellene la pregunta sobre las medidas de seguridad de COVID que figura a continuaci\u00f3n)\" aria-errormessage=\"wpforms-13876-field_4_1-error\" required ><label class=\"wpforms-field-label-inline\" for=\"wpforms-13876-field_4_1\">En persona (rellene la pregunta sobre las medidas de seguridad de COVID que figura a continuaci\u00f3n)<\/label><\/li><li class=\"choice-2 depth-1\"><input type=\"checkbox\" id=\"wpforms-13876-field_4_2\" name=\"wpforms[fields][4][]\" value=\"Pr\u00e1cticamente\" aria-errormessage=\"wpforms-13876-field_4_2-error\" required ><label class=\"wpforms-field-label-inline\" for=\"wpforms-13876-field_4_2\">Pr\u00e1cticamente<\/label><\/li><li class=\"choice-3 depth-1\"><input type=\"checkbox\" id=\"wpforms-13876-field_4_3\" name=\"wpforms[fields][4][]\" value=\"Otros\" aria-errormessage=\"wpforms-13876-field_4_3-error\" required ><label class=\"wpforms-field-label-inline\" for=\"wpforms-13876-field_4_3\">Otros<\/label><\/li><\/ul><\/fieldset><\/div><div id=\"wpforms-13876-field_22-container\" class=\"wpforms-field wpforms-field-textarea\" data-field-id=\"22\"><label class=\"wpforms-field-label\" for=\"wpforms-13876-field_22\">Si es en persona, \u00bfcu\u00e1les son las medidas de seguridad COVID que deber\u00e1 seguir?<\/label><textarea id=\"wpforms-13876-field_22\" class=\"wpforms-field-medium\" name=\"wpforms[fields][22]\" aria-errormessage=\"wpforms-13876-field_22-error\" ><\/textarea><\/div><div id=\"wpforms-13876-field_5-container\" class=\"wpforms-field wpforms-field-text\" data-field-id=\"5\"><label class=\"wpforms-field-label\" for=\"wpforms-13876-field_5\">Organizaci\u00f3n \/ Nombre de la escuela: <span class=\"wpforms-required-label\" aria-hidden=\"true\">*<\/span><\/label><input type=\"text\" id=\"wpforms-13876-field_5\" class=\"wpforms-field-medium wpforms-field-required\" name=\"wpforms[fields][5]\" aria-errormessage=\"wpforms-13876-field_5-error\" required><\/div><div id=\"wpforms-13876-field_10-container\" class=\"wpforms-field wpforms-field-address\" data-field-id=\"10\"><fieldset><legend class=\"wpforms-field-label\">Direcci\u00f3n de la organizaci\u00f3n\/escuela: <span class=\"wpforms-required-label\" aria-hidden=\"true\">*<\/span><\/legend><div class=\"wpforms-field-row wpforms-field-medium\"><div ><input type=\"text\" id=\"wpforms-13876-field_10\" class=\"wpforms-field-address-address1 wpforms-field-required\" name=\"wpforms[fields][10][address1]\" aria-errormessage=\"wpforms-13876-field_10-error\" required><label for=\"wpforms-13876-field_10\" class=\"wpforms-field-sublabel after\">Address Line 1<\/label><\/div><\/div><div class=\"wpforms-field-row wpforms-field-medium\"><div ><input type=\"text\" id=\"wpforms-13876-field_10-address2\" class=\"wpforms-field-address-address2\" name=\"wpforms[fields][10][address2]\" aria-errormessage=\"wpforms-13876-field_10-address2-error\" ><label for=\"wpforms-13876-field_10-address2\" class=\"wpforms-field-sublabel after\">Address Line 2<\/label><\/div><\/div><div class=\"wpforms-field-row wpforms-field-medium\"><div class=\"wpforms-field-row-block wpforms-one-half wpforms-first\"><input type=\"text\" id=\"wpforms-13876-field_10-city\" class=\"wpforms-field-address-city wpforms-field-required\" name=\"wpforms[fields][10][city]\" aria-errormessage=\"wpforms-13876-field_10-city-error\" required><label for=\"wpforms-13876-field_10-city\" class=\"wpforms-field-sublabel after\">Ciudad<\/label><\/div><div class=\"wpforms-field-row-block wpforms-one-half\"><select id=\"wpforms-13876-field_10-state\" class=\"wpforms-field-address-state wpforms-field-required\" name=\"wpforms[fields][10][state]\" aria-errormessage=\"wpforms-13876-field_10-state-error\" required><option class=\"placeholder\" value=\"\" selected disabled>--- Select state ---<\/option><option value=\"AL\" >Alabama<\/option><option value=\"AK\" >Alaska<\/option><option value=\"AZ\" >Arizona<\/option><option value=\"AR\" >Arkansas<\/option><option value=\"CA\" >California<\/option><option value=\"CO\" >Colorado<\/option><option value=\"CT\" >Connecticut<\/option><option value=\"DE\" >Delaware<\/option><option value=\"DC\" >Distrito de Columbia<\/option><option value=\"FL\" >Florida<\/option><option value=\"GA\" >Georgia<\/option><option value=\"HI\" >Hawai<\/option><option value=\"ID\" >Idaho<\/option><option value=\"IL\" >Illinois<\/option><option value=\"IN\" >Indiana<\/option><option value=\"IA\" >Iowa<\/option><option value=\"KS\" >Kansas<\/option><option value=\"KY\" >Kentucky<\/option><option value=\"LA\" >Luisiana<\/option><option value=\"ME\" >Maine<\/option><option value=\"MD\" >Maryland<\/option><option value=\"MA\" >Massachusetts<\/option><option value=\"MI\" >M\u00edchigan<\/option><option value=\"MN\" >Minnesota<\/option><option value=\"MS\" >Misisipi<\/option><option value=\"MO\" >Misuri<\/option><option value=\"MT\" >Montana<\/option><option value=\"NE\" >Nebraska<\/option><option value=\"NV\" >Nevada<\/option><option value=\"NH\" >Nuevo Hampshire<\/option><option value=\"NJ\" >Nueva Jersey<\/option><option value=\"NM\" >Nuevo M\u00e9xico<\/option><option value=\"NY\" >Nueva York<\/option><option value=\"NC\" >Carolina del norte<\/option><option value=\"ND\" >Dakota del norte<\/option><option value=\"OH\" >Ohio<\/option><option value=\"OK\" >Oklahoma<\/option><option value=\"OR\" >Oreg\u00f3n<\/option><option value=\"PA\" >Pensilvania<\/option><option value=\"RI\" >Rhode Island<\/option><option value=\"SC\" >Carolina del Sur<\/option><option value=\"SD\" >Dakota del Sur<\/option><option value=\"TN\" >Tennessee<\/option><option value=\"TX\" >Texas<\/option><option value=\"UT\" >Utah<\/option><option value=\"VT\" >Vermont<\/option><option value=\"VA\" >Virginia<\/option><option value=\"WA\" >Washington<\/option><option value=\"WV\" >Virginia Occidental<\/option><option value=\"WI\" >Wisconsin<\/option><option value=\"WY\" >Wyoming<\/option><\/select><label for=\"wpforms-13876-field_10-state\" class=\"wpforms-field-sublabel after\">State<\/label><\/div><\/div><div class=\"wpforms-field-row wpforms-field-medium\"><div class=\"wpforms-field-row-block wpforms-one-half wpforms-first\"><input type=\"text\" id=\"wpforms-13876-field_10-postal\" class=\"wpforms-field-address-postal wpforms-field-required wpforms-masked-input\" data-inputmask-mask=\"(99999)|(99999-9999)\" data-inputmask-keepstatic=\"true\" data-rule-inputmask-incomplete=\"1\" name=\"wpforms[fields][10][postal]\" aria-errormessage=\"wpforms-13876-field_10-postal-error\" required><label for=\"wpforms-13876-field_10-postal\" class=\"wpforms-field-sublabel after\">Zip Code<\/label><\/div><\/div><\/fieldset><\/div><div id=\"wpforms-13876-field_11-container\" class=\"wpforms-field wpforms-field-text\" data-field-id=\"11\"><label class=\"wpforms-field-label\" for=\"wpforms-13876-field_11\">Ubicaci\u00f3n\/sala:  <\/label><input type=\"text\" id=\"wpforms-13876-field_11\" class=\"wpforms-field-medium\" name=\"wpforms[fields][11]\" aria-errormessage=\"wpforms-13876-field_11-error\" ><\/div><div id=\"wpforms-13876-field_12-container\" class=\"wpforms-field wpforms-field-text\" data-field-id=\"12\"><label class=\"wpforms-field-label\" for=\"wpforms-13876-field_12\">Nombre del evento:<\/label><input type=\"text\" id=\"wpforms-13876-field_12\" class=\"wpforms-field-medium\" name=\"wpforms[fields][12]\" aria-errormessage=\"wpforms-13876-field_12-error\" ><\/div><div id=\"wpforms-13876-field_13-container\" class=\"wpforms-field wpforms-field-date-time\" data-field-id=\"13\"><fieldset><legend class=\"wpforms-field-label\">Fecha y hora preferidas: <span class=\"wpforms-required-label\" aria-hidden=\"true\">*<\/span><\/legend><div class=\"wpforms-field-row wpforms-field-medium\"><div class=\"wpforms-field-row-block wpforms-date-type-datepicker\"><div class=\"wpforms-datepicker-wrap\"><input type=\"text\" id=\"wpforms-13876-field_13\" class=\"wpforms-field-date-time-date wpforms-datepicker wpforms-field-required\" data-date-format=\"m\/d\/Y\" data-disable-past-dates=\"0\" data-input=\"true\" name=\"wpforms[fields][13][date]\" aria-errormessage=\"wpforms-13876-field_13-error\" required><a title=\"Borrar fecha\" data-clear role=\"button\" tabindex=\"0\" class=\"wpforms-datepicker-clear\" aria-label=\"Borrar fecha\" style=\"display:none;\"><\/a><\/div><label for=\"wpforms-13876-field_13\" class=\"wpforms-field-sublabel after\">Fecha<\/label><\/div><div class=\"wpforms-field-row-block\"><input type=\"text\" id=\"wpforms-13876-field_13-time\" class=\"wpforms-field-date-time-time wpforms-timepicker wpforms-field-required\" data-time-format=\"g:i A\" data-step=\"30\" data-rule-time12h=\"true\" name=\"wpforms[fields][13][time]\" aria-errormessage=\"wpforms-13876-field_13-time-error\" required><label for=\"wpforms-13876-field_13-time\" class=\"wpforms-field-sublabel after\">Hora<\/label><\/div><\/div><\/fieldset><\/div><div id=\"wpforms-13876-field_14-container\" class=\"wpforms-field wpforms-field-select wpforms-field-select-style-classic\" data-field-id=\"14\"><label class=\"wpforms-field-label\" for=\"wpforms-13876-field_14\">\u00bfEs flexible la fecha y la hora?<\/label><select id=\"wpforms-13876-field_14\" class=\"wpforms-field-small\" name=\"wpforms[fields][14]\"><option value=\"S\u00ed\"  class=\"choice-1 depth-1\"  >S\u00ed<\/option><option value=\"No\"  class=\"choice-2 depth-1\"  >No<\/option><\/select><\/div><div id=\"wpforms-13876-field_16-container\" class=\"wpforms-field wpforms-field-checkbox\" data-field-id=\"16\"><fieldset><legend class=\"wpforms-field-label\">Idioma preferido del personal de la biblioteca visitante:<\/legend><ul id=\"wpforms-13876-field_16\"><li class=\"choice-1 depth-1\"><input type=\"checkbox\" id=\"wpforms-13876-field_16_1\" name=\"wpforms[fields][16][]\" value=\"Ingl\u00e9s\" aria-errormessage=\"wpforms-13876-field_16_1-error\"  ><label class=\"wpforms-field-label-inline\" for=\"wpforms-13876-field_16_1\">Ingl\u00e9s<\/label><\/li><li class=\"choice-2 depth-1\"><input type=\"checkbox\" id=\"wpforms-13876-field_16_2\" name=\"wpforms[fields][16][]\" value=\"Espa\u00f1ol\" aria-errormessage=\"wpforms-13876-field_16_2-error\"  ><label class=\"wpforms-field-label-inline\" for=\"wpforms-13876-field_16_2\">Espa\u00f1ol<\/label><\/li><\/ul><\/fieldset><\/div><div id=\"wpforms-13876-field_17-container\" class=\"wpforms-field wpforms-field-checkbox\" data-field-id=\"17\"><fieldset><legend class=\"wpforms-field-label\">\u00bfA qui\u00e9n visitamos? (marque todo lo que corresponda):<\/legend><ul id=\"wpforms-13876-field_17\"><li class=\"choice-1 depth-1\"><input type=\"checkbox\" id=\"wpforms-13876-field_17_1\" name=\"wpforms[fields][17][]\" value=\"Beb\u00e9s (Nacimiento-2)\" aria-errormessage=\"wpforms-13876-field_17_1-error\"  ><label class=\"wpforms-field-label-inline\" for=\"wpforms-13876-field_17_1\">Beb\u00e9s (Nacimiento-2)<\/label><\/li><li class=\"choice-2 depth-1\"><input type=\"checkbox\" id=\"wpforms-13876-field_17_2\" name=\"wpforms[fields][17][]\" value=\"Ni\u00f1os peque\u00f1os (2-3 a\u00f1os)\" aria-errormessage=\"wpforms-13876-field_17_2-error\"  ><label class=\"wpforms-field-label-inline\" for=\"wpforms-13876-field_17_2\">Ni\u00f1os peque\u00f1os (2-3 a\u00f1os)<\/label><\/li><li class=\"choice-3 depth-1\"><input type=\"checkbox\" id=\"wpforms-13876-field_17_3\" name=\"wpforms[fields][17][]\" value=\"Preescolar (3-5 a\u00f1os)\" aria-errormessage=\"wpforms-13876-field_17_3-error\"  ><label class=\"wpforms-field-label-inline\" for=\"wpforms-13876-field_17_3\">Preescolar (3-5 a\u00f1os)<\/label><\/li><li class=\"choice-4 depth-1\"><input type=\"checkbox\" id=\"wpforms-13876-field_17_4\" name=\"wpforms[fields][17][]\" value=\"Escuela primaria (grados K-5)\" aria-errormessage=\"wpforms-13876-field_17_4-error\"  ><label class=\"wpforms-field-label-inline\" for=\"wpforms-13876-field_17_4\">Escuela primaria (grados K-5)<\/label><\/li><li class=\"choice-5 depth-1\"><input type=\"checkbox\" id=\"wpforms-13876-field_17_5\" name=\"wpforms[fields][17][]\" value=\"Escuela Secundaria (Grados 6-8)\" aria-errormessage=\"wpforms-13876-field_17_5-error\"  ><label class=\"wpforms-field-label-inline\" for=\"wpforms-13876-field_17_5\">Escuela Secundaria (Grados 6-8)<\/label><\/li><li class=\"choice-6 depth-1\"><input type=\"checkbox\" id=\"wpforms-13876-field_17_6\" name=\"wpforms[fields][17][]\" value=\"Escuela secundaria (grados 9-12)\" aria-errormessage=\"wpforms-13876-field_17_6-error\"  ><label class=\"wpforms-field-label-inline\" for=\"wpforms-13876-field_17_6\">Escuela secundaria (grados 9-12)<\/label><\/li><li class=\"choice-7 depth-1\"><input type=\"checkbox\" id=\"wpforms-13876-field_17_7\" name=\"wpforms[fields][17][]\" value=\"S\u00f3lo para adultos \/ padres \/ profesores\" aria-errormessage=\"wpforms-13876-field_17_7-error\"  ><label class=\"wpforms-field-label-inline\" for=\"wpforms-13876-field_17_7\">S\u00f3lo para adultos \/ padres \/ profesores<\/label><\/li><li class=\"choice-8 depth-1\"><input type=\"checkbox\" id=\"wpforms-13876-field_17_8\" name=\"wpforms[fields][17][]\" value=\"Otros, por favor, rellene a continuaci\u00f3n:\" aria-errormessage=\"wpforms-13876-field_17_8-error\"  ><label class=\"wpforms-field-label-inline\" for=\"wpforms-13876-field_17_8\">Otros, por favor, rellene a continuaci\u00f3n:<\/label><\/li><\/ul><\/fieldset><\/div><div id=\"wpforms-13876-field_18-container\" class=\"wpforms-field wpforms-field-text\" data-field-id=\"18\"><label class=\"wpforms-field-label\" for=\"wpforms-13876-field_18\">Otros, o m\u00e1s especializados, por favor, rellene aqu\u00ed:<\/label><input type=\"text\" id=\"wpforms-13876-field_18\" class=\"wpforms-field-medium\" name=\"wpforms[fields][18]\" aria-errormessage=\"wpforms-13876-field_18-error\" ><\/div><div id=\"wpforms-13876-field_19-container\" class=\"wpforms-field wpforms-field-number\" data-field-id=\"19\"><label class=\"wpforms-field-label\" for=\"wpforms-13876-field_19\">N\u00famero aproximado de asistentes: <span class=\"wpforms-required-label\" aria-hidden=\"true\">*<\/span><\/label><input type=\"number\" id=\"wpforms-13876-field_19\" class=\"wpforms-field-small wpforms-field-required\" name=\"wpforms[fields][19]\" step=\"any\" aria-errormessage=\"wpforms-13876-field_19-error\" required><\/div><div id=\"wpforms-13876-field_20-container\" class=\"wpforms-field wpforms-field-checkbox\" data-field-id=\"20\"><fieldset><legend class=\"wpforms-field-label\">Men\u00fa de servicios:<\/legend><ul id=\"wpforms-13876-field_20\"><li class=\"choice-1 depth-1\"><input type=\"checkbox\" id=\"wpforms-13876-field_20_1\" name=\"wpforms[fields][20][]\" value=\"Programa de lectura de verano\" aria-errormessage=\"wpforms-13876-field_20_1-error\"  ><label class=\"wpforms-field-label-inline\" for=\"wpforms-13876-field_20_1\">Programa de lectura de verano<\/label><\/li><li class=\"choice-2 depth-1\"><input type=\"checkbox\" id=\"wpforms-13876-field_20_2\" name=\"wpforms[fields][20][]\" value=\"Evento con mesa (ejemplos: podemos organizar una mesa en su noche de vuelta al cole, feria comunitaria o evento especial).\" aria-errormessage=\"wpforms-13876-field_20_2-error\"  ><label class=\"wpforms-field-label-inline\" for=\"wpforms-13876-field_20_2\">Evento con mesa (ejemplos: podemos organizar una mesa en su noche de vuelta al cole, feria comunitaria o evento especial).<\/label><\/li><li class=\"choice-3 depth-1\"><input type=\"checkbox\" id=\"wpforms-13876-field_20_3\" name=\"wpforms[fields][20][]\" value=\"Entrar y salir - 5 a 10 minutos sobre un servicio o tema espec\u00edfico de la biblioteca\" aria-errormessage=\"wpforms-13876-field_20_3-error\"  ><label class=\"wpforms-field-label-inline\" for=\"wpforms-13876-field_20_3\">Entrar y salir - 5 a 10 minutos sobre un servicio o tema espec\u00edfico de la biblioteca<\/label><\/li><li class=\"choice-4 depth-1\"><input type=\"checkbox\" id=\"wpforms-13876-field_20_4\" name=\"wpforms[fields][20][]\" value=\"Hora del cuento 15-30 minutos (Edades 0 - 8)\" aria-errormessage=\"wpforms-13876-field_20_4-error\"  ><label class=\"wpforms-field-label-inline\" for=\"wpforms-13876-field_20_4\">Hora del cuento 15-30 minutos (Edades 0 - 8)<\/label><\/li><li class=\"choice-5 depth-1\"><input type=\"checkbox\" id=\"wpforms-13876-field_20_5\" name=\"wpforms[fields][20][]\" value=\"Charlas sobre libros (Primaria - Secundaria)\" aria-errormessage=\"wpforms-13876-field_20_5-error\"  ><label class=\"wpforms-field-label-inline\" for=\"wpforms-13876-field_20_5\">Charlas sobre libros (Primaria - Secundaria)<\/label><\/li><li class=\"choice-6 depth-1\"><input type=\"checkbox\" id=\"wpforms-13876-field_20_6\" name=\"wpforms[fields][20][]\" value=\"Opciones de talleres para la alfabetizaci\u00f3n temprana y la preparaci\u00f3n escolar\" aria-errormessage=\"wpforms-13876-field_20_6-error\"  ><label class=\"wpforms-field-label-inline\" for=\"wpforms-13876-field_20_6\">Opciones de talleres para la alfabetizaci\u00f3n temprana y la preparaci\u00f3n escolar<\/label><\/li><li class=\"choice-7 depth-1\"><input type=\"checkbox\" id=\"wpforms-13876-field_20_7\" name=\"wpforms[fields][20][]\" value=\"Formaci\u00f3n \/ taller (padres, profesores, personal)\" aria-errormessage=\"wpforms-13876-field_20_7-error\"  ><label class=\"wpforms-field-label-inline\" for=\"wpforms-13876-field_20_7\">Formaci\u00f3n \/ taller (padres, profesores, personal)<\/label><\/li><\/ul><\/fieldset><\/div><div id=\"wpforms-13876-field_21-container\" class=\"wpforms-field wpforms-field-textarea\" data-field-id=\"21\"><label class=\"wpforms-field-label\" for=\"wpforms-13876-field_21\">\u00bfHay algo m\u00e1s que quiera que sepamos antes de nuestra visita?<\/label><textarea id=\"wpforms-13876-field_21\" class=\"wpforms-field-medium\" name=\"wpforms[fields][21]\" aria-errormessage=\"wpforms-13876-field_21-error\" ><\/textarea><\/div><\/div><!-- .wpforms-field-container --><div class=\"wpforms-recaptcha-container wpforms-is-recaptcha wpforms-is-recaptcha-type-v2\" ><div class=\"g-recaptcha\" data-sitekey=\"6Le7EYYhAAAAAKF92R0ClgUxG4fKK7WN4Fcm7RWK\"><\/div><input type=\"text\" name=\"g-recaptcha-hidden\" class=\"wpforms-recaptcha-hidden\" style=\"position:absolute!important;clip:rect(0,0,0,0)!important;height:1px!important;width:1px!important;border:0!important;overflow:hidden!important;padding:0!important;margin:0!important;\" data-rule-recaptcha=\"1\"><\/div><div class=\"wpforms-submit-container\" ><input type=\"hidden\" name=\"wpforms[id]\" value=\"13876\"><input type=\"hidden\" name=\"page_title\" value=\"\"><input type=\"hidden\" name=\"page_url\" value=\"https:\/\/poklib.org\/es\/wp-json\/wp\/v2\/pages\/25132\"><input type=\"hidden\" name=\"url_referer\" value=\"\"><button type=\"submit\" name=\"wpforms[submit]\" id=\"wpforms-submit-13876\" class=\"wpforms-submit\" data-alt-text=\"Enviando...\" data-submit-text=\"Enviar\" aria-live=\"assertive\" value=\"wpforms-submit\">Enviar<\/button><\/div><\/form><\/div>  <!-- .wpforms-container --><\/div><\/div><\/div><\/div><\/p>\n","protected":false},"excerpt":{"rendered":"","protected":false},"author":14,"featured_media":0,"parent":24755,"menu_order":0,"comment_status":"closed","ping_status":"closed","template":"","meta":{"_acf_changed":false,"advanced_seo_description":"","jetpack_seo_html_title":"","jetpack_seo_noindex":false,"footnotes":"","_links_to":"","_links_to_target":""},"class_list":["post-25132","page","type-page","status-publish","hentry"],"acf":[],"publishpress_future_action":{"enabled":false,"date":"2026-04-28 13:49:05","action":"change-status","newStatus":"draft","terms":[],"taxonomy":"translation_priority","extraData":[]},"publishpress_future_workflow_manual_trigger":{"enabledWorkflows":[]},"_links":{"self":[{"href":"https:\/\/poklib.org\/es\/wp-json\/wp\/v2\/pages\/25132","targetHints":{"allow":["GET"]}}],"collection":[{"href":"https:\/\/poklib.org\/es\/wp-json\/wp\/v2\/pages"}],"about":[{"href":"https:\/\/poklib.org\/es\/wp-json\/wp\/v2\/types\/page"}],"author":[{"embeddable":true,"href":"https:\/\/poklib.org\/es\/wp-json\/wp\/v2\/users\/14"}],"replies":[{"embeddable":true,"href":"https:\/\/poklib.org\/es\/wp-json\/wp\/v2\/comments?post=25132"}],"version-history":[{"count":0,"href":"https:\/\/poklib.org\/es\/wp-json\/wp\/v2\/pages\/25132\/revisions"}],"up":[{"embeddable":true,"href":"https:\/\/poklib.org\/es\/wp-json\/wp\/v2\/pages\/24755"}],"wp:attachment":[{"href":"https:\/\/poklib.org\/es\/wp-json\/wp\/v2\/media?parent=25132"}],"curies":[{"name":"wp","href":"https:\/\/api.w.org\/{rel}","templated":true}]}}