{"id":24754,"date":"2020-12-08T12:55:06","date_gmt":"2020-12-08T17:55:06","guid":{"rendered":"https:\/\/poklib.org\/herramientas-de-desarrollo-profesional\/"},"modified":"2026-03-18T16:23:15","modified_gmt":"2026-03-18T20:23:15","slug":"herramientas-de-desarrollo-profesional","status":"publish","type":"page","link":"https:\/\/poklib.org\/es\/conozca\/busqueda-de-empleo\/herramientas-de-desarrollo-profesional\/","title":{"rendered":"Aprender nuevas habilidades"},"content":{"rendered":"<p><div class=\"fusion-fullwidth fullwidth-box fusion-builder-row-1 fusion-flex-container has-pattern-background has-mask-background nonhundred-percent-fullwidth non-hundred-percent-height-scrolling\" style=\"--awb-border-radius-top-left:0px;--awb-border-radius-top-right:0px;--awb-border-radius-bottom-right:0px;--awb-border-radius-bottom-left:0px;--awb-margin-top:35px;--awb-flex-wrap:wrap;\" ><div class=\"fusion-builder-row fusion-row fusion-flex-align-items-flex-start fusion-flex-content-wrap\" style=\"max-width:1122px;margin-left: calc(-2% \/ 2 );margin-right: calc(-2% \/ 2 );\"><div class=\"fusion-layout-column fusion_builder_column fusion-builder-column-0 fusion_builder_column_1_1 1_1 fusion-flex-column\" style=\"--awb-bg-size:cover;--awb-width-large:100%;--awb-margin-top-large:0px;--awb-spacing-right-large:0.98%;--awb-margin-bottom-large:20px;--awb-spacing-left-large:0.98%;--awb-width-medium:100%;--awb-order-medium:0;--awb-spacing-right-medium:0.98%;--awb-spacing-left-medium:0.98%;--awb-width-small:100%;--awb-order-small:0;--awb-spacing-right-small:0.98%;--awb-spacing-left-small:0.98%;\"><div class=\"fusion-column-wrapper fusion-column-has-shadow fusion-flex-justify-content-flex-start fusion-content-layout-column\"><div class=\"fusion-title title fusion-title-1 fusion-sep-none fusion-title-center fusion-title-text fusion-title-size-one\" style=\"--awb-text-color:var(--awb-color2);--awb-margin-top-small:10px;--awb-margin-right-small:0px;--awb-margin-bottom-small:10px;--awb-margin-left-small:0px;--awb-font-size:22px;\"><h1 class=\"fusion-title-heading title-heading-center\" style=\"margin:0;font-size:1em;\">Opciones de aprendizaje en l\u00ednea con videotutoriales para aprender habilidades empresariales, de software, tecnol\u00f3gicas y creativas para alcanzar objetivos personales y profesionales.<\/h1><\/div><\/div><\/div><\/div><\/div><div class=\"fusion-fullwidth fullwidth-box fusion-builder-row-2 fusion-flex-container has-pattern-background has-mask-background nonhundred-percent-fullwidth non-hundred-percent-height-scrolling\" style=\"--awb-border-radius-top-left:0px;--awb-border-radius-top-right:0px;--awb-border-radius-bottom-right:0px;--awb-border-radius-bottom-left:0px;--awb-flex-wrap:wrap;\" ><div class=\"fusion-builder-row fusion-row fusion-flex-align-items-stretch fusion-flex-justify-content-space-evenly fusion-flex-content-wrap\" style=\"max-width:1122px;margin-left: calc(-2% \/ 2 );margin-right: calc(-2% \/ 2 );\"><div class=\"fusion-layout-column fusion_builder_column fusion-builder-column-1 fusion_builder_column_1_3 1_3 fusion-flex-column\" style=\"--awb-padding-top:10px;--awb-padding-right:10px;--awb-padding-bottom:10px;--awb-padding-left:10px;--awb-overflow:hidden;--awb-bg-size:cover;--awb-border-color:#e7e7e7;--awb-border-top:1px;--awb-border-right:1px;--awb-border-bottom:1px;--awb-border-left:1px;--awb-border-style:solid;--awb-border-radius:2px 2px 2px 2px;--awb-width-large:33.3333333333%;--awb-margin-top-large:0px;--awb-spacing-right-large:2.94%;--awb-margin-bottom-large:0px;--awb-spacing-left-large:2.94%;--awb-width-medium:100%;--awb-order-medium:0;--awb-spacing-right-medium:0.98%;--awb-spacing-left-medium:0.98%;--awb-width-small:100%;--awb-order-small:0;--awb-spacing-right-small:0.98%;--awb-spacing-left-small:0.98%;\" data-scroll-devices=\"small-visibility,medium-visibility,large-visibility\"><div class=\"fusion-column-wrapper fusion-column-has-shadow fusion-flex-justify-content-flex-start fusion-content-layout-column\"><div class=\"fusion-image-element \" style=\"text-align:center;--awb-margin-bottom:10px;--awb-max-width:300px;--awb-caption-title-font-family:var(--h2_typography-font-family);--awb-caption-title-font-weight:var(--h2_typography-font-weight);--awb-caption-title-font-style:var(--h2_typography-font-style);--awb-caption-title-size:var(--h2_typography-font-size);--awb-caption-title-transform:var(--h2_typography-text-transform);--awb-caption-title-line-height:var(--h2_typography-line-height);--awb-caption-title-letter-spacing:var(--h2_typography-letter-spacing);\"><span class=\" fusion-imageframe imageframe-none imageframe-1 hover-type-none\"><a class=\"fusion-no-lightbox\" href=\"https:\/\/library.transparent.com\/midhudsonlibraries\/game\/enroll?code=adr\" target=\"_blank\" aria-label=\"lenguaje transparente\" rel=\"noopener noreferrer\"><img decoding=\"async\" width=\"300\" height=\"200\" src=\"https:\/\/i0.wp.com\/poklib.org\/wp-content\/uploads\/transparent-language.png?fit=300%2C200&quality=79&ssl=1\" data-orig-src=\"https:\/\/poklib.org\/wp-content\/uploads\/transparent-language.png\" alt class=\"lazyload img-responsive wp-image-41289\" srcset=\"data:image\/svg+xml,%3Csvg%20xmlns%3D%27http%3A%2F%2Fwww.w3.org%2F2000%2Fsvg%27%20width%3D%27300%27%20height%3D%27200%27%20viewBox%3D%270%200%20300%20200%27%3E%3Crect%20width%3D%27300%27%20height%3D%27200%27%20fill-opacity%3D%220%22%2F%3E%3C%2Fsvg%3E\" data-srcset=\"https:\/\/i0.wp.com\/poklib.org\/wp-content\/uploads\/transparent-language.png?resize=200%2C133&amp;quality=79&amp;ssl=1 200w, https:\/\/i0.wp.com\/poklib.org\/wp-content\/uploads\/transparent-language.png?fit=300%2C200&amp;quality=79&amp;ssl=1 300w\" data-sizes=\"auto\" data-orig-sizes=\"(max-width: 1024px) 100vw, (max-width: 640px) 100vw, 300px\" \/><\/a><\/span><\/div><div class=\"fusion-text fusion-text-1\" style=\"--awb-text-transform:none;\"><p><b><a href=\"https:\/\/library.transparent.com\/midhudsonlibraries\/game\/enroll?code=adr\" target=\"_blank\" rel=\"noopener\">Lengua Transparente<\/a><\/b><\/p>\n<p>Los estudiantes de idiomas pueden ampliar su vocabulario, practicar sus habilidades y mantener lo que han aprendido con Transparent Language Online, disponible en cualquier momento y lugar en m\u00e1s de 110 idiomas.<\/p>\n<\/div><\/div><\/div><div class=\"fusion-layout-column fusion_builder_column fusion-builder-column-2 fusion_builder_column_1_3 1_3 fusion-flex-column\" style=\"--awb-padding-top:10px;--awb-padding-right:10px;--awb-padding-bottom:10px;--awb-padding-left:10px;--awb-overflow:hidden;--awb-bg-size:cover;--awb-border-color:#e7e7e7;--awb-border-top:1px;--awb-border-right:1px;--awb-border-bottom:1px;--awb-border-left:1px;--awb-border-style:solid;--awb-border-radius:2px 2px 2px 2px;--awb-width-large:33.3333333333%;--awb-margin-top-large:0px;--awb-spacing-right-large:2.94%;--awb-margin-bottom-large:0px;--awb-spacing-left-large:2.94%;--awb-width-medium:100%;--awb-order-medium:0;--awb-spacing-right-medium:0.98%;--awb-spacing-left-medium:0.98%;--awb-width-small:100%;--awb-order-small:0;--awb-spacing-right-small:0.98%;--awb-spacing-left-small:0.98%;\" data-scroll-devices=\"small-visibility,medium-visibility,large-visibility\"><div class=\"fusion-column-wrapper fusion-column-has-shadow fusion-flex-justify-content-flex-start fusion-content-layout-column\"><div class=\"fusion-image-element \" style=\"text-align:center;--awb-margin-bottom:10px;--awb-caption-title-font-family:var(--h2_typography-font-family);--awb-caption-title-font-weight:var(--h2_typography-font-weight);--awb-caption-title-font-style:var(--h2_typography-font-style);--awb-caption-title-size:var(--h2_typography-font-size);--awb-caption-title-transform:var(--h2_typography-text-transform);--awb-caption-title-line-height:var(--h2_typography-line-height);--awb-caption-title-letter-spacing:var(--h2_typography-letter-spacing);\"><span class=\" fusion-imageframe imageframe-none imageframe-2 hover-type-none\"><a class=\"fusion-no-lightbox\" href=\"https:\/\/www.digitallearn.org\/\" target=\"_blank\" aria-label=\"aprendizaje digital\" rel=\"noopener noreferrer\"><img decoding=\"async\" width=\"300\" height=\"200\" alt=\"logotipo de digitallearn.org\" src=\"https:\/\/i0.wp.com\/poklib.org\/wp-content\/uploads\/digital-learn.png?fit=300%2C200&quality=79&ssl=1\" data-orig-src=\"https:\/\/poklib.org\/wp-content\/uploads\/digital-learn.png\" class=\"lazyload img-responsive wp-image-41287\" srcset=\"data:image\/svg+xml,%3Csvg%20xmlns%3D%27http%3A%2F%2Fwww.w3.org%2F2000%2Fsvg%27%20width%3D%27300%27%20height%3D%27200%27%20viewBox%3D%270%200%20300%20200%27%3E%3Crect%20width%3D%27300%27%20height%3D%27200%27%20fill-opacity%3D%220%22%2F%3E%3C%2Fsvg%3E\" data-srcset=\"https:\/\/i0.wp.com\/poklib.org\/wp-content\/uploads\/digital-learn.png?resize=200%2C133&amp;quality=79&amp;ssl=1 200w, https:\/\/i0.wp.com\/poklib.org\/wp-content\/uploads\/digital-learn.png?fit=300%2C200&amp;quality=79&amp;ssl=1 300w\" data-sizes=\"auto\" data-orig-sizes=\"(max-width: 1024px) 100vw, (max-width: 640px) 100vw, 300px\" \/><\/a><\/span><\/div><div class=\"fusion-text fusion-text-2\"><p><a href=\"https:\/\/www.digitallearn.org\/\" target=\"_blank\" rel=\"noopener\"><strong>DigitalLearn.org<\/strong><\/a><\/p>\n<p>Herramientas para ayudarte a aprender tecnolog\u00eda b\u00e1sica y ganar la confianza que necesitas para tener \u00e9xito.<\/p>\n<\/div><\/div><\/div><div class=\"fusion-layout-column fusion_builder_column fusion-builder-column-3 fusion_builder_column_1_3 1_3 fusion-flex-column\" style=\"--awb-padding-top:10px;--awb-padding-right:10px;--awb-padding-bottom:10px;--awb-padding-left:10px;--awb-overflow:hidden;--awb-bg-size:cover;--awb-border-color:#e7e7e7;--awb-border-top:1px;--awb-border-right:1px;--awb-border-bottom:1px;--awb-border-left:1px;--awb-border-style:solid;--awb-border-radius:2px 2px 2px 2px;--awb-width-large:33.3333333333%;--awb-margin-top-large:0px;--awb-spacing-right-large:2.94%;--awb-margin-bottom-large:0px;--awb-spacing-left-large:2.94%;--awb-width-medium:100%;--awb-order-medium:0;--awb-spacing-right-medium:0.98%;--awb-spacing-left-medium:0.98%;--awb-width-small:100%;--awb-order-small:0;--awb-spacing-right-small:0.98%;--awb-spacing-left-small:0.98%;\"><div class=\"fusion-column-wrapper fusion-column-has-shadow fusion-flex-justify-content-flex-start fusion-content-layout-column\"><div class=\"fusion-image-element \" style=\"text-align:center;--awb-margin-bottom:10px;--awb-caption-title-font-family:var(--h2_typography-font-family);--awb-caption-title-font-weight:var(--h2_typography-font-weight);--awb-caption-title-font-style:var(--h2_typography-font-style);--awb-caption-title-size:var(--h2_typography-font-size);--awb-caption-title-transform:var(--h2_typography-text-transform);--awb-caption-title-line-height:var(--h2_typography-line-height);--awb-caption-title-letter-spacing:var(--h2_typography-letter-spacing);\"><span class=\" fusion-imageframe imageframe-none imageframe-3 hover-type-none\"><a class=\"fusion-no-lightbox\" href=\"https:\/\/www.learnfree.org\/\" target=\"_blank\" aria-label=\"aprende gratis\" rel=\"noopener noreferrer\"><img decoding=\"async\" width=\"300\" height=\"200\" alt=\"logo learnfree.org\" src=\"https:\/\/i0.wp.com\/poklib.org\/wp-content\/uploads\/learnfree.png?fit=300%2C200&quality=79&ssl=1\" data-orig-src=\"https:\/\/poklib.org\/wp-content\/uploads\/learnfree.png\" class=\"lazyload img-responsive wp-image-41288\" srcset=\"data:image\/svg+xml,%3Csvg%20xmlns%3D%27http%3A%2F%2Fwww.w3.org%2F2000%2Fsvg%27%20width%3D%27300%27%20height%3D%27200%27%20viewBox%3D%270%200%20300%20200%27%3E%3Crect%20width%3D%27300%27%20height%3D%27200%27%20fill-opacity%3D%220%22%2F%3E%3C%2Fsvg%3E\" data-srcset=\"https:\/\/i0.wp.com\/poklib.org\/wp-content\/uploads\/learnfree.png?resize=200%2C133&amp;quality=79&amp;ssl=1 200w, https:\/\/i0.wp.com\/poklib.org\/wp-content\/uploads\/learnfree.png?fit=300%2C200&amp;quality=79&amp;ssl=1 300w\" data-sizes=\"auto\" data-orig-sizes=\"(max-width: 1024px) 100vw, (max-width: 640px) 100vw, 300px\" \/><\/a><\/span><\/div><div class=\"fusion-text fusion-text-3\"><p><strong><a href=\"https:\/\/www.learnfree.org\/\">Learnfree.org  <\/a><\/strong><\/p>\n<p>Ofrece m\u00e1s de 1.000 lecciones, desde Microsoft Office y correo electr\u00f3nico hasta lectura, matem\u00e1ticas y mucho m\u00e1s. No es necesario inscribirse.<\/p>\n<\/div><\/div><\/div><\/div><\/div><\/p>\n","protected":false},"excerpt":{"rendered":"","protected":false},"author":14,"featured_media":0,"parent":25178,"menu_order":0,"comment_status":"closed","ping_status":"closed","template":"","meta":{"_acf_changed":false,"advanced_seo_description":"","jetpack_seo_html_title":"","jetpack_seo_noindex":false,"footnotes":"","_links_to":"","_links_to_target":""},"class_list":["post-24754","page","type-page","status-publish","hentry"],"acf":[],"publishpress_future_action":{"enabled":false,"date":"2026-05-05 06:21:11","action":"change-status","newStatus":"draft","terms":[],"taxonomy":"translation_priority","extraData":[]},"publishpress_future_workflow_manual_trigger":{"enabledWorkflows":[]},"_links":{"self":[{"href":"https:\/\/poklib.org\/es\/wp-json\/wp\/v2\/pages\/24754","targetHints":{"allow":["GET"]}}],"collection":[{"href":"https:\/\/poklib.org\/es\/wp-json\/wp\/v2\/pages"}],"about":[{"href":"https:\/\/poklib.org\/es\/wp-json\/wp\/v2\/types\/page"}],"author":[{"embeddable":true,"href":"https:\/\/poklib.org\/es\/wp-json\/wp\/v2\/users\/14"}],"replies":[{"embeddable":true,"href":"https:\/\/poklib.org\/es\/wp-json\/wp\/v2\/comments?post=24754"}],"version-history":[{"count":0,"href":"https:\/\/poklib.org\/es\/wp-json\/wp\/v2\/pages\/24754\/revisions"}],"up":[{"embeddable":true,"href":"https:\/\/poklib.org\/es\/wp-json\/wp\/v2\/pages\/25178"}],"wp:attachment":[{"href":"https:\/\/poklib.org\/es\/wp-json\/wp\/v2\/media?parent=24754"}],"curies":[{"name":"wp","href":"https:\/\/api.w.org\/{rel}","templated":true}]}}