{"id":24751,"date":"2020-08-17T11:54:03","date_gmt":"2020-08-17T15:54:03","guid":{"rendered":"https:\/\/poklib.org\/juventud\/mochilas-de-alfabetizacion-temprana\/"},"modified":"2023-12-18T12:22:33","modified_gmt":"2023-12-18T17:22:33","slug":"mochilas-de-alfabetizacion-temprana","status":"publish","type":"page","link":"https:\/\/poklib.org\/es\/juventud\/mochilas-de-alfabetizacion-temprana\/","title":{"rendered":"Mochilas de alfabetizaci\u00f3n temprana"},"content":{"rendered":"<p><div class=\"fusion-fullwidth fullwidth-box fusion-builder-row-1 fusion-flex-container nonhundred-percent-fullwidth non-hundred-percent-height-scrolling\" style=\"--awb-border-radius-top-left:0px;--awb-border-radius-top-right:0px;--awb-border-radius-bottom-right:0px;--awb-border-radius-bottom-left:0px;--awb-flex-wrap:wrap;\" ><div class=\"fusion-builder-row fusion-row fusion-flex-align-items-flex-start fusion-flex-content-wrap\" style=\"max-width:1122px;margin-left: calc(-2% \/ 2 );margin-right: calc(-2% \/ 2 );\"><div class=\"fusion-layout-column fusion_builder_column fusion-builder-column-0 fusion_builder_column_1_2 1_2 fusion-flex-column\" style=\"--awb-bg-size:cover;--awb-width-large:50%;--awb-margin-top-large:0px;--awb-spacing-right-large:1.96%;--awb-margin-bottom-large:20px;--awb-spacing-left-large:1.96%;--awb-width-medium:100%;--awb-order-medium:0;--awb-spacing-right-medium:0.98%;--awb-spacing-left-medium:0.98%;--awb-width-small:100%;--awb-order-small:0;--awb-spacing-right-small:0.98%;--awb-spacing-left-small:0.98%;\"><div class=\"fusion-column-wrapper fusion-column-has-shadow fusion-flex-justify-content-flex-start fusion-content-layout-column\"><div class=\"fusion-image-element \" style=\"text-align:center;--awb-caption-title-font-family:var(--h2_typography-font-family);--awb-caption-title-font-weight:var(--h2_typography-font-weight);--awb-caption-title-font-style:var(--h2_typography-font-style);--awb-caption-title-size:var(--h2_typography-font-size);--awb-caption-title-transform:var(--h2_typography-text-transform);--awb-caption-title-line-height:var(--h2_typography-line-height);--awb-caption-title-letter-spacing:var(--h2_typography-letter-spacing);\"><span class=\" fusion-imageframe imageframe-none imageframe-1 hover-type-none\"><img decoding=\"async\" width=\"557\" height=\"405\" alt=\"Early Literacy Backpacks Hanging up\" title=\"eclbp2\" src=\"https:\/\/i0.wp.com\/poklib.org\/wp-content\/uploads\/2021\/04\/eclbp2.jpg?fit=733%2C533&quality=88&ssl=1\" data-orig-src=\"https:\/\/poklib.org\/wp-content\/uploads\/2021\/04\/eclbp2-557x405.jpg\" class=\"lazyload img-responsive wp-image-22780\" srcset=\"data:image\/svg+xml,%3Csvg%20xmlns%3D%27http%3A%2F%2Fwww.w3.org%2F2000%2Fsvg%27%20width%3D%27733%27%20height%3D%27533%27%20viewBox%3D%270%200%20733%20533%27%3E%3Crect%20width%3D%27733%27%20height%3D%27533%27%20fill-opacity%3D%220%22%2F%3E%3C%2Fsvg%3E\" data-srcset=\"https:\/\/i0.wp.com\/poklib.org\/wp-content\/uploads\/2021\/04\/eclbp2.jpg?resize=200%2C145&amp;quality=88&amp;ssl=1 200w, https:\/\/i0.wp.com\/poklib.org\/wp-content\/uploads\/2021\/04\/eclbp2.jpg?resize=400%2C291&amp;quality=88&amp;ssl=1 400w, https:\/\/i0.wp.com\/poklib.org\/wp-content\/uploads\/2021\/04\/eclbp2.jpg?resize=413%2C300&amp;quality=88&amp;ssl=1 413w, https:\/\/i0.wp.com\/poklib.org\/wp-content\/uploads\/2021\/04\/eclbp2.jpg?resize=557%2C405&amp;quality=88&amp;ssl=1 557w, https:\/\/i0.wp.com\/poklib.org\/wp-content\/uploads\/2021\/04\/eclbp2.jpg?resize=600%2C436&amp;quality=88&amp;ssl=1 600w, https:\/\/i0.wp.com\/poklib.org\/wp-content\/uploads\/2021\/04\/eclbp2.jpg?fit=733%2C533&amp;quality=88&amp;ssl=1 733w\" data-sizes=\"auto\" data-orig-sizes=\"(max-width: 1024px) 100vw, (max-width: 640px) 100vw, 600px\" \/><\/span><\/div><\/div><\/div><div class=\"fusion-layout-column fusion_builder_column fusion-builder-column-1 fusion_builder_column_1_2 1_2 fusion-flex-column\" style=\"--awb-bg-size:cover;--awb-width-large:50%;--awb-margin-top-large:0px;--awb-spacing-right-large:1.96%;--awb-margin-bottom-large:20px;--awb-spacing-left-large:1.96%;--awb-width-medium:100%;--awb-order-medium:0;--awb-spacing-right-medium:0.98%;--awb-spacing-left-medium:0.98%;--awb-width-small:100%;--awb-order-small:0;--awb-spacing-right-small:0.98%;--awb-spacing-left-small:0.98%;\"><div class=\"fusion-column-wrapper fusion-column-has-shadow fusion-flex-justify-content-flex-start fusion-content-layout-column\"><div class=\"fusion-image-element \" style=\"text-align:center;--awb-caption-title-font-family:var(--h2_typography-font-family);--awb-caption-title-font-weight:var(--h2_typography-font-weight);--awb-caption-title-font-style:var(--h2_typography-font-style);--awb-caption-title-size:var(--h2_typography-font-size);--awb-caption-title-transform:var(--h2_typography-text-transform);--awb-caption-title-line-height:var(--h2_typography-line-height);--awb-caption-title-letter-spacing:var(--h2_typography-letter-spacing);\"><span class=\" fusion-imageframe imageframe-none imageframe-2 hover-type-none\"><img decoding=\"async\" width=\"557\" height=\"405\" alt=\"Early Literacy Backpack Contents for Infant Level\" title=\"ecbp1\" src=\"https:\/\/i0.wp.com\/poklib.org\/wp-content\/uploads\/2021\/04\/ecbp1.jpg?fit=733%2C533&quality=88&ssl=1\" data-orig-src=\"https:\/\/poklib.org\/wp-content\/uploads\/2021\/04\/ecbp1-557x405.jpg\" class=\"lazyload img-responsive wp-image-22779\" srcset=\"data:image\/svg+xml,%3Csvg%20xmlns%3D%27http%3A%2F%2Fwww.w3.org%2F2000%2Fsvg%27%20width%3D%27733%27%20height%3D%27533%27%20viewBox%3D%270%200%20733%20533%27%3E%3Crect%20width%3D%27733%27%20height%3D%27533%27%20fill-opacity%3D%220%22%2F%3E%3C%2Fsvg%3E\" data-srcset=\"https:\/\/i0.wp.com\/poklib.org\/wp-content\/uploads\/2021\/04\/ecbp1.jpg?resize=200%2C145&amp;quality=88&amp;ssl=1 200w, https:\/\/i0.wp.com\/poklib.org\/wp-content\/uploads\/2021\/04\/ecbp1.jpg?resize=400%2C291&amp;quality=88&amp;ssl=1 400w, https:\/\/i0.wp.com\/poklib.org\/wp-content\/uploads\/2021\/04\/ecbp1.jpg?resize=413%2C300&amp;quality=88&amp;ssl=1 413w, https:\/\/i0.wp.com\/poklib.org\/wp-content\/uploads\/2021\/04\/ecbp1.jpg?resize=557%2C405&amp;quality=88&amp;ssl=1 557w, https:\/\/i0.wp.com\/poklib.org\/wp-content\/uploads\/2021\/04\/ecbp1.jpg?resize=600%2C436&amp;quality=88&amp;ssl=1 600w, https:\/\/i0.wp.com\/poklib.org\/wp-content\/uploads\/2021\/04\/ecbp1.jpg?fit=733%2C533&amp;quality=88&amp;ssl=1 733w\" data-sizes=\"auto\" data-orig-sizes=\"(max-width: 1024px) 100vw, (max-width: 640px) 100vw, 600px\" \/><\/span><\/div><\/div><\/div><\/div><\/div><div class=\"fusion-fullwidth fullwidth-box fusion-builder-row-2 fusion-flex-container nonhundred-percent-fullwidth non-hundred-percent-height-scrolling\" style=\"--awb-border-radius-top-left:0px;--awb-border-radius-top-right:0px;--awb-border-radius-bottom-right:0px;--awb-border-radius-bottom-left:0px;--awb-flex-wrap:wrap;\" ><div class=\"fusion-builder-row fusion-row fusion-flex-align-items-flex-start fusion-flex-content-wrap\" style=\"max-width:1122px;margin-left: calc(-2% \/ 2 );margin-right: calc(-2% \/ 2 );\"><div class=\"fusion-layout-column fusion_builder_column fusion-builder-column-2 fusion_builder_column_1_1 1_1 fusion-flex-column\" style=\"--awb-bg-size:cover;--awb-width-large:100%;--awb-margin-top-large:0px;--awb-spacing-right-large:0.98%;--awb-margin-bottom-large:20px;--awb-spacing-left-large:0.98%;--awb-width-medium:100%;--awb-order-medium:0;--awb-spacing-right-medium:0.98%;--awb-spacing-left-medium:0.98%;--awb-width-small:100%;--awb-order-small:0;--awb-spacing-right-small:0.98%;--awb-spacing-left-small:0.98%;\"><div class=\"fusion-column-wrapper fusion-column-has-shadow fusion-flex-justify-content-flex-start fusion-content-layout-column\"><div class=\"fusion-text fusion-text-1\"><p><span style=\"color: #008000;\"><strong>\u00bfQu\u00e9 es una mochila de alfabetizaci\u00f3n temprana?<\/strong><\/span><\/p>\n<p>Nuestras mochilas de alfabetizaci\u00f3n temprana se basan en la idea de que los padres y cuidadores son los primeros maestros de sus hijos. El desarrollo de la alfabetizaci\u00f3n comienza mucho antes de que los ni\u00f1os entren en la escuela. La lectura conjunta de libros en casa fomenta las habilidades esenciales de la alfabetizaci\u00f3n temprana; expone a los ni\u00f1os peque\u00f1os a los sonidos y ritmos del lenguaje, a las convenciones de la letra impresa y al desarrollo del vocabulario, y env\u00eda un mensaje positivo a los ni\u00f1os sobre el valor que se da a la alfabetizaci\u00f3n. Adem\u00e1s, leer juntos despierta la imaginaci\u00f3n de los ni\u00f1os y afecta positivamente al desarrollo del cerebro, la memoria y las habilidades cognitivas. Por \u00faltimo, leer juntos crea c\u00e1lidos v\u00ednculos emocionales entre el ni\u00f1o y los padres\/cuidadores y sienta las bases para la preparaci\u00f3n escolar.<\/p>\n<p><span style=\"color: #008000;\"><b style=\"color: #008000;\">Hay mochilas disponibles para tres niveles de edad (beb\u00e9s, ni\u00f1os peque\u00f1os y preescolar).<br \/>\n<\/b><\/span>Disponemos de tres variedades de mochilas (con diferentes contenidos) para cada nivel de edad.<\/p>\n<p><span style=\"color: #008000;\"><strong>\u00bfQu\u00e9 puedes encontrar en una mochila?<\/strong><\/span><br \/>\nCada mochila contiene entre 5 y 6 libros, un juguete de alfabetizaci\u00f3n temprana y un consejo de alfabetizaci\u00f3n temprana.<\/p>\n<p><span style=\"color: #008000;\"><strong>Pedir prestada una mochila de alfabetizaci\u00f3n temprana:<\/strong><\/span><\/p>\n<ul>\n<li>Los titulares de la tarjeta de la Biblioteca de Poughkeepsie pueden sacarla de cada una de las bibliotecas del distrito. El prestatario debe ser mayor de 18 a\u00f1os, estar al corriente de sus obligaciones y no tener multas (perdidas, facturadas o tasas de cobro). Las tarjetas Juvenile (J) o Teen Limited no pueden utilizarse para pedir prestada una mochila de alfabetizaci\u00f3n temprana.<\/li>\n<li>Las mochilas deben devolverse al lugar donde se tomaron prestadas.<\/li>\n<li>Las mochilas devueltas despu\u00e9s de la fecha de vencimiento incurrir\u00e1n en una multa de $1 por d\u00eda<em>(la Pol\u00edtica de No Multa de PPLD no se aplica a las Mochilas de Alfabetizaci\u00f3n Temprana<\/em>).<\/li>\n<li>Las mochilas pueden sacarse durante 3 semanas. No son renovables ni pueden ponerse en espera.<\/li>\n<li>Las mochilas deben devolverse con todos sus art\u00edculos. Los art\u00edculos que falten o est\u00e9n da\u00f1ados ser\u00e1n objeto de multas.<\/li>\n<\/ul>\n<\/div><\/div><\/div><\/div><\/div><\/p>\n","protected":false},"excerpt":{"rendered":"","protected":false},"author":14,"featured_media":0,"parent":24617,"menu_order":0,"comment_status":"closed","ping_status":"closed","template":"","meta":{"_acf_changed":false,"advanced_seo_description":"","jetpack_seo_html_title":"","jetpack_seo_noindex":false,"footnotes":"","_links_to":"","_links_to_target":""},"class_list":["post-24751","page","type-page","status-publish","hentry"],"acf":[],"publishpress_future_action":{"enabled":false,"date":"2026-05-20 05:00:26","action":"change-status","newStatus":"draft","terms":[],"taxonomy":"translation_priority","extraData":[]},"publishpress_future_workflow_manual_trigger":{"enabledWorkflows":[]},"_links":{"self":[{"href":"https:\/\/poklib.org\/es\/wp-json\/wp\/v2\/pages\/24751","targetHints":{"allow":["GET"]}}],"collection":[{"href":"https:\/\/poklib.org\/es\/wp-json\/wp\/v2\/pages"}],"about":[{"href":"https:\/\/poklib.org\/es\/wp-json\/wp\/v2\/types\/page"}],"author":[{"embeddable":true,"href":"https:\/\/poklib.org\/es\/wp-json\/wp\/v2\/users\/14"}],"replies":[{"embeddable":true,"href":"https:\/\/poklib.org\/es\/wp-json\/wp\/v2\/comments?post=24751"}],"version-history":[{"count":0,"href":"https:\/\/poklib.org\/es\/wp-json\/wp\/v2\/pages\/24751\/revisions"}],"up":[{"embeddable":true,"href":"https:\/\/poklib.org\/es\/wp-json\/wp\/v2\/pages\/24617"}],"wp:attachment":[{"href":"https:\/\/poklib.org\/es\/wp-json\/wp\/v2\/media?parent=24751"}],"curies":[{"name":"wp","href":"https:\/\/api.w.org\/{rel}","templated":true}]}}