{"id":24648,"date":"2015-05-26T13:50:48","date_gmt":"2015-05-26T17:50:48","guid":{"rendered":"https:\/\/poklib.org\/libros-y-mas\/sugerencia-de-titulo\/"},"modified":"2025-10-21T10:09:33","modified_gmt":"2025-10-21T14:09:33","slug":"sugerencia-de-titulo","status":"publish","type":"page","link":"https:\/\/poklib.org\/es\/libros-y-mas\/sugerencia-de-titulo\/","title":{"rendered":"Sugerencia de t\u00edtulo"},"content":{"rendered":"<p><div class=\"fusion-fullwidth fullwidth-box fusion-builder-row-1 fusion-flex-container has-pattern-background has-mask-background nonhundred-percent-fullwidth non-hundred-percent-height-scrolling\" style=\"--awb-border-radius-top-left:0px;--awb-border-radius-top-right:0px;--awb-border-radius-bottom-right:0px;--awb-border-radius-bottom-left:0px;--awb-flex-wrap:wrap;\" ><div class=\"fusion-builder-row fusion-row fusion-flex-align-items-flex-start fusion-flex-content-wrap\" style=\"max-width:1122px;margin-left: calc(-2% \/ 2 );margin-right: calc(-2% \/ 2 );\"><div class=\"fusion-layout-column fusion_builder_column fusion-builder-column-0 fusion_builder_column_1_1 1_1 fusion-flex-column\" style=\"--awb-bg-size:cover;--awb-width-large:100%;--awb-margin-top-large:0px;--awb-spacing-right-large:0.98%;--awb-margin-bottom-large:20px;--awb-spacing-left-large:0.98%;--awb-width-medium:100%;--awb-order-medium:0;--awb-spacing-right-medium:0.98%;--awb-spacing-left-medium:0.98%;--awb-width-small:100%;--awb-order-small:0;--awb-spacing-right-small:0.98%;--awb-spacing-left-small:0.98%;\"><div class=\"fusion-column-wrapper fusion-column-has-shadow fusion-flex-justify-content-flex-start fusion-content-layout-column\"><div class=\"fusion-title title fusion-title-1 fusion-title-center fusion-title-text fusion-title-size-one\" style=\"--awb-text-color:var(--awb-color2);--awb-margin-top-small:10px;--awb-margin-right-small:0px;--awb-margin-bottom-small:10px;--awb-margin-left-small:0px;--awb-sep-color:var(--awb-color4);\"><div class=\"title-sep-container title-sep-container-left\"><div class=\"title-sep sep-double sep-solid\" style=\"border-color:var(--awb-color4);\"><\/div><\/div><span class=\"awb-title-spacer\"><\/span><h1 class=\"fusion-title-heading title-heading-center\" style=\"font-family:Arial, Helvetica, sans-serif;font-style:normal;font-weight:400;margin:0;\">Sugerencia de t\u00edtulo<\/h1><span class=\"awb-title-spacer\"><\/span><div class=\"title-sep-container title-sep-container-right\"><div class=\"title-sep sep-double sep-solid\" style=\"border-color:var(--awb-color4);\"><\/div><\/div><\/div><\/div><\/div><\/div><\/div><div class=\"fusion-fullwidth fullwidth-box fusion-builder-row-2 fusion-flex-container nonhundred-percent-fullwidth non-hundred-percent-height-scrolling\" style=\"--awb-border-radius-top-left:0px;--awb-border-radius-top-right:0px;--awb-border-radius-bottom-right:0px;--awb-border-radius-bottom-left:0px;--awb-flex-wrap:wrap;\" ><div class=\"fusion-builder-row fusion-row fusion-flex-align-items-flex-start fusion-flex-content-wrap\" style=\"max-width:1122px;margin-left: calc(-2% \/ 2 );margin-right: calc(-2% \/ 2 );\"><div class=\"fusion-layout-column fusion_builder_column fusion-builder-column-1 fusion_builder_column_1_1 1_1 fusion-flex-column\" style=\"--awb-bg-blend:overlay;--awb-bg-size:cover;--awb-width-large:100%;--awb-margin-top-large:0px;--awb-spacing-right-large:0.98%;--awb-margin-bottom-large:0px;--awb-spacing-left-large:0.98%;--awb-width-medium:100%;--awb-spacing-right-medium:0.98%;--awb-spacing-left-medium:0.98%;--awb-width-small:100%;--awb-spacing-right-small:0.98%;--awb-spacing-left-small:0.98%;\"><div class=\"fusion-column-wrapper fusion-flex-justify-content-flex-start fusion-content-layout-column\"><div class=\"fusion-text fusion-text-1\"><p><span style=\"color: #800000;\"><strong>Agradecemos las sugerencias de los mecenas.<\/strong><\/span><\/p>\n<p>Rellena el siguiente formulario y tendremos en cuenta tu sugerencia. No se compran todas las sugerencias. Evaluamos la solicitud bas\u00e1ndonos en diversos factores, como el coste, la adecuaci\u00f3n a nuestra colecci\u00f3n, el formato y la disponibilidad. Consulta nuestra <a href=\"https:\/\/poklib.org\/wp-content\/uploads\/2025\/02\/1102-Material-Selection-5-22-24.pdf\">Pol\u00edtica de Selecci\u00f3n de Materiales<\/a> y <a href=\"https:\/\/poklib.org\/wp-content\/uploads\/2024\/06\/2107-Statement-on-Library-District-Collections-4-24-24.docx.pdf\">Colecciones del Distrito de Bibliotecas.<\/a><\/p>\n<\/div><div class=\"fusion-text fusion-text-2\"><div class=\"wpforms-container wpforms-render-modern\" id=\"wpforms-6610\"><form id=\"wpforms-form-6610\" class=\"wpforms-validate wpforms-form\" data-formid=\"6610\" method=\"post\" enctype=\"multipart\/form-data\" action=\"\/es\/wp-json\/wp\/v2\/pages\/24648\" data-token=\"8b75229a4a1194a1c5eef66db66d5103\" data-token-time=\"1775569243\"><noscript class=\"wpforms-error-noscript\">Por favor, activa JavaScript en tu navegador para completar este formulario.<\/noscript><div id=\"wpforms-error-noscript\" style=\"display: none;\">Por favor, activa JavaScript en tu navegador para completar este formulario.<\/div><div class=\"wpforms-field-container\"><div id=\"wpforms-6610-field_0-container\" class=\"wpforms-field wpforms-field-name\" data-field-id=\"0\"><fieldset><legend class=\"wpforms-field-label\">Nombre <span class=\"wpforms-required-label\" aria-hidden=\"true\">*<\/span><\/legend><div class=\"wpforms-field-row wpforms-field-medium\"><div class=\"wpforms-field-row-block wpforms-first wpforms-one-half\"><input type=\"text\" id=\"wpforms-6610-field_0\" class=\"wpforms-field-name-first wpforms-field-required\" name=\"wpforms[fields][0][first]\" aria-errormessage=\"wpforms-6610-field_0-error\" required><label for=\"wpforms-6610-field_0\" class=\"wpforms-field-sublabel after\">Nombre<\/label><\/div><div class=\"wpforms-field-row-block wpforms-one-half\"><input type=\"text\" id=\"wpforms-6610-field_0-last\" class=\"wpforms-field-name-last wpforms-field-required\" name=\"wpforms[fields][0][last]\" aria-errormessage=\"wpforms-6610-field_0-last-error\" required><label for=\"wpforms-6610-field_0-last\" class=\"wpforms-field-sublabel after\">Apellidos<\/label><\/div><\/div><\/fieldset><\/div><div id=\"wpforms-6610-field_6-container\" class=\"wpforms-field wpforms-field-number\" data-field-id=\"6\"><label class=\"wpforms-field-label\" for=\"wpforms-6610-field_6\">C\u00f3digo de barras del carn\u00e9 de la biblioteca <span class=\"wpforms-required-label\" aria-hidden=\"true\">*<\/span><\/label><input type=\"number\" id=\"wpforms-6610-field_6\" class=\"wpforms-field-medium wpforms-field-required\" name=\"wpforms[fields][6]\" placeholder=\"Por favor, introduzca aqu\u00ed el c\u00f3digo de barras de su carn\u00e9 de biblioteca.\" step=\"any\" aria-errormessage=\"wpforms-6610-field_6-error\" required><\/div><div id=\"wpforms-6610-field_1-container\" class=\"wpforms-field wpforms-field-email\" data-field-id=\"1\"><label class=\"wpforms-field-label\" for=\"wpforms-6610-field_1\">Correo electr\u00f3nico <span class=\"wpforms-required-label\" aria-hidden=\"true\">*<\/span><\/label><input type=\"email\" id=\"wpforms-6610-field_1\" class=\"wpforms-field-medium wpforms-field-required\" name=\"wpforms[fields][1]\" spellcheck=\"false\" aria-errormessage=\"wpforms-6610-field_1-error\" aria-describedby=\"wpforms-6610-field_1-description\" required><div id=\"wpforms-6610-field_1-description\" class=\"wpforms-field-description\">Por favor, introduzca su correo electr\u00f3nico para que podamos ponernos en contacto con usted.<\/div><\/div><div id=\"wpforms-6610-field_2-container\" class=\"wpforms-field wpforms-field-radio\" data-field-id=\"2\"><fieldset><legend class=\"wpforms-field-label\">\u00bfPara qu\u00e9 departamento tiene una sugerencia? <span class=\"wpforms-required-label\" aria-hidden=\"true\">*<\/span><\/legend><ul id=\"wpforms-6610-field_2\" class=\"wpforms-field-required\"><li class=\"choice-1 depth-1\"><input type=\"radio\" id=\"wpforms-6610-field_2_1\" name=\"wpforms[fields][2]\" value=\"Libro\" aria-errormessage=\"wpforms-6610-field_2_1-error\" required ><label class=\"wpforms-field-label-inline\" for=\"wpforms-6610-field_2_1\">Libro<\/label><\/li><li class=\"choice-7 depth-1\"><input type=\"radio\" id=\"wpforms-6610-field_2_7\" name=\"wpforms[fields][2]\" value=\"Libro de letra grande\" aria-errormessage=\"wpforms-6610-field_2_7-error\" required ><label class=\"wpforms-field-label-inline\" for=\"wpforms-6610-field_2_7\">Libro de letra grande<\/label><\/li><li class=\"choice-2 depth-1\"><input type=\"radio\" id=\"wpforms-6610-field_2_2\" name=\"wpforms[fields][2]\" value=\"CD de m\u00fasica\" aria-errormessage=\"wpforms-6610-field_2_2-error\" required ><label class=\"wpforms-field-label-inline\" for=\"wpforms-6610-field_2_2\">CD de m\u00fasica<\/label><\/li><li class=\"choice-8 depth-1\"><input type=\"radio\" id=\"wpforms-6610-field_2_8\" name=\"wpforms[fields][2]\" value=\"Audiolibro en CD\" aria-errormessage=\"wpforms-6610-field_2_8-error\" required ><label class=\"wpforms-field-label-inline\" for=\"wpforms-6610-field_2_8\">Audiolibro en CD<\/label><\/li><li class=\"choice-3 depth-1\"><input type=\"radio\" id=\"wpforms-6610-field_2_3\" name=\"wpforms[fields][2]\" value=\"Pel\u00edcula en DVD\/BlueRay\" aria-errormessage=\"wpforms-6610-field_2_3-error\" required ><label class=\"wpforms-field-label-inline\" for=\"wpforms-6610-field_2_3\">Pel\u00edcula en DVD\/BlueRay<\/label><\/li><li class=\"choice-4 depth-1\"><input type=\"radio\" id=\"wpforms-6610-field_2_4\" name=\"wpforms[fields][2]\" value=\"Revista\" aria-errormessage=\"wpforms-6610-field_2_4-error\" required ><label class=\"wpforms-field-label-inline\" for=\"wpforms-6610-field_2_4\">Revista<\/label><\/li><li class=\"choice-5 depth-1\"><input type=\"radio\" id=\"wpforms-6610-field_2_5\" name=\"wpforms[fields][2]\" value=\"Libro electr\u00f3nico\" aria-errormessage=\"wpforms-6610-field_2_5-error\" required ><label class=\"wpforms-field-label-inline\" for=\"wpforms-6610-field_2_5\">Libro electr\u00f3nico<\/label><\/li><li class=\"choice-6 depth-1\"><input type=\"radio\" id=\"wpforms-6610-field_2_6\" name=\"wpforms[fields][2]\" value=\"Audiolibro digital\" aria-errormessage=\"wpforms-6610-field_2_6-error\" required ><label class=\"wpforms-field-label-inline\" for=\"wpforms-6610-field_2_6\">Audiolibro digital<\/label><\/li><\/ul><\/fieldset><\/div><div id=\"wpforms-6610-field_4-container\" class=\"wpforms-field wpforms-field-textarea\" data-field-id=\"4\"><label class=\"wpforms-field-label\" for=\"wpforms-6610-field_4\">Por favor, facilite aqu\u00ed la informaci\u00f3n de la sugerencia del t\u00edtulo: <span class=\"wpforms-required-label\" aria-hidden=\"true\">*<\/span><\/label><textarea id=\"wpforms-6610-field_4\" class=\"wpforms-field-medium wpforms-field-required\" name=\"wpforms[fields][4]\" aria-errormessage=\"wpforms-6610-field_4-error\" required><\/textarea><\/div><div id=\"wpforms-6610-field_7-container\" class=\"wpforms-field wpforms-field-url\" data-field-id=\"7\"><label class=\"wpforms-field-label\" for=\"wpforms-6610-field_7\">Si tiene un enlace al t\u00edtulo de la editorial o del minorista, puede compartirlo aqu\u00ed:<\/label><input type=\"url\" id=\"wpforms-6610-field_7\" class=\"wpforms-field-medium\" name=\"wpforms[fields][7]\" aria-errormessage=\"wpforms-6610-field_7-error\" ><\/div><\/div><!-- .wpforms-field-container --><div class=\"wpforms-field wpforms-field-hp\"><label for=\"wpforms-6610-field-hp\" class=\"wpforms-field-label\">Email<\/label><input type=\"text\" name=\"wpforms[hp]\" id=\"wpforms-6610-field-hp\" class=\"wpforms-field-medium\"><\/div><div class=\"wpforms-recaptcha-container wpforms-is-recaptcha wpforms-is-recaptcha-type-v2\" ><div class=\"g-recaptcha\" data-sitekey=\"6Le7EYYhAAAAAKF92R0ClgUxG4fKK7WN4Fcm7RWK\"><\/div><input type=\"text\" name=\"g-recaptcha-hidden\" class=\"wpforms-recaptcha-hidden\" style=\"position:absolute!important;clip:rect(0,0,0,0)!important;height:1px!important;width:1px!important;border:0!important;overflow:hidden!important;padding:0!important;margin:0!important;\" data-rule-recaptcha=\"1\"><\/div><div class=\"wpforms-submit-container\" ><input type=\"hidden\" name=\"wpforms[id]\" value=\"6610\"><input type=\"hidden\" name=\"page_title\" value=\"\"><input type=\"hidden\" name=\"page_url\" value=\"https:\/\/poklib.org\/es\/wp-json\/wp\/v2\/pages\/24648\"><input type=\"hidden\" name=\"url_referer\" value=\"\"><button type=\"submit\" name=\"wpforms[submit]\" id=\"wpforms-submit-6610\" class=\"wpforms-submit\" data-alt-text=\"Enviando...\" data-submit-text=\"Enviar\" aria-live=\"assertive\" value=\"wpforms-submit\">Enviar<\/button><\/div><\/form><\/div>  <!-- .wpforms-container -->\n<\/div><\/div><\/div><\/div><\/div><\/p>\n","protected":false},"excerpt":{"rendered":"","protected":false},"author":2,"featured_media":0,"parent":24628,"menu_order":0,"comment_status":"closed","ping_status":"closed","template":"","meta":{"_acf_changed":false,"advanced_seo_description":"","jetpack_seo_html_title":"","jetpack_seo_noindex":false,"footnotes":"","_links_to":"","_links_to_target":""},"class_list":["post-24648","page","type-page","status-publish","hentry"],"acf":[],"publishpress_future_action":{"enabled":false,"date":"2026-04-14 09:40:43","action":"change-status","newStatus":"draft","terms":[],"taxonomy":"translation_priority","extraData":[]},"publishpress_future_workflow_manual_trigger":{"enabledWorkflows":[]},"_links":{"self":[{"href":"https:\/\/poklib.org\/es\/wp-json\/wp\/v2\/pages\/24648","targetHints":{"allow":["GET"]}}],"collection":[{"href":"https:\/\/poklib.org\/es\/wp-json\/wp\/v2\/pages"}],"about":[{"href":"https:\/\/poklib.org\/es\/wp-json\/wp\/v2\/types\/page"}],"author":[{"embeddable":true,"href":"https:\/\/poklib.org\/es\/wp-json\/wp\/v2\/users\/2"}],"replies":[{"embeddable":true,"href":"https:\/\/poklib.org\/es\/wp-json\/wp\/v2\/comments?post=24648"}],"version-history":[{"count":0,"href":"https:\/\/poklib.org\/es\/wp-json\/wp\/v2\/pages\/24648\/revisions"}],"up":[{"embeddable":true,"href":"https:\/\/poklib.org\/es\/wp-json\/wp\/v2\/pages\/24628"}],"wp:attachment":[{"href":"https:\/\/poklib.org\/es\/wp-json\/wp\/v2\/media?parent=24648"}],"curies":[{"name":"wp","href":"https:\/\/api.w.org\/{rel}","templated":true}]}}