{"id":24638,"date":"2013-04-03T09:36:35","date_gmt":"2013-04-03T13:36:35","guid":{"rendered":"https:\/\/poklib.org\/donaciones\/"},"modified":"2026-02-05T15:22:33","modified_gmt":"2026-02-05T20:22:33","slug":"donaciones","status":"publish","type":"page","link":"https:\/\/poklib.org\/es\/acerca-de-los-amigos\/donaciones\/","title":{"rendered":"Donaciones"},"content":{"rendered":"<p>\n<div class=\"fusion-fullwidth fullwidth-box fusion-builder-row-1 fusion-flex-container has-pattern-background has-mask-background nonhundred-percent-fullwidth non-hundred-percent-height-scrolling\" style=\"--awb-border-radius-top-left:0px;--awb-border-radius-top-right:0px;--awb-border-radius-bottom-right:0px;--awb-border-radius-bottom-left:0px;--awb-flex-wrap:wrap;\" ><div class=\"fusion-builder-row fusion-row fusion-flex-align-items-flex-start fusion-flex-content-wrap\" style=\"max-width:1122px;margin-left: calc(-2% \/ 2 );margin-right: calc(-2% \/ 2 );\"><div class=\"fusion-layout-column fusion_builder_column fusion-builder-column-0 fusion_builder_column_1_1 1_1 fusion-flex-column\" style=\"--awb-bg-size:cover;--awb-width-large:100%;--awb-margin-top-large:0px;--awb-spacing-right-large:0.98%;--awb-margin-bottom-large:20px;--awb-spacing-left-large:0.98%;--awb-width-medium:100%;--awb-order-medium:0;--awb-spacing-right-medium:0.98%;--awb-spacing-left-medium:0.98%;--awb-width-small:100%;--awb-order-small:0;--awb-spacing-right-small:0.98%;--awb-spacing-left-small:0.98%;\"><div class=\"fusion-column-wrapper fusion-column-has-shadow fusion-flex-justify-content-flex-start fusion-content-layout-column\"><div class=\"fusion-title title fusion-title-1 fusion-title-center fusion-title-text fusion-title-size-one\" style=\"--awb-text-color:#0013e5;--awb-margin-top-small:10px;--awb-margin-right-small:0px;--awb-margin-bottom-small:10px;--awb-margin-left-small:0px;--awb-sep-color:var(--awb-color8);\"><div class=\"title-sep-container title-sep-container-left\"><div class=\"title-sep sep-double sep-solid\" style=\"border-color:var(--awb-color8);\"><\/div><\/div><span class=\"awb-title-spacer\"><\/span><h1 class=\"fusion-title-heading title-heading-center\" style=\"font-family:Arial, Helvetica, sans-serif;font-style:normal;font-weight:400;margin:0;\">Donaciones<\/h1><span class=\"awb-title-spacer\"><\/span><div class=\"title-sep-container title-sep-container-right\"><div class=\"title-sep sep-double sep-solid\" style=\"border-color:var(--awb-color8);\"><\/div><\/div><\/div><\/div><\/div><\/div><\/div><div class=\"fusion-fullwidth fullwidth-box fusion-builder-row-2 fusion-flex-container has-pattern-background has-mask-background nonhundred-percent-fullwidth non-hundred-percent-height-scrolling\" style=\"--awb-border-radius-top-left:0px;--awb-border-radius-top-right:0px;--awb-border-radius-bottom-right:0px;--awb-border-radius-bottom-left:0px;--awb-padding-top:10px;--awb-padding-right:20px;--awb-padding-bottom:20px;--awb-padding-left:20px;--awb-background-color:rgba(169,203,252,0.41);--awb-flex-wrap:wrap;\" ><div class=\"fusion-builder-row fusion-row fusion-flex-align-items-flex-start fusion-flex-content-wrap\" style=\"max-width:1122px;margin-left: calc(-2% \/ 2 );margin-right: calc(-2% \/ 2 );\"><div class=\"fusion-layout-column fusion_builder_column fusion-builder-column-1 fusion_builder_column_1_2 1_2 fusion-flex-column\" style=\"--awb-bg-blend:overlay;--awb-bg-size:cover;--awb-width-large:50%;--awb-margin-top-large:0px;--awb-spacing-right-large:3.92%;--awb-margin-bottom-large:0px;--awb-spacing-left-large:1.96%;--awb-width-medium:100%;--awb-spacing-right-medium:0.98%;--awb-spacing-left-medium:0.98%;--awb-width-small:100%;--awb-spacing-right-small:0.98%;--awb-spacing-left-small:0.98%;\"><div class=\"fusion-column-wrapper fusion-flex-justify-content-flex-start fusion-content-layout-column\"><div class=\"fusion-text fusion-text-1\" style=\"--awb-text-transform:none;\"><div class=\"fusion-text\">\n<div>\n<h2><strong><span style=\"color: #800000;\">NO<\/span> aceptamos:<\/strong><\/h2>\n<ul>\n<li>Rompecabezas o juegos no videogr\u00e1ficos.<\/li>\n<li>Enciclopedias.<\/li>\n<li>Libros condensados excepto los de letra grande.<\/li>\n<li>Revistas o peri\u00f3dicos.<\/li>\n<li>Libros con alg\u00fan subrayado o resaltado.<\/li>\n<li>Libros mohosos, maltratados, da\u00f1ados por el agua, con falta de p\u00e1ginas, etc.<\/li>\n<li>Cintas de cualquier tipo incluidos casetes, VHS y audiolibros en cinta.<\/li>\n<li>Libros de texto con m\u00e1s de 15 a\u00f1os de antig\u00fcedad.<\/li>\n<li>Gu\u00edas de viaje anticuadas.<\/li>\n<\/ul>\n<\/div>\n<\/div>\n<\/div><\/div><\/div><div class=\"fusion-layout-column fusion_builder_column fusion-builder-column-2 fusion_builder_column_1_2 1_2 fusion-flex-column\" style=\"--awb-bg-blend:overlay;--awb-bg-size:cover;--awb-width-large:50%;--awb-margin-top-large:0px;--awb-spacing-right-large:1.96%;--awb-margin-bottom-large:0px;--awb-spacing-left-large:3.92%;--awb-width-medium:100%;--awb-spacing-right-medium:0.98%;--awb-spacing-left-medium:0.98%;--awb-width-small:100%;--awb-spacing-right-small:0.98%;--awb-spacing-left-small:0.98%;\"><div class=\"fusion-column-wrapper fusion-flex-justify-content-flex-start fusion-content-layout-column\"><div class=\"fusion-text fusion-text-2\" style=\"--awb-text-transform:none;\"><div class=\"fusion-text\">\n<h2><strong>Aceptamos:<\/strong><\/h2>\n<ul>\n<li>Libros de tapa dura y r\u00fastica en buen estado.<\/li>\n<li>CDs, DVDs, LPs y audiolibros (en CD) en buen estado.<\/li>\n<li>Colecciones especiales (anticuarios, c\u00f3micos, etc.). P\u00f3ngase en contacto con nosotros para hablar de su colecci\u00f3n.<\/li>\n<\/ul>\n<\/div>\n<\/div><\/div><\/div><\/div><\/div><div class=\"fusion-fullwidth fullwidth-box fusion-builder-row-3 fusion-flex-container has-pattern-background has-mask-background nonhundred-percent-fullwidth non-hundred-percent-height-scrolling\" style=\"--awb-border-color:#000000;--awb-border-radius-top-left:0px;--awb-border-radius-top-right:0px;--awb-border-radius-bottom-right:0px;--awb-border-radius-bottom-left:0px;--awb-padding-top:2px;--awb-padding-right:20px;--awb-padding-bottom:2px;--awb-padding-left:20px;--awb-background-color:rgba(169,203,252,0.41);--awb-flex-wrap:wrap;\" ><div class=\"fusion-builder-row fusion-row fusion-flex-align-items-flex-start fusion-flex-content-wrap\" style=\"max-width:1122px;margin-left: calc(-2% \/ 2 );margin-right: calc(-2% \/ 2 );\"><div class=\"fusion-layout-column fusion_builder_column fusion-builder-column-3 fusion_builder_column_1_1 1_1 fusion-flex-column\" style=\"--awb-padding-top:0px;--awb-padding-bottom:0px;--awb-bg-size:cover;--awb-width-large:100%;--awb-margin-top-large:0px;--awb-spacing-right-large:0.98%;--awb-margin-bottom-large:0px;--awb-spacing-left-large:0.98%;--awb-width-medium:100%;--awb-order-medium:0;--awb-spacing-right-medium:0.98%;--awb-spacing-left-medium:0.98%;--awb-width-small:100%;--awb-order-small:0;--awb-spacing-right-small:0.98%;--awb-spacing-left-small:0.98%;\"><div class=\"fusion-column-wrapper fusion-column-has-shadow fusion-flex-justify-content-flex-start fusion-content-layout-column\"><div class=\"fusion-text fusion-text-3 fusion-text-no-margin\" style=\"--awb-text-transform:none;--awb-margin-top:0px;--awb-margin-bottom:0px;\"><h2 style=\"text-align: center;\"><strong style=\"color: #000000;\">Hay dos lugares para donar sus libros y medios:<\/strong><\/h2>\n<\/div><\/div><\/div><div class=\"fusion-layout-column fusion_builder_column fusion-builder-column-4 fusion_builder_column_1_2 1_2 fusion-flex-column\" style=\"--awb-padding-top:0px;--awb-padding-bottom:0px;--awb-bg-size:cover;--awb-width-large:50%;--awb-margin-top-large:5px;--awb-spacing-right-large:1.96%;--awb-margin-bottom-large:5px;--awb-spacing-left-large:1.96%;--awb-width-medium:100%;--awb-order-medium:0;--awb-spacing-right-medium:0.98%;--awb-spacing-left-medium:0.98%;--awb-width-small:100%;--awb-order-small:0;--awb-spacing-right-small:0.98%;--awb-spacing-left-small:0.98%;\"><div class=\"fusion-column-wrapper fusion-column-has-shadow fusion-flex-justify-content-flex-start fusion-content-layout-column\"><div class=\"fusion-text fusion-text-4 fusion-text-no-margin\" style=\"--awb-text-transform:none;--awb-margin-top:0px;--awb-margin-right:0px;--awb-margin-bottom:10px;--awb-margin-left:0px;\"><h3 style=\"text-align: center;\"><strong><span style=\"color: #000000;\">Lunes &#8211; Viernes de 9 AM &#8211; 1 PM<br \/>\n<\/span><\/strong><span style=\"color: #000000;\">Punto de donaci\u00f3n de la librer\u00eda (junto a la librer\u00eda)<\/span><\/h3>\n<p style=\"text-align: center;\">141 Boardman Road (parte trasera del edificio de la Biblioteca)<br \/>\nPoughkeepsie, NY 12603<strong><br \/>\n<\/strong><\/p>\n<\/div><div class=\"fusion-text fusion-text-5\" style=\"--awb-text-transform:none;\"><ul>\n<li>Todos los libros deben estar en buenas condiciones , <strong>limpios y aptos para la venta (v\u00e9anse las directrices anteriores).<\/strong><\/li>\n<li><span style=\"color: #800000;\"><strong>Los art\u00edculos deben estar en cajas de cart\u00f3n<\/strong><\/span>. No hay bolsas ni donaciones sueltas.<\/li>\n<li>Los art\u00edculos deben <strong>apilarse de forma ordenada<\/strong> dentro del Pod empezando por la parte trasera y avanzando hacia la parte delantera.<\/li>\n<li>Los voluntarios <strong>no<\/strong> estar\u00e1n disponibles para ayudar a descargar los veh\u00edculos.<\/li>\n<li>Los recibos <strong>no<\/strong> estar\u00e1n disponibles en este momento.<\/li>\n<li><strong>No <\/strong>se aceptar\u00e1n donaciones en la propia librer\u00eda.<\/li>\n<li><strong>Para donaciones m\u00e1s grandes (10 o m\u00e1s cajas)<\/strong>, p\u00f3ngase en contacto con los Amigos en (845) 485-3445 x 3423 o <a href=\"mailto:book_store@poklib.org\">book_store@poklib.org<\/a> para recibir instrucciones individuales.<\/li>\n<\/ul>\n<\/div><div class=\"fusion-image-element \" style=\"text-align:center;--awb-caption-title-font-family:var(--h2_typography-font-family);--awb-caption-title-font-weight:var(--h2_typography-font-weight);--awb-caption-title-font-style:var(--h2_typography-font-style);--awb-caption-title-size:var(--h2_typography-font-size);--awb-caption-title-transform:var(--h2_typography-text-transform);--awb-caption-title-line-height:var(--h2_typography-line-height);--awb-caption-title-letter-spacing:var(--h2_typography-letter-spacing);\"><span class=\" fusion-imageframe imageframe-none imageframe-1 hover-type-none\"><img decoding=\"async\" width=\"300\" height=\"300\" alt=\"Vaina de donaci\u00f3n de la Librer\u00eda de los Amigos\" title=\"Vaina FPPLD\" src=\"https:\/\/i0.wp.com\/poklib.org\/wp-content\/uploads\/2021\/11\/FPPLD-Pod-e1738961249286.png?fit=800%2C800&quality=79&ssl=1\" data-orig-src=\"https:\/\/poklib.org\/wp-content\/uploads\/2021\/11\/FPPLD-Pod-300x300.png\" class=\"lazyload img-responsive wp-image-23456\" srcset=\"data:image\/svg+xml,%3Csvg%20xmlns%3D%27http%3A%2F%2Fwww.w3.org%2F2000%2Fsvg%27%20width%3D%27800%27%20height%3D%27800%27%20viewBox%3D%270%200%20800%20800%27%3E%3Crect%20width%3D%27800%27%20height%3D%27800%27%20fill-opacity%3D%220%22%2F%3E%3C%2Fsvg%3E\" data-srcset=\"https:\/\/i0.wp.com\/poklib.org\/wp-content\/uploads\/2021\/11\/FPPLD-Pod-e1738961249286.png?resize=66%2C66&amp;quality=79&amp;ssl=1 66w, https:\/\/i0.wp.com\/poklib.org\/wp-content\/uploads\/2021\/11\/FPPLD-Pod-e1738961249286.png?resize=200%2C200&amp;quality=79&amp;ssl=1 200w, https:\/\/i0.wp.com\/poklib.org\/wp-content\/uploads\/2021\/11\/FPPLD-Pod-e1738961249286.png?resize=300%2C300&amp;quality=79&amp;ssl=1 300w, https:\/\/i0.wp.com\/poklib.org\/wp-content\/uploads\/2021\/11\/FPPLD-Pod-e1738961249286.png?resize=400%2C400&amp;quality=79&amp;ssl=1 400w, https:\/\/i0.wp.com\/poklib.org\/wp-content\/uploads\/2021\/11\/FPPLD-Pod-e1738961249286.png?resize=600%2C600&amp;quality=79&amp;ssl=1 600w, https:\/\/i0.wp.com\/poklib.org\/wp-content\/uploads\/2021\/11\/FPPLD-Pod-e1738961249286.png?resize=768%2C768&amp;quality=79&amp;ssl=1 768w, https:\/\/i0.wp.com\/poklib.org\/wp-content\/uploads\/2021\/11\/FPPLD-Pod-e1738961249286.png?fit=800%2C800&amp;quality=79&amp;ssl=1 800w\" data-sizes=\"auto\" data-orig-sizes=\"(max-width: 1024px) 100vw, (max-width: 640px) 100vw, 600px\" \/><\/span><\/div><\/div><\/div><div class=\"fusion-layout-column fusion_builder_column fusion-builder-column-5 fusion_builder_column_1_2 1_2 fusion-flex-column\" style=\"--awb-bg-size:cover;--awb-width-large:50%;--awb-margin-top-large:0px;--awb-spacing-right-large:1.96%;--awb-margin-bottom-large:20px;--awb-spacing-left-large:1.96%;--awb-width-medium:100%;--awb-order-medium:0;--awb-spacing-right-medium:0.98%;--awb-spacing-left-medium:0.98%;--awb-width-small:100%;--awb-order-small:0;--awb-spacing-right-small:0.98%;--awb-spacing-left-small:0.98%;\"><div class=\"fusion-column-wrapper fusion-column-has-shadow fusion-flex-justify-content-flex-start fusion-content-layout-column\"><div class=\"fusion-text fusion-text-6 fusion-text-no-margin\" style=\"--awb-text-transform:none;--awb-margin-top:0px;--awb-margin-right:0px;--awb-margin-bottom:10px;--awb-margin-left:0px;\"><h3 style=\"text-align: center;\"><strong style=\"color: #000000;\">S\u00e1bado de 10 AM &#8211; Mediod\u00eda<br \/>\n<\/strong><span style=\"color: #000000;\">Aparcamiento de la Biblioteca Adriance Memorial<\/span><\/h3>\n<p style=\"text-align: center;\">Localizador GPS: 22 Noxon Street<br \/>\nPoughkeepsie, NY 12601<strong><br \/>\n<\/strong><\/p>\n<\/div><div class=\"fusion-text fusion-text-7\" style=\"--awb-text-transform:none;\"><ul>\n<li>Todos los libros deben estar en buenas condiciones , <strong>limpios y aptos para la venta (v\u00e9anse las directrices anteriores).<\/strong><\/li>\n<li><span style=\"color: #800000;\"><strong>Los art\u00edculos deben estar en cajas de cart\u00f3n<\/strong><\/span>. No hay bolsas ni donaciones sueltas.<\/li>\n<li>Los art\u00edculos deben colocarse <strong>ordenadamente<\/strong> <strong>dentro de la furgoneta blanca del distrito de la biblioteca.<\/strong><\/li>\n<li>Los voluntarios <strong>no<\/strong> estar\u00e1n disponibles para ayudar a descargar los veh\u00edculos.<\/li>\n<li>Los recibos <strong>no<\/strong> estar\u00e1n disponibles en este momento.<\/li>\n<li><strong>No <\/strong>se aceptar\u00e1n donaciones en la propia biblioteca.<\/li>\n<li><strong>Para donaciones muy grandes (10 o m\u00e1s cajas)<\/strong>, p\u00f3ngase en contacto con los Amigos en el (845) 485-3445 x 3423 o <a href=\"mailto:book_store@poklib.org\">book_store@poklib.org<\/a> para recibir instrucciones individuales.<\/li>\n<\/ul>\n<\/div><div class=\"fusion-image-element \" style=\"text-align:center;--awb-max-width:400px;--awb-caption-title-font-family:var(--h2_typography-font-family);--awb-caption-title-font-weight:var(--h2_typography-font-weight);--awb-caption-title-font-style:var(--h2_typography-font-style);--awb-caption-title-size:var(--h2_typography-font-size);--awb-caption-title-transform:var(--h2_typography-text-transform);--awb-caption-title-line-height:var(--h2_typography-line-height);--awb-caption-title-letter-spacing:var(--h2_typography-letter-spacing);\"><span class=\" fusion-imageframe imageframe-none imageframe-2 hover-type-none\"><img decoding=\"async\" width=\"300\" height=\"300\" alt=\"Furgoneta blanca del distrito de la biblioteca\" title=\"PPLD Furgoneta para donaciones\" src=\"https:\/\/i0.wp.com\/poklib.org\/wp-content\/uploads\/2021\/11\/PPLD-Van-for-Donations-e1738961268569.png?fit=800%2C800&quality=79&ssl=1\" data-orig-src=\"https:\/\/poklib.org\/wp-content\/uploads\/2021\/11\/PPLD-Van-for-Donations-300x300.png\" class=\"lazyload img-responsive wp-image-23457\" srcset=\"data:image\/svg+xml,%3Csvg%20xmlns%3D%27http%3A%2F%2Fwww.w3.org%2F2000%2Fsvg%27%20width%3D%27800%27%20height%3D%27800%27%20viewBox%3D%270%200%20800%20800%27%3E%3Crect%20width%3D%27800%27%20height%3D%27800%27%20fill-opacity%3D%220%22%2F%3E%3C%2Fsvg%3E\" data-srcset=\"https:\/\/i0.wp.com\/poklib.org\/wp-content\/uploads\/2021\/11\/PPLD-Van-for-Donations-e1738961268569.png?resize=66%2C66&amp;quality=79&amp;ssl=1 66w, https:\/\/i0.wp.com\/poklib.org\/wp-content\/uploads\/2021\/11\/PPLD-Van-for-Donations-e1738961268569.png?resize=200%2C200&amp;quality=79&amp;ssl=1 200w, https:\/\/i0.wp.com\/poklib.org\/wp-content\/uploads\/2021\/11\/PPLD-Van-for-Donations-e1738961268569.png?resize=300%2C300&amp;quality=79&amp;ssl=1 300w, https:\/\/i0.wp.com\/poklib.org\/wp-content\/uploads\/2021\/11\/PPLD-Van-for-Donations-e1738961268569.png?resize=400%2C400&amp;quality=79&amp;ssl=1 400w, https:\/\/i0.wp.com\/poklib.org\/wp-content\/uploads\/2021\/11\/PPLD-Van-for-Donations-e1738961268569.png?resize=600%2C600&amp;quality=79&amp;ssl=1 600w, https:\/\/i0.wp.com\/poklib.org\/wp-content\/uploads\/2021\/11\/PPLD-Van-for-Donations-e1738961268569.png?resize=768%2C768&amp;quality=79&amp;ssl=1 768w, https:\/\/i0.wp.com\/poklib.org\/wp-content\/uploads\/2021\/11\/PPLD-Van-for-Donations-e1738961268569.png?fit=800%2C800&amp;quality=79&amp;ssl=1 800w\" data-sizes=\"auto\" data-orig-sizes=\"(max-width: 1024px) 100vw, (max-width: 640px) 100vw, 600px\" \/><\/span><\/div><\/div><\/div><div class=\"fusion-layout-column fusion_builder_column fusion-builder-column-6 fusion_builder_column_1_1 1_1 fusion-flex-column\" style=\"--awb-bg-size:cover;--awb-width-large:100%;--awb-margin-top-large:10px;--awb-spacing-right-large:0.98%;--awb-margin-bottom-large:20px;--awb-spacing-left-large:0.98%;--awb-width-medium:100%;--awb-order-medium:0;--awb-spacing-right-medium:0.98%;--awb-spacing-left-medium:0.98%;--awb-width-small:100%;--awb-order-small:0;--awb-spacing-right-small:0.98%;--awb-spacing-left-small:0.98%;\"><div class=\"fusion-column-wrapper fusion-column-has-shadow fusion-flex-justify-content-flex-start fusion-content-layout-column\"><div class=\"fusion-text fusion-text-8\" style=\"--awb-text-transform:none;\"><p style=\"text-align: center;\">Tenga en cuenta que estos puntos de recogida de donativos est\u00e1n cerrados siempre que el distrito de bibliotecas est\u00e9 cerrado (en caso de mal tiempo, vacaciones, etc.).<\/p>\n<p style=\"text-align: center;\"><strong>\u00bfTienes preguntas?<\/strong> (845) 485-3445 x3423 o env\u00ede un correo electr\u00f3nico <a href=\"mailto:book_store@poklib.org\" target=\"_blank\" rel=\"noopener noreferrer\">a book_store@poklib.org<\/a><\/p>\n<\/div><\/div><\/div><\/div><\/div><div class=\"fusion-fullwidth fullwidth-box fusion-builder-row-4 fusion-flex-container nonhundred-percent-fullwidth non-hundred-percent-height-scrolling\" style=\"--awb-border-radius-top-left:0px;--awb-border-radius-top-right:0px;--awb-border-radius-bottom-right:0px;--awb-border-radius-bottom-left:0px;--awb-flex-wrap:wrap;\" ><div class=\"fusion-builder-row fusion-row fusion-flex-align-items-flex-start fusion-flex-content-wrap\" style=\"max-width:1122px;margin-left: calc(-2% \/ 2 );margin-right: calc(-2% \/ 2 );\"><div class=\"fusion-layout-column fusion_builder_column fusion-builder-column-7 fusion_builder_column_1_1 1_1 fusion-flex-column\" style=\"--awb-bg-size:cover;--awb-width-large:100%;--awb-margin-top-large:0px;--awb-spacing-right-large:0.98%;--awb-margin-bottom-large:20px;--awb-spacing-left-large:0.98%;--awb-width-medium:100%;--awb-order-medium:0;--awb-spacing-right-medium:0.98%;--awb-spacing-left-medium:0.98%;--awb-width-small:100%;--awb-order-small:0;--awb-spacing-right-small:0.98%;--awb-spacing-left-small:0.98%;\"><div class=\"fusion-column-wrapper fusion-column-has-shadow fusion-flex-justify-content-flex-start fusion-content-layout-column\"><div class=\"fusion-separator fusion-full-width-sep\" style=\"align-self: center;margin-left: auto;margin-right: auto;margin-top:05px;margin-bottom:05px;width:100%;\"><\/div><\/div><\/div><\/div><\/div><div class=\"fusion-fullwidth fullwidth-box fusion-builder-row-5 fusion-flex-container has-pattern-background has-mask-background nonhundred-percent-fullwidth non-hundred-percent-height-scrolling\" style=\"--awb-border-radius-top-left:0px;--awb-border-radius-top-right:0px;--awb-border-radius-bottom-right:0px;--awb-border-radius-bottom-left:0px;--awb-padding-top:20px;--awb-padding-right:20px;--awb-padding-left:20px;--awb-background-color:rgba(232,255,170,0.41);--awb-flex-wrap:wrap;\" ><div class=\"fusion-builder-row fusion-row fusion-flex-align-items-flex-start fusion-flex-content-wrap\" style=\"max-width:1122px;margin-left: calc(-2% \/ 2 );margin-right: calc(-2% \/ 2 );\"><div class=\"fusion-layout-column fusion_builder_column fusion-builder-column-8 fusion_builder_column_1_1 1_1 fusion-flex-column\" style=\"--awb-padding-bottom:0px;--awb-bg-size:cover;--awb-width-large:100%;--awb-margin-top-large:0px;--awb-spacing-right-large:0.98%;--awb-margin-bottom-large:0px;--awb-spacing-left-large:0.98%;--awb-width-medium:100%;--awb-order-medium:0;--awb-spacing-right-medium:0.98%;--awb-spacing-left-medium:0.98%;--awb-width-small:100%;--awb-order-small:0;--awb-spacing-right-small:0.98%;--awb-spacing-left-small:0.98%;\"><div class=\"fusion-column-wrapper fusion-column-has-shadow fusion-flex-justify-content-flex-start fusion-content-layout-column\"><div class=\"fusion-text fusion-text-9\"><p><b>Su donaci\u00f3n monetaria a los amigos del distrito de la biblioteca p\u00fablica de Poughkeepsie proporciona apoyo al distrito de la biblioteca ayudando a financiar eventos como la lectura de verano, la gran lectura, las charlas de autor, la ampliaci\u00f3n de las colecciones y los servicios de la biblioteca.<\/b><\/p>\n<p><b>Su apoyo lo hace posible. Gracias.<br \/>\n<\/b><\/p>\n<\/div><div class=\"fusion-builder-row fusion-builder-row-inner fusion-row fusion-flex-align-items-flex-start fusion-flex-content-wrap\" style=\"--awb-flex-grow:0;--awb-flex-grow-medium:0;--awb-flex-grow-small:0;--awb-flex-shrink:0;--awb-flex-shrink-medium:0;--awb-flex-shrink-small:0;width:102% !important;max-width:102% !important;margin-left: calc(-2% \/ 2 );margin-right: calc(-2% \/ 2 );\"><div class=\"fusion-layout-column fusion_builder_column_inner fusion-builder-nested-column-0 fusion_builder_column_inner_1_3 1_3 fusion-flex-column\" style=\"--awb-bg-size:cover;--awb-width-large:33.3333333333%;--awb-margin-top-large:0px;--awb-spacing-right-large:2.94%;--awb-margin-bottom-large:20px;--awb-spacing-left-large:2.94%;--awb-width-medium:100%;--awb-order-medium:0;--awb-spacing-right-medium:0.98%;--awb-spacing-left-medium:0.98%;--awb-width-small:100%;--awb-order-small:0;--awb-spacing-right-small:0.98%;--awb-spacing-left-small:0.98%;\"><div class=\"fusion-column-wrapper fusion-column-has-shadow fusion-flex-justify-content-flex-start fusion-content-layout-column\"><div ><a class=\"fusion-button button-flat fusion-button-default-size button-custom fusion-button-default button-1 fusion-button-default-span fusion-button-default-type\" style=\"--button_accent_color:#ffffff;--button_border_color:#ffffff;--button_accent_hover_color:#ffe535;--button_border_hover_color:#ffe535;--button-border-radius-top-left:5px;--button-border-radius-top-right:5px;--button-border-radius-bottom-right:5px;--button-border-radius-bottom-left:5px;--button_gradient_top_color:#2946bf;--button_gradient_bottom_color:#2946bf;--button_gradient_top_color_hover:#5667bf;--button_gradient_bottom_color_hover:#5667bf;\" target=\"_blank\" rel=\"noopener noreferrer\" href=\"https:\/\/www.paypal.com\/donate\/?hosted_button_id=NNY7CWC78E24N\"><span class=\"fusion-button-text awb-button__text awb-button__text--default\">Haga un donativo hoy mismo.<\/span><\/a><\/div><\/div><\/div><div class=\"fusion-layout-column fusion_builder_column_inner fusion-builder-nested-column-1 fusion_builder_column_inner_2_3 2_3 fusion-flex-column\" style=\"--awb-bg-size:cover;--awb-width-large:66.6666666667%;--awb-margin-top-large:0px;--awb-spacing-right-large:1.47%;--awb-margin-bottom-large:20px;--awb-spacing-left-large:1.47%;--awb-width-medium:100%;--awb-order-medium:0;--awb-spacing-right-medium:0.98%;--awb-spacing-left-medium:0.98%;--awb-width-small:100%;--awb-order-small:0;--awb-spacing-right-small:0.98%;--awb-spacing-left-small:0.98%;\"><div class=\"fusion-column-wrapper fusion-column-has-shadow fusion-flex-justify-content-flex-start fusion-content-layout-column\"><div class=\"fusion-text fusion-text-10\"><p>Se aceptan donativos a trav\u00e9s de PayPal.<br \/>\nSe aceptan las principales tarjetas de cr\u00e9dito.<br \/>\nNo necesitas una cuenta PayPal para hacer un donativo.<\/p>\n<\/div><\/div><\/div><\/div><\/div><\/div><\/div><\/div><\/p>\n","protected":false},"excerpt":{"rendered":"","protected":false},"author":2,"featured_media":0,"parent":24620,"menu_order":3,"comment_status":"closed","ping_status":"closed","template":"","meta":{"_acf_changed":false,"advanced_seo_description":"","jetpack_seo_html_title":"","jetpack_seo_noindex":false,"footnotes":"","_links_to":"","_links_to_target":""},"class_list":["post-24638","page","type-page","status-publish","hentry"],"acf":[],"publishpress_future_action":{"enabled":false,"date":"2026-04-19 09:08:44","action":"change-status","newStatus":"draft","terms":[],"taxonomy":"translation_priority","extraData":[]},"publishpress_future_workflow_manual_trigger":{"enabledWorkflows":[]},"_links":{"self":[{"href":"https:\/\/poklib.org\/es\/wp-json\/wp\/v2\/pages\/24638","targetHints":{"allow":["GET"]}}],"collection":[{"href":"https:\/\/poklib.org\/es\/wp-json\/wp\/v2\/pages"}],"about":[{"href":"https:\/\/poklib.org\/es\/wp-json\/wp\/v2\/types\/page"}],"author":[{"embeddable":true,"href":"https:\/\/poklib.org\/es\/wp-json\/wp\/v2\/users\/2"}],"replies":[{"embeddable":true,"href":"https:\/\/poklib.org\/es\/wp-json\/wp\/v2\/comments?post=24638"}],"version-history":[{"count":0,"href":"https:\/\/poklib.org\/es\/wp-json\/wp\/v2\/pages\/24638\/revisions"}],"up":[{"embeddable":true,"href":"https:\/\/poklib.org\/es\/wp-json\/wp\/v2\/pages\/24620"}],"wp:attachment":[{"href":"https:\/\/poklib.org\/es\/wp-json\/wp\/v2\/media?parent=24638"}],"curies":[{"name":"wp","href":"https:\/\/api.w.org\/{rel}","templated":true}]}}