{"id":24637,"date":"2013-07-16T14:40:15","date_gmt":"2013-07-16T18:40:15","guid":{"rendered":"https:\/\/poklib.org\/educacion-en-casa\/"},"modified":"2024-10-09T15:10:54","modified_gmt":"2024-10-09T19:10:54","slug":"educacion-en-casa","status":"publish","type":"page","link":"https:\/\/poklib.org\/es\/juventud\/recursos-para-la-crianza-de-los-hijos\/educacion-en-casa\/","title":{"rendered":"Educaci\u00f3n en casa"},"content":{"rendered":"<div class=\"fusion-fullwidth fullwidth-box fusion-builder-row-1 fusion-flex-container nonhundred-percent-fullwidth non-hundred-percent-height-scrolling\" style=\"--awb-border-radius-top-left:0px;--awb-border-radius-top-right:0px;--awb-border-radius-bottom-right:0px;--awb-border-radius-bottom-left:0px;--awb-flex-wrap:wrap;\" ><div class=\"fusion-builder-row fusion-row fusion-flex-align-items-flex-start fusion-flex-content-wrap\" style=\"max-width:1122px;margin-left: calc(-2% \/ 2 );margin-right: calc(-2% \/ 2 );\"><div class=\"fusion-layout-column fusion_builder_column fusion-builder-column-0 fusion_builder_column_1_1 1_1 fusion-flex-column\" style=\"--awb-bg-blend:overlay;--awb-bg-size:cover;--awb-width-large:100%;--awb-margin-top-large:0px;--awb-spacing-right-large:0.98%;--awb-margin-bottom-large:0px;--awb-spacing-left-large:0.98%;--awb-width-medium:100%;--awb-spacing-right-medium:0.98%;--awb-spacing-left-medium:0.98%;--awb-width-small:100%;--awb-spacing-right-small:0.98%;--awb-spacing-left-small:0.98%;\"><div class=\"fusion-column-wrapper fusion-flex-justify-content-flex-start fusion-content-layout-column\"><div class=\"fusion-text fusion-text-1\"><p>El distrito de la biblioteca tiene muchos recursos para ayudar a los educadores en casa. Utilice esta gu\u00eda tem\u00e1tica como punto de partida para ayudarle a encontrar materiales e informaci\u00f3n sobre la educaci\u00f3n en casa.<\/p>\n<p>Esta publicaci\u00f3n peri\u00f3dica le ayudar\u00e1 a orientarse en la experiencia de la educaci\u00f3n en el hogar: <a href=\"https:\/\/search.midhudsonlibraries.org\/iii\/encore\/search\/C__Shome%20education__Orightresult__U?lang=eng&amp;suite=cobalt&amp;fromMain=yes\" target=\"_blank\" rel=\"noopener\">educaci\u00f3n en el hogar<\/a><\/p>\n<p><strong>P\u00e1ginas web: <\/strong>Existen numerosos sitios web para ayudar a los educadores en casa a educar a sus hijos. Aqu\u00ed tiene una selecci\u00f3n de sitios que puede encontrar informativos.<\/p>\n<p style=\"padding-left: 60px;\"><a href=\"https:\/\/www.home-school.com\/\" target=\"_blank\" rel=\"noopener\">El mundo de la educaci\u00f3n en casa<\/a><\/p>\n<p style=\"padding-left: 60px;\"><a href=\"http:\/\/www.nysed.gov\/curriculum-instruction\" target=\"_blank\" rel=\"noopener\">Departamento de educaci\u00f3n del estado de Nueva York curr\u00edculo e instrucci\u00f3n<\/a><\/p>\n<p style=\"padding-left: 60px;\"><a href=\"http:\/\/www.nysed.gov\/nonpublic-schools\/home-instruction\" target=\"_blank\" rel=\"noopener\">Departamento de educaci\u00f3n del estado de Nueva York escuelas no p\u00fablicas Instrucci\u00f3n en casa<\/a><\/p>\n<p style=\"padding-left: 60px;\"><a href=\"https:\/\/www.leah.org\/\" target=\"_blank\" rel=\"noopener\">Estado de Nueva York amor de educaci\u00f3n en el hogar (LEAH)<\/a><\/p>\n<p style=\"padding-left: 30px;\"><strong>Bases de datos en l\u00ednea: <\/strong> el PPLD est\u00e1 suscrito a un n\u00famero selecto de bases de datos en l\u00ednea para uso de los usuarios. Utilice su tarjeta de la biblioteca para acceder a estos \u00fatiles sitios web en la comodidad de su hogar o en la biblioteca.<\/p>\n<p style=\"padding-left: 60px;\"><a title=\"Diversi\u00f3n para ni\u00f1os y familias\" href=\"https:\/\/poklib.org\/es\/juventud\/diversion-para-ninos-y-familias\/\" target=\"_blank\" rel=\"noopener noreferrer\">Bases de datos en l\u00ednea para ni\u00f1os de PPLD<\/a>: incluye A to Z The USA, Searchasaurus, NoveList K-8 y m\u00e1s &#8211; \u00a1s\u00f3lo para ni\u00f1os!<\/p>\n<p style=\"padding-left: 60px;\"><a href=\"https:\/\/poklib.org\/es\/conozca\/recursos-en-linea-y-bases-de-datos\/\" target=\"_blank\" rel=\"noopener noreferrer\">Listado completo de bases de datos de PPLD<\/a>: Incluye bases de datos para j\u00f3venes y adultos en una variedad de temas de inter\u00e9s.<\/p>\n<p style=\"padding-left: 30px;\"><strong>Buscar en el cat\u00e1logo:<\/strong>para encontrar materiales que apoyen su educaci\u00f3n en casa intente buscar en el <a href=\"https:\/\/ppld-discover.midhudsonlibraries.org\/\" target=\"_blank\" rel=\"noopener\">cat\u00e1logo en l\u00ednea<\/a> con los siguientes encabezamientos de materia:<\/p>\n<p style=\"padding-left: 60px;\"><a href=\"https:\/\/ppld-discover.midhudsonlibraries.org\/search?query=Education%20Parent%20Participation&amp;searchType=everything&amp;pageSize=10\" target=\"_blank\" rel=\"noopener\">Educaci\u00f3n participaci\u00f3n de los padres<\/a><\/p>\n<p style=\"padding-left: 60px;\"><a href=\"https:\/\/ppld-discover.midhudsonlibraries.org\/search?query=Home%20schooling&amp;searchType=everything&amp;pageSize=10\" target=\"_blank\" rel=\"noopener\">Educaci\u00f3n en casa<\/a><\/p>\n<p style=\"padding-left: 30px;\"><strong>Busque en la colecci\u00f3n<\/strong>: los siguientes n\u00fameros de llamada te ayudar\u00e1n a dirigirte a los libros en los estantes de la biblioteca en la colecci\u00f3n de adultos que pertenecen a la educaci\u00f3n en casa:<\/p>\n<p style=\"padding-left: 60px;\">371.042<\/p>\n<p style=\"padding-left: 60px;\">649.6<\/p>\n<p style=\"padding-left: 60px;\">La c<a href=\"https:\/\/discover.midhudsonlibraries.org\/library-list\/showcase\/a38202d1-a0c1-4bb5-8ea3-7b976c7e9b26\" target=\"_blank\" rel=\"noopener\">olecci\u00f3n para padres (JPC)<\/a> de la biblioteca Adriance Memorial tambi\u00e9n incluye una secci\u00f3n de recursos para educadores en casa.<\/p>\n<\/div><\/div><\/div><\/div><\/div>\n","protected":false},"excerpt":{"rendered":"","protected":false},"author":2,"featured_media":0,"parent":24640,"menu_order":0,"comment_status":"closed","ping_status":"closed","template":"","meta":{"_acf_changed":false,"advanced_seo_description":"","jetpack_seo_html_title":"","jetpack_seo_noindex":false,"footnotes":"","_links_to":"","_links_to_target":""},"class_list":["post-24637","page","type-page","status-publish","hentry"],"acf":[],"publishpress_future_action":{"enabled":false,"date":"2026-05-06 04:17:43","action":"change-status","newStatus":"draft","terms":[],"taxonomy":"translation_priority","extraData":[]},"publishpress_future_workflow_manual_trigger":{"enabledWorkflows":[]},"_links":{"self":[{"href":"https:\/\/poklib.org\/es\/wp-json\/wp\/v2\/pages\/24637","targetHints":{"allow":["GET"]}}],"collection":[{"href":"https:\/\/poklib.org\/es\/wp-json\/wp\/v2\/pages"}],"about":[{"href":"https:\/\/poklib.org\/es\/wp-json\/wp\/v2\/types\/page"}],"author":[{"embeddable":true,"href":"https:\/\/poklib.org\/es\/wp-json\/wp\/v2\/users\/2"}],"replies":[{"embeddable":true,"href":"https:\/\/poklib.org\/es\/wp-json\/wp\/v2\/comments?post=24637"}],"version-history":[{"count":0,"href":"https:\/\/poklib.org\/es\/wp-json\/wp\/v2\/pages\/24637\/revisions"}],"up":[{"embeddable":true,"href":"https:\/\/poklib.org\/es\/wp-json\/wp\/v2\/pages\/24640"}],"wp:attachment":[{"href":"https:\/\/poklib.org\/es\/wp-json\/wp\/v2\/media?parent=24637"}],"curies":[{"name":"wp","href":"https:\/\/api.w.org\/{rel}","templated":true}]}}