{"id":24635,"date":"2013-04-03T09:42:21","date_gmt":"2013-04-03T13:42:21","guid":{"rendered":"https:\/\/poklib.org\/programas-y-eventos-de-los-amigos\/"},"modified":"2026-01-29T16:13:49","modified_gmt":"2026-01-29T21:13:49","slug":"programs-events","status":"publish","type":"page","link":"https:\/\/poklib.org\/es\/acerca-de-los-amigos\/programs-events\/","title":{"rendered":"Programas y eventos de los amigos"},"content":{"rendered":"<p><div class=\"fusion-fullwidth fullwidth-box fusion-builder-row-1 fusion-flex-container has-pattern-background has-mask-background nonhundred-percent-fullwidth non-hundred-percent-height-scrolling\" style=\"--awb-border-radius-top-left:0px;--awb-border-radius-top-right:0px;--awb-border-radius-bottom-right:0px;--awb-border-radius-bottom-left:0px;--awb-flex-wrap:wrap;\" ><div class=\"fusion-builder-row fusion-row fusion-flex-align-items-flex-start fusion-flex-content-wrap\" style=\"max-width:1122px;margin-left: calc(-2% \/ 2 );margin-right: calc(-2% \/ 2 );\"><div class=\"fusion-layout-column fusion_builder_column fusion-builder-column-0 fusion_builder_column_1_1 1_1 fusion-flex-column\" style=\"--awb-bg-size:cover;--awb-width-large:100%;--awb-margin-top-large:0px;--awb-spacing-right-large:0.98%;--awb-margin-bottom-large:20px;--awb-spacing-left-large:0.98%;--awb-width-medium:100%;--awb-order-medium:0;--awb-spacing-right-medium:0.98%;--awb-spacing-left-medium:0.98%;--awb-width-small:100%;--awb-order-small:0;--awb-spacing-right-small:0.98%;--awb-spacing-left-small:0.98%;\"><div class=\"fusion-column-wrapper fusion-column-has-shadow fusion-flex-justify-content-flex-start fusion-content-layout-column\"><div class=\"fusion-text fusion-text-1\"><h2><strong>Club de lectura de los lunes de misterio<\/strong><\/h2>\n<p><strong>Algunos lunes a las 11:00 am<\/strong><br \/>\n<strong>Biblioteca sucursal de la carretera Boardman<\/strong><br \/>\n<strong>No es necesario inscribirse.<\/strong><\/p>\n<p><strong>No hay reuni\u00f3n en diciembre.<\/strong><\/p>\n<\/div><\/div><\/div><div class=\"fusion-layout-column fusion_builder_column fusion-builder-column-1 fusion_builder_column_1_1 1_1 fusion-flex-column\" style=\"--awb-bg-size:cover;--awb-width-large:100%;--awb-margin-top-large:0px;--awb-spacing-right-large:0.98%;--awb-margin-bottom-large:20px;--awb-spacing-left-large:0.98%;--awb-width-medium:100%;--awb-order-medium:0;--awb-spacing-right-medium:0.98%;--awb-spacing-left-medium:0.98%;--awb-width-small:100%;--awb-order-small:0;--awb-spacing-right-small:0.98%;--awb-spacing-left-small:0.98%;\"><div class=\"fusion-column-wrapper fusion-column-has-shadow fusion-flex-justify-content-flex-start fusion-content-layout-column\"><div class=\"fusion-text fusion-text-2\"><p><strong><img decoding=\"async\" class=\"lazyload size-full wp-image-39404 alignleft\" src=\"data:image\/svg+xml,%3Csvg%20xmlns%3D%27http%3A%2F%2Fwww.w3.org%2F2000%2Fsvg%27%20width%3D%27200%27%20height%3D%27300%27%20viewBox%3D%270%200%20200%20300%27%3E%3Crect%20width%3D%27200%27%20height%3D%27300%27%20fill-opacity%3D%220%22%2F%3E%3C%2Fsvg%3E\" data-orig-src=\"https:\/\/poklib.org\/wp-content\/uploads\/2025\/12\/State-of-Terror-by-Hillary-Rodham-Clinton-and-Louise-Penny.png\" alt=\"\" width=\"200\" height=\"300\">23 de febrero: <\/strong><\/p>\n<p><a href=\"https:\/\/ppld-discover.midhudsonlibraries.org\/search?query=State%20of%20Terror%20by%20Hillary%20Clinton%20and%20Louise%20Penny&amp;searchType=everything&amp;pageSize=10\"><em>Estado de Terror<\/em><\/a> por Hillary Clinton y Louise Penny<\/p>\n<\/div><\/div><\/div><div class=\"fusion-layout-column fusion_builder_column fusion-builder-column-2 fusion_builder_column_1_1 1_1 fusion-flex-column\" style=\"--awb-bg-size:cover;--awb-width-large:100%;--awb-margin-top-large:0px;--awb-spacing-right-large:0.98%;--awb-margin-bottom-large:20px;--awb-spacing-left-large:0.98%;--awb-width-medium:100%;--awb-order-medium:0;--awb-spacing-right-medium:0.98%;--awb-spacing-left-medium:0.98%;--awb-width-small:100%;--awb-order-small:0;--awb-spacing-right-small:0.98%;--awb-spacing-left-small:0.98%;\"><div class=\"fusion-column-wrapper fusion-column-has-shadow fusion-flex-justify-content-flex-start fusion-content-layout-column\"><div class=\"fusion-text fusion-text-3\"><p><img decoding=\"async\" class=\"lazyload size-full wp-image-39795 alignleft\" src=\"data:image\/svg+xml,%3Csvg%20xmlns%3D%27http%3A%2F%2Fwww.w3.org%2F2000%2Fsvg%27%20width%3D%27200%27%20height%3D%27300%27%20viewBox%3D%270%200%20200%20300%27%3E%3Crect%20width%3D%27200%27%20height%3D%27300%27%20fill-opacity%3D%220%22%2F%3E%3C%2Fsvg%3E\" data-orig-src=\"https:\/\/poklib.org\/wp-content\/uploads\/2026\/02\/Death-in-Brittany-by-Jean-Luc-Bannalec.png\" alt=\"Portada del libro: Muerte en Breta\u00f1a de Jean-Luc Bannalec\" width=\"200\" height=\"300\"><strong>30 de marzo: <\/strong><\/p>\n<p>\u00danete a nosotros para debatir <a href=\"https:\/\/ppld-discover.midhudsonlibraries.org\/search\/card?id=92ba3854-c08d-5826-b96e-492769f5d98f&amp;entityType=FormatGroup\"><em>La muerte en Breta\u00f1a<\/em><\/a> de Jean Luc Bannalec.<\/p>\n<\/div><\/div><\/div><div class=\"fusion-layout-column fusion_builder_column fusion-builder-column-3 fusion_builder_column_1_1 1_1 fusion-flex-column\" style=\"--awb-bg-size:cover;--awb-width-large:100%;--awb-margin-top-large:0px;--awb-spacing-right-large:0.98%;--awb-margin-bottom-large:20px;--awb-spacing-left-large:0.98%;--awb-width-medium:100%;--awb-order-medium:0;--awb-spacing-right-medium:0.98%;--awb-spacing-left-medium:0.98%;--awb-width-small:100%;--awb-order-small:0;--awb-spacing-right-small:0.98%;--awb-spacing-left-small:0.98%;\"><div class=\"fusion-column-wrapper fusion-column-has-shadow fusion-flex-justify-content-flex-start fusion-content-layout-column\"><div class=\"fusion-text fusion-text-4\"><p><img decoding=\"async\" class=\"lazyload size-full wp-image-39796 alignleft\" src=\"data:image\/svg+xml,%3Csvg%20xmlns%3D%27http%3A%2F%2Fwww.w3.org%2F2000%2Fsvg%27%20width%3D%27200%27%20height%3D%27300%27%20viewBox%3D%270%200%20200%20300%27%3E%3Crect%20width%3D%27200%27%20height%3D%27300%27%20fill-opacity%3D%220%22%2F%3E%3C%2Fsvg%3E\" data-orig-src=\"https:\/\/poklib.org\/wp-content\/uploads\/2026\/02\/The-Devotion-of-Suspect-X-by-Keigo-Higashino.png\" alt=\"Portada del libro: La devoci\u00f3n del sospechoso X de Keigo Higashino\" width=\"200\" height=\"300\"><strong>27 de abril:<\/strong><\/p>\n<p>\u00danete a nosotros para debatir <a href=\"https:\/\/ppld-discover.midhudsonlibraries.org\/search\/card?id=50dc675d-a7cc-59d1-8516-d11aaca65c80&amp;entityType=FormatGroup\"><em>La devoci\u00f3n del sospechoso X<\/em><\/a> de Keigo Higashino.<\/p>\n<\/div><\/div><\/div><\/div><\/div>\n<div class=\"fusion-fullwidth fullwidth-box fusion-builder-row-2 fusion-flex-container has-pattern-background has-mask-background nonhundred-percent-fullwidth non-hundred-percent-height-scrolling\" style=\"--awb-border-radius-top-left:0px;--awb-border-radius-top-right:0px;--awb-border-radius-bottom-right:0px;--awb-border-radius-bottom-left:0px;--awb-flex-wrap:wrap;\" ><div class=\"fusion-builder-row fusion-row fusion-flex-align-items-flex-start fusion-flex-content-wrap\" style=\"max-width:1122px;margin-left: calc(-2% \/ 2 );margin-right: calc(-2% \/ 2 );\"><div class=\"fusion-layout-column fusion_builder_column fusion-builder-column-4 fusion_builder_column_1_1 1_1 fusion-flex-column\" style=\"--awb-bg-size:cover;--awb-width-large:100%;--awb-margin-top-large:0px;--awb-spacing-right-large:0.98%;--awb-margin-bottom-large:20px;--awb-spacing-left-large:0.98%;--awb-width-medium:100%;--awb-order-medium:0;--awb-spacing-right-medium:0.98%;--awb-spacing-left-medium:0.98%;--awb-width-small:100%;--awb-order-small:0;--awb-spacing-right-small:0.98%;--awb-spacing-left-small:0.98%;\"><div class=\"fusion-column-wrapper fusion-column-has-shadow fusion-flex-justify-content-flex-start fusion-content-layout-column\"><div class=\"fusion-separator fusion-full-width-sep\" style=\"align-self: center;margin-left: auto;margin-right: auto;margin-top:25px;margin-bottom:25px;width:100%;\"><div class=\"fusion-separator-border sep-single sep-solid\" style=\"--awb-height:20px;--awb-amount:20px;--awb-sep-color:var(--awb-color4);border-color:var(--awb-color4);border-top-width:2px;\"><\/div><\/div><\/div><\/div><\/div><\/div><div class=\"fusion-fullwidth fullwidth-box fusion-builder-row-3 fusion-flex-container has-pattern-background has-mask-background nonhundred-percent-fullwidth non-hundred-percent-height-scrolling\" style=\"--awb-border-radius-top-left:0px;--awb-border-radius-top-right:0px;--awb-border-radius-bottom-right:0px;--awb-border-radius-bottom-left:0px;--awb-flex-wrap:wrap;\" ><div class=\"fusion-builder-row fusion-row fusion-flex-align-items-flex-start fusion-flex-content-wrap\" style=\"max-width:1122px;margin-left: calc(-2% \/ 2 );margin-right: calc(-2% \/ 2 );\"><div class=\"fusion-layout-column fusion_builder_column fusion-builder-column-5 fusion_builder_column_1_3 1_3 fusion-flex-column\" style=\"--awb-bg-size:cover;--awb-width-large:33.3333333333%;--awb-margin-top-large:0px;--awb-spacing-right-large:2.94%;--awb-margin-bottom-large:20px;--awb-spacing-left-large:2.94%;--awb-width-medium:100%;--awb-order-medium:0;--awb-spacing-right-medium:0.98%;--awb-spacing-left-medium:0.98%;--awb-width-small:100%;--awb-order-small:0;--awb-spacing-right-small:0.98%;--awb-spacing-left-small:0.98%;\"><div class=\"fusion-column-wrapper fusion-column-has-shadow fusion-flex-justify-content-flex-start fusion-content-layout-column\"><div class=\"fusion-image-element \" style=\"--awb-caption-title-font-family:var(--h2_typography-font-family);--awb-caption-title-font-weight:var(--h2_typography-font-weight);--awb-caption-title-font-style:var(--h2_typography-font-style);--awb-caption-title-size:var(--h2_typography-font-size);--awb-caption-title-transform:var(--h2_typography-text-transform);--awb-caption-title-line-height:var(--h2_typography-line-height);--awb-caption-title-letter-spacing:var(--h2_typography-letter-spacing);\"><span class=\" fusion-imageframe imageframe-none imageframe-1 hover-type-none\"><img decoding=\"async\" width=\"927\" height=\"1200\" title=\"Formulario Mah Jongg 2026\" src=\"https:\/\/i0.wp.com\/poklib.org\/wp-content\/uploads\/2026\/01\/Mah-Jongg-2026-Form-scaled.jpg?fit=927%2C1200&quality=88&ssl=1\" data-orig-src=\"https:\/\/poklib.org\/wp-content\/uploads\/2026\/01\/Mah-Jongg-2026-Form-scaled.jpg\" alt class=\"lazyload img-responsive wp-image-39726\" srcset=\"data:image\/svg+xml,%3Csvg%20xmlns%3D%27http%3A%2F%2Fwww.w3.org%2F2000%2Fsvg%27%20width%3D%27927%27%20height%3D%271200%27%20viewBox%3D%270%200%20927%201200%27%3E%3Crect%20width%3D%27927%27%20height%3D%271200%27%20fill-opacity%3D%220%22%2F%3E%3C%2Fsvg%3E\" data-srcset=\"https:\/\/i0.wp.com\/poklib.org\/wp-content\/uploads\/2026\/01\/Mah-Jongg-2026-Form-scaled.jpg?resize=200%2C259&amp;quality=88&amp;ssl=1 200w, https:\/\/i0.wp.com\/poklib.org\/wp-content\/uploads\/2026\/01\/Mah-Jongg-2026-Form-scaled.jpg?resize=400%2C518&amp;quality=88&amp;ssl=1 400w, https:\/\/i0.wp.com\/poklib.org\/wp-content\/uploads\/2026\/01\/Mah-Jongg-2026-Form-scaled.jpg?resize=600%2C776&amp;quality=88&amp;ssl=1 600w, https:\/\/i0.wp.com\/poklib.org\/wp-content\/uploads\/2026\/01\/Mah-Jongg-2026-Form-scaled.jpg?resize=768%2C994&amp;quality=88&amp;ssl=1 768w, https:\/\/i0.wp.com\/poklib.org\/wp-content\/uploads\/2026\/01\/Mah-Jongg-2026-Form-scaled.jpg?resize=800%2C1035&amp;quality=88&amp;ssl=1 800w, https:\/\/i0.wp.com\/poklib.org\/wp-content\/uploads\/2026\/01\/Mah-Jongg-2026-Form-scaled.jpg?fit=927%2C1200&amp;quality=88&amp;ssl=1 927w, https:\/\/i0.wp.com\/poklib.org\/wp-content\/uploads\/2026\/01\/Mah-Jongg-2026-Form-scaled.jpg?resize=1187%2C1536&amp;quality=88&amp;ssl=1 1187w, https:\/\/i0.wp.com\/poklib.org\/wp-content\/uploads\/2026\/01\/Mah-Jongg-2026-Form-scaled.jpg?resize=1200%2C1553&amp;quality=88&amp;ssl=1 1200w\" data-sizes=\"auto\" data-orig-sizes=\"(max-width: 1024px) 100vw, (max-width: 640px) 100vw, 400px\" \/><\/span><\/div><div ><a class=\"fusion-button button-flat fusion-button-default-size button-custom fusion-button-default button-1 fusion-button-default-span fusion-button-default-type\" style=\"--awb-margin-top:25px;--button_accent_color:var(--awb-color1);--button_accent_hover_color:var(--awb-color2);--button_border_hover_color:var(--awb-color1);--button_gradient_top_color:var(--awb-color4);--button_gradient_bottom_color:var(--awb-color4);--button_gradient_top_color_hover:var(--awb-color6);--button_gradient_bottom_color_hover:var(--awb-color6);\" target=\"_self\" href=\"https:\/\/poklib.org\/wp-content\/uploads\/2026\/01\/Mah-Jongg-2026-Form.pdf\"><span class=\"fusion-button-text awb-button__text awb-button__text--default\">Descargar formulario de inscripci\u00f3n<\/span><\/a><\/div><\/div><\/div><div class=\"fusion-layout-column fusion_builder_column fusion-builder-column-6 fusion_builder_column_2_3 2_3 fusion-flex-column\" style=\"--awb-bg-size:cover;--awb-width-large:66.6666666667%;--awb-margin-top-large:0px;--awb-spacing-right-large:1.47%;--awb-margin-bottom-large:20px;--awb-spacing-left-large:1.47%;--awb-width-medium:100%;--awb-order-medium:0;--awb-spacing-right-medium:0.98%;--awb-spacing-left-medium:0.98%;--awb-width-small:100%;--awb-order-small:0;--awb-spacing-right-small:0.98%;--awb-spacing-left-small:0.98%;\" data-scroll-devices=\"small-visibility,medium-visibility,large-visibility\"><div class=\"fusion-column-wrapper fusion-column-has-shadow fusion-flex-justify-content-flex-start fusion-content-layout-column\"><div class=\"fusion-title title fusion-title-1 fusion-sep-none fusion-title-text fusion-title-size-two\" style=\"--awb-text-color:var(--awb-color2);--awb-margin-top:0px;--awb-margin-top-small:10px;--awb-margin-right-small:0px;--awb-margin-bottom-small:10px;--awb-margin-left-small:0px;\"><h2 class=\"fusion-title-heading title-heading-left\" style=\"font-family:Arial, Helvetica, sans-serif;font-style:normal;font-weight:700;margin:0;\"><p>Torneo de Mah Jongg de los Amigos del Distrito de la Biblioteca P\u00fablica de Poughkeepsie<br \/>\nS\u00e1bado, 16 de mayo de 2026 de 9:30 a 16:30<\/p><\/h2><\/div><div class=\"fusion-text fusion-text-5\"><p><strong>Fecha:<\/strong> S\u00e1bado, 16 de mayo de 2026 de 9:30 a 16:30<\/p>\n<p><strong>Localizaci\u00f3n:<\/strong> Biblioteca Boardman Road Branch, 141 Boardman Rd., Poughkeepsie, NY<\/p>\n<p><strong>Entrada:<\/strong> 55 $, incluye desayuno continental, comida y juego del torneo. Trae un alimento no perecedero y recibir\u00e1s un boleto gratis para la rifa de un premio. Los art\u00edculos recogidos se donar\u00e1n a Dutchess Outreach.  <\/p>\n<p><strong>Informaci\u00f3n:<\/strong> Barbara Lynch, 845-546-4734 o bslynch56@msn.com<\/p>\n<p><strong>El espacio para mesas es limitado &#8211; las inscripciones deben realizarse antes del 27 de abril de 2026<\/strong><\/p>\n<\/div><\/div><\/div><\/div><\/div><\/p>\n","protected":false},"excerpt":{"rendered":"","protected":false},"author":2,"featured_media":0,"parent":24620,"menu_order":5,"comment_status":"closed","ping_status":"closed","template":"","meta":{"_acf_changed":false,"advanced_seo_description":"","jetpack_seo_html_title":"","jetpack_seo_noindex":false,"footnotes":"","_links_to":"","_links_to_target":""},"class_list":["post-24635","page","type-page","status-publish","hentry"],"acf":[],"publishpress_future_action":{"enabled":false,"date":"2026-04-28 12:16:41","action":"change-status","newStatus":"draft","terms":[],"taxonomy":"translation_priority","extraData":[]},"publishpress_future_workflow_manual_trigger":{"enabledWorkflows":[]},"_links":{"self":[{"href":"https:\/\/poklib.org\/es\/wp-json\/wp\/v2\/pages\/24635","targetHints":{"allow":["GET"]}}],"collection":[{"href":"https:\/\/poklib.org\/es\/wp-json\/wp\/v2\/pages"}],"about":[{"href":"https:\/\/poklib.org\/es\/wp-json\/wp\/v2\/types\/page"}],"author":[{"embeddable":true,"href":"https:\/\/poklib.org\/es\/wp-json\/wp\/v2\/users\/2"}],"replies":[{"embeddable":true,"href":"https:\/\/poklib.org\/es\/wp-json\/wp\/v2\/comments?post=24635"}],"version-history":[{"count":0,"href":"https:\/\/poklib.org\/es\/wp-json\/wp\/v2\/pages\/24635\/revisions"}],"up":[{"embeddable":true,"href":"https:\/\/poklib.org\/es\/wp-json\/wp\/v2\/pages\/24620"}],"wp:attachment":[{"href":"https:\/\/poklib.org\/es\/wp-json\/wp\/v2\/media?parent=24635"}],"curies":[{"name":"wp","href":"https:\/\/api.w.org\/{rel}","templated":true}]}}