{"id":24633,"date":"2013-04-03T10:13:48","date_gmt":"2013-04-03T14:13:48","guid":{"rendered":"https:\/\/poklib.org\/voluntario\/"},"modified":"2026-01-14T13:55:12","modified_gmt":"2026-01-14T18:55:12","slug":"voluntario","status":"publish","type":"page","link":"https:\/\/poklib.org\/es\/su-biblioteca\/voluntario\/","title":{"rendered":"Voluntario"},"content":{"rendered":"<p><div class=\"fusion-fullwidth fullwidth-box fusion-builder-row-1 fusion-flex-container nonhundred-percent-fullwidth non-hundred-percent-height-scrolling\" style=\"--awb-border-radius-top-left:0px;--awb-border-radius-top-right:0px;--awb-border-radius-bottom-right:0px;--awb-border-radius-bottom-left:0px;--awb-flex-wrap:wrap;\" ><div class=\"fusion-builder-row fusion-row fusion-flex-align-items-flex-start fusion-flex-content-wrap\" style=\"max-width:1122px;margin-left: calc(-2% \/ 2 );margin-right: calc(-2% \/ 2 );\"><div class=\"fusion-layout-column fusion_builder_column fusion-builder-column-0 fusion_builder_column_1_1 1_1 fusion-flex-column\" style=\"--awb-bg-size:cover;--awb-width-large:100%;--awb-margin-top-large:0px;--awb-spacing-right-large:0.98%;--awb-margin-bottom-large:20px;--awb-spacing-left-large:0.98%;--awb-width-medium:100%;--awb-spacing-right-medium:0.98%;--awb-spacing-left-medium:0.98%;--awb-width-small:100%;--awb-spacing-right-small:0.98%;--awb-spacing-left-small:0.98%;\"><div class=\"fusion-column-wrapper fusion-column-has-shadow fusion-flex-justify-content-flex-start fusion-content-layout-column\"><div class=\"fusion-separator fusion-full-width-sep\" style=\"align-self: center;margin-left: auto;margin-right: auto;margin-top:05px;margin-bottom:05px;width:100%;\"><\/div><div class=\"fusion-title title fusion-title-1 fusion-title-center fusion-title-text fusion-title-size-one\" style=\"--awb-margin-top-small:10px;--awb-margin-right-small:0px;--awb-margin-bottom-small:10px;--awb-margin-left-small:0px;--awb-sep-color:#b02a45;\"><div class=\"title-sep-container title-sep-container-left\"><div class=\"title-sep sep-double sep-solid\" style=\"border-color:#b02a45;\"><\/div><\/div><span class=\"awb-title-spacer\"><\/span><h1 class=\"fusion-title-heading title-heading-center\" style=\"font-family:Arial, Helvetica, sans-serif;font-style:normal;font-weight:700;margin:0;\">Voluntario<\/h1><span class=\"awb-title-spacer\"><\/span><div class=\"title-sep-container title-sep-container-right\"><div class=\"title-sep sep-double sep-solid\" style=\"border-color:#b02a45;\"><\/div><\/div><\/div><\/div><\/div><\/div><\/div><div class=\"fusion-fullwidth fullwidth-box fusion-builder-row-2 fusion-flex-container nonhundred-percent-fullwidth non-hundred-percent-height-scrolling\" style=\"--awb-border-radius-top-left:0px;--awb-border-radius-top-right:0px;--awb-border-radius-bottom-right:0px;--awb-border-radius-bottom-left:0px;--awb-flex-wrap:wrap;\" ><div class=\"fusion-builder-row fusion-row fusion-flex-align-items-flex-start fusion-flex-content-wrap\" style=\"max-width:1122px;margin-left: calc(-2% \/ 2 );margin-right: calc(-2% \/ 2 );\"><div class=\"fusion-layout-column fusion_builder_column fusion-builder-column-1 fusion_builder_column_1_1 1_1 fusion-flex-column\" style=\"--awb-bg-blend:overlay;--awb-bg-size:cover;--awb-width-large:100%;--awb-margin-top-large:0px;--awb-spacing-right-large:0.98%;--awb-margin-bottom-large:0px;--awb-spacing-left-large:2.352%;--awb-width-medium:100%;--awb-spacing-right-medium:0.98%;--awb-spacing-left-medium:0.98%;--awb-width-small:100%;--awb-spacing-right-small:0.98%;--awb-spacing-left-small:0.98%;\"><div class=\"fusion-column-wrapper fusion-flex-justify-content-flex-start fusion-content-layout-column\"><div class=\"fusion-text fusion-text-1\"><p>Gracias por tu inter\u00e9s en ser voluntario en la biblioteca. Agradecemos tu participaci\u00f3n en nuestro servicio a la comunidad. Los voluntarios del Distrito de Bibliotecas son una importante extensi\u00f3n de nuestro personal y realizan una amplia variedad de tareas importantes para la instituci\u00f3n. Aceptamos voluntarios interesados en tareas espec\u00edficas que se detallan en las <a href=\"https:\/\/poklib.org\/wp-content\/uploads\/2025\/12\/Volunteer-Guidelines-11-5-25.pdf\">Directrices para Voluntarios<\/a>. Por favor, rev\u00edsalas antes de rellenar una <a href=\"https:\/\/poklib.org\/wp-content\/uploads\/2025\/12\/Volunteer-Application-11-25.pdf\">Solicitud de Voluntario<\/a>.    <\/p>\n<p><strong>Voluntariado de corta duraci\u00f3n:<\/strong><\/p>\n<p><strong>Para los adolescentes<\/strong> que necesiten horas de servicio escolar, aceptamos solicitudes para esas citas hasta el 31 de diciembre para el curso acad\u00e9mico que termina en junio. No se tendr\u00e1n en cuenta las solicitudes recibidas despu\u00e9s del 31 de diciembre. Si est\u00e1s interesado en este tipo de nombramiento, lee las <a href=\"https:\/\/poklib.org\/wp-content\/uploads\/2025\/12\/Volunteer-Guidelines-11-5-25.pdf\">Directrices para Voluntarios<\/a> y luego rellena la <a href=\"https:\/\/poklib.org\/wp-content\/uploads\/2025\/12\/Teen-Volunteer-Application-11-5-25.pdf\">Solicitud de Voluntario Ad<\/a>olescente.  <\/p>\n<p><strong>Si<\/strong> buscas oportunidades de voluntariado a corto plazo, consulta la <a href=\"https:\/\/poklib.org\/wp-content\/uploads\/2026\/01\/Short-Term-Volunteers-Desciption-1-14-26.pdf\">Descripci\u00f3n del Voluntariado a Corto Plazo<\/a> y rellena la <a href=\"https:\/\/poklib.org\/wp-content\/uploads\/2026\/01\/Short-Term-Volunteers-Application-and-Report-1-14-26.pdf\">Solicitud de Voluntariado a Corto Plazo<\/a>.<\/p>\n<\/div><\/div><\/div><\/div><\/div><div class=\"fusion-fullwidth fullwidth-box fusion-builder-row-3 fusion-flex-container nonhundred-percent-fullwidth non-hundred-percent-height-scrolling\" style=\"--awb-border-radius-top-left:0px;--awb-border-radius-top-right:0px;--awb-border-radius-bottom-right:0px;--awb-border-radius-bottom-left:0px;--awb-flex-wrap:wrap;\" ><div class=\"fusion-builder-row fusion-row fusion-flex-align-items-flex-start fusion-flex-content-wrap\" style=\"max-width:1122px;margin-left: calc(-2% \/ 2 );margin-right: calc(-2% \/ 2 );\"><div class=\"fusion-layout-column fusion_builder_column fusion-builder-column-2 fusion_builder_column_1_1 1_1 fusion-flex-column\" style=\"--awb-bg-size:cover;--awb-width-large:100%;--awb-margin-top-large:0px;--awb-spacing-right-large:0.98%;--awb-margin-bottom-large:20px;--awb-spacing-left-large:0.98%;--awb-width-medium:100%;--awb-spacing-right-medium:0.98%;--awb-spacing-left-medium:0.98%;--awb-width-small:100%;--awb-spacing-right-small:0.98%;--awb-spacing-left-small:0.98%;\"><div class=\"fusion-column-wrapper fusion-column-has-shadow fusion-flex-justify-content-flex-start fusion-content-layout-column\"><div class=\"fusion-separator fusion-full-width-sep\" style=\"align-self: center;margin-left: auto;margin-right: auto;margin-top:05px;margin-bottom:05px;width:100%;\"><\/div><div class=\"fusion-title title fusion-title-2 fusion-title-center fusion-title-text fusion-title-size-one\" style=\"--awb-margin-top-small:10px;--awb-margin-right-small:0px;--awb-margin-bottom-small:10px;--awb-margin-left-small:0px;--awb-sep-color:#b02a45;\"><div class=\"title-sep-container title-sep-container-left\"><div class=\"title-sep sep-double sep-solid\" style=\"border-color:#b02a45;\"><\/div><\/div><span class=\"awb-title-spacer\"><\/span><h1 class=\"fusion-title-heading title-heading-center\" style=\"font-family:Arial, Helvetica, sans-serif;font-style:normal;font-weight:700;margin:0;\">Dar<\/h1><span class=\"awb-title-spacer\"><\/span><div class=\"title-sep-container title-sep-container-right\"><div class=\"title-sep sep-double sep-solid\" style=\"border-color:#b02a45;\"><\/div><\/div><\/div><\/div><\/div><\/div><\/div><div class=\"fusion-fullwidth fullwidth-box fusion-builder-row-4 fusion-flex-container nonhundred-percent-fullwidth non-hundred-percent-height-scrolling\" style=\"--awb-border-radius-top-left:0px;--awb-border-radius-top-right:0px;--awb-border-radius-bottom-right:0px;--awb-border-radius-bottom-left:0px;--awb-flex-wrap:wrap;\" ><div class=\"fusion-builder-row fusion-row fusion-flex-align-items-flex-start fusion-flex-content-wrap\" style=\"max-width:1122px;margin-left: calc(-2% \/ 2 );margin-right: calc(-2% \/ 2 );\"><div class=\"fusion-layout-column fusion_builder_column fusion-builder-column-3 fusion_builder_column_1_1 1_1 fusion-flex-column\" style=\"--awb-bg-blend:overlay;--awb-bg-size:cover;--awb-width-large:100%;--awb-margin-top-large:0px;--awb-spacing-right-large:0.98%;--awb-margin-bottom-large:0px;--awb-spacing-left-large:2.352%;--awb-width-medium:100%;--awb-spacing-right-medium:0.98%;--awb-spacing-left-medium:0.98%;--awb-width-small:100%;--awb-spacing-right-small:0.98%;--awb-spacing-left-small:0.98%;\"><div class=\"fusion-column-wrapper fusion-flex-justify-content-flex-start fusion-content-layout-column\"><div class=\"fusion-text fusion-text-2\"><p>Sus donaciones son muy apreciadas. Aceptamos donaciones al Distrito de la Biblioteca y al Llamamiento Anual de los Amigos de PPLD a trav\u00e9s de <a href=\"https:\/\/www.paypal.com\/cgi-bin\/webscr?cmd=_s-xclick&amp;hosted_button_id=TEPPJHK8R9EYS&amp;source=url\" target=\"_blank\" rel=\"noopener noreferrer\"><strong>PayPal<\/strong><\/a> (un sitio seguro).<\/p>\n<p>Se aceptan las principales tarjetas de cr\u00e9dito.<br \/>\nNo necesitas una cuenta PayPal para donar.<\/p>\n<p>Para obtener informaci\u00f3n sobre donaciones de libros o medios de comunicaci\u00f3n, haz clic <a href=\"https:\/\/poklib.org\/es\/acerca-de-los-amigos\/donaciones\/\" target=\"_blank\" rel=\"noopener noreferrer\"><strong>aqu\u00ed.<\/strong><\/a><\/p>\n<\/div><\/div><\/div><\/div><\/div><\/p>\n","protected":false},"excerpt":{"rendered":"","protected":false},"author":2,"featured_media":0,"parent":24651,"menu_order":3,"comment_status":"closed","ping_status":"closed","template":"","meta":{"_acf_changed":false,"advanced_seo_description":"","jetpack_seo_html_title":"","jetpack_seo_noindex":false,"footnotes":"","_links_to":"","_links_to_target":""},"class_list":["post-24633","page","type-page","status-publish","hentry"],"acf":[],"publishpress_future_action":{"enabled":false,"date":"2026-04-30 05:17:44","action":"change-status","newStatus":"draft","terms":[],"taxonomy":"translation_priority","extraData":[]},"publishpress_future_workflow_manual_trigger":{"enabledWorkflows":[]},"_links":{"self":[{"href":"https:\/\/poklib.org\/es\/wp-json\/wp\/v2\/pages\/24633","targetHints":{"allow":["GET"]}}],"collection":[{"href":"https:\/\/poklib.org\/es\/wp-json\/wp\/v2\/pages"}],"about":[{"href":"https:\/\/poklib.org\/es\/wp-json\/wp\/v2\/types\/page"}],"author":[{"embeddable":true,"href":"https:\/\/poklib.org\/es\/wp-json\/wp\/v2\/users\/2"}],"replies":[{"embeddable":true,"href":"https:\/\/poklib.org\/es\/wp-json\/wp\/v2\/comments?post=24633"}],"version-history":[{"count":0,"href":"https:\/\/poklib.org\/es\/wp-json\/wp\/v2\/pages\/24633\/revisions"}],"up":[{"embeddable":true,"href":"https:\/\/poklib.org\/es\/wp-json\/wp\/v2\/pages\/24651"}],"wp:attachment":[{"href":"https:\/\/poklib.org\/es\/wp-json\/wp\/v2\/media?parent=24633"}],"curies":[{"name":"wp","href":"https:\/\/api.w.org\/{rel}","templated":true}]}}